{"id":1758,"date":"2023-11-20T13:52:15","date_gmt":"2023-11-20T10:52:15","guid":{"rendered":"https:\/\/www.alausa.lt\/didmenine-prekyba-degalais-ukrainoje\/"},"modified":"2023-11-30T14:05:08","modified_gmt":"2023-11-30T11:05:08","slug":"%d0%be%d0%bf%d1%82%d0%be%d0%b2%d0%b8%d0%b9-%d0%bf%d1%80%d0%be%d0%b4%d0%b0%d0%b6-%d0%bf%d0%b0%d0%bb%d0%b8%d0%b2%d0%b0-%d0%b2-%d1%83%d0%ba%d1%80%d0%b0%d1%97%d0%bd%d1%96","status":"publish","type":"page","link":"https:\/\/www.alausa.lt\/uk\/%d0%be%d0%bf%d1%82%d0%be%d0%b2%d0%b8%d0%b9-%d0%bf%d1%80%d0%be%d0%b4%d0%b0%d0%b6-%d0%bf%d0%b0%d0%bb%d0%b8%d0%b2%d0%b0-%d0%b2-%d1%83%d0%ba%d1%80%d0%b0%d1%97%d0%bd%d1%96\/","title":{"rendered":"\u041e\u043f\u0442\u043e\u0432\u0438\u0439 \u043f\u0440\u043e\u0434\u0430\u0436 \u043f\u0430\u043b\u0438\u0432\u0430 \u0432 \u0423\u043a\u0440\u0430\u0457\u043d\u0456"},"content":{"rendered":"<div class=\"wpb-content-wrapper\"><p>[vc_row][vc_column][vc_column_text]<\/p>\n<p style=\"text-align: center;\">\u0417\u0410\u0422 Alau\u0161a \u0437\u0430\u0439\u043c\u0430\u0454\u0442\u044c\u0441\u044f \u043e\u043f\u0442\u043e\u0432\u043e\u044e \u0442\u043e\u0440\u0433\u0456\u0432\u043b\u0435\u044e \u043d\u0430\u0444\u0442\u043e\u043f\u0440\u043e\u0434\u0443\u043a\u0442\u0430\u043c\u0438 \u0432 \u0423\u043a\u0440\u0430\u0457\u043d\u0456. \u041c\u0438 \u0434\u043e\u0441\u0442\u0430\u0432\u043b\u044f\u0454\u043c\u043e \u043d\u0430\u0444\u0442\u043e\u043f\u0440\u043e\u0434\u0443\u043a\u0442\u0438 \u0432 \u0423\u043a\u0440\u0430\u0457\u043d\u0443 \u0432\u043b\u0430\u0441\u043d\u0438\u043c \u0442\u0440\u0430\u043d\u0441\u043f\u043e\u0440\u0442\u043e\u043c. \u041d\u0430 \u0432\u0438\u043c\u043e\u0433\u0443 \u043a\u043b\u0456\u0454\u043d\u0442\u0430 \u0432\u0456\u043d \u043c\u043e\u0436\u0435 \u0437\u0434\u0456\u0439\u0441\u043d\u0438\u0442\u0438 \u0442\u0440\u0430\u043d\u0441\u043f\u043e\u0440\u0442\u0443\u0432\u0430\u043d\u043d\u044f \u043d\u0430\u0444\u0442\u043e\u043f\u0440\u043e\u0434\u0443\u043a\u0442\u0456\u0432 \u0432\u043b\u0430\u0441\u043d\u0438\u043c \u0442\u0440\u0430\u043d\u0441\u043f\u043e\u0440\u0442\u043e\u043c, \u044f\u043a\u0438\u0439 \u0432\u0456\u0434\u043f\u043e\u0432\u0456\u0434\u0430\u0454 \u0432\u0441\u0456\u043c \u0432\u0438\u043c\u043e\u0433\u0430\u043c \u0449\u043e\u0434\u043e \u043f\u0435\u0440\u0435\u0432\u0435\u0437\u0435\u043d\u043d\u044f \u043d\u0430\u0444\u0442\u043e\u043f\u0440\u043e\u0434\u0443\u043a\u0442\u0456\u0432.<\/p>\n<p style=\"text-align: center;\">\u0417\u0410\u0422 Alau\u0161a \u0440\u0435\u0430\u043b\u0456\u0437\u0443\u0454 \u0432\u0438\u0441\u043e\u043a\u043e\u044f\u043a\u0456\u0441\u043d\u0456 \u043d\u0430\u0444\u0442\u043e\u043f\u0440\u043e\u0434\u0443\u043a\u0442\u0438, \u0449\u043e \u0432\u0456\u0434\u043f\u043e\u0432\u0456\u0434\u0430\u044e\u0442\u044c \u0432\u0438\u043c\u043e\u0433\u0430\u043c \u043a\u0440\u0430\u0457\u043d \u0404\u0432\u0440\u043e\u043f\u0435\u0439\u0441\u044c\u043a\u043e\u0433\u043e \u0421\u043e\u044e\u0437\u0443 \u0442\u0430 \u0456\u043d\u0448\u0438\u0445 \u043a\u043b\u0456\u0454\u043d\u0442\u0456\u0432.<\/p>\n<p>[\/vc_column_text][vc_separator][vc_column_text]<\/p>\n<p style=\"text-align: center;\"><b>\u0417 \u043f\u0438\u0442\u0430\u043d\u044c \u043f\u0440\u0438\u0434\u0431\u0430\u043d\u043d\u044f \u043d\u0430\u0444\u0442\u043e\u043f\u0440\u043e\u0434\u0443\u043a\u0442\u0456\u0432 \u043e\u043f\u0442\u043e\u043c \u0432 \u0423\u043a\u0440\u0430\u0457\u043d\u0456 \u0437\u0432\u0435\u0440\u0442\u0430\u0439\u0442\u0435\u0441\u044c:<\/b><\/p>\n<p style=\"text-align: center;\"><strong>\u041d\u0430\u0442\u0430\u043b\u0456\u044f \u0411\u0440\u0435\u0445\u0443\u043d\u0435\u0446\u044c<\/strong><br \/>\n+370 687 34690<br \/>\n<a href=\"mailto:natalia@alausa.lt\">natalia@alausa.lt<\/a><\/p>\n<p style=\"text-align: center;\"><strong>\u041a\u043e\u043b\u0435\u0449\u0443\u043a \u042e\u0440\u0456\u0439 \u041c\u0438\u0445\u0430\u0439\u043b\u043e\u0432\u0438\u0447<\/strong><br \/>\n+38 095 2863130<br \/>\n<a href=\"mailto:alausa.ua@gmail.com\">alausa.ua@gmail.com<\/a><\/p>\n<p style=\"text-align: center;\">\u0412\u0438 \u0442\u0430\u043a\u043e\u0436 \u043c\u043e\u0436\u0435\u0442\u0435 \u0437\u0432&#8217;\u044f\u0437\u0430\u0442\u0438\u0441\u044f \u0437 \u043d\u0430\u043c\u0438 \u0447\u0435\u0440\u0435\u0437 Viber, Telegram, WhatsAPP.<\/p>\n<p>[\/vc_column_text]<style type=\"text\/css\" data-type=\"the7_shortcodes-inline-css\">.icon-with-text-shortcode.icon-text-id-24b2f5beb72747dd4bc654f0d2432ee2 .text-icon {\n  width: 60px;\n  height: 60px;\n  line-height: 60px;\n  font-size: 24px;\n  border-radius: 200px;\n  margin: 0px 0px 0px 0px;\n}\n.icon-with-text-shortcode.icon-text-id-24b2f5beb72747dd4bc654f0d2432ee2 .text-icon .icon-inner {\n  min-width: 60px;\n  min-height: 60px;\n  border-radius: 200px;\n}\n@media all and (-ms-high-contrast: none) {\n  .icon-with-text-shortcode.icon-text-id-24b2f5beb72747dd4bc654f0d2432ee2 .text-icon .icon-inner {\n    height: 60px;\n  }\n}\n.icon-with-text-shortcode.icon-text-id-24b2f5beb72747dd4bc654f0d2432ee2 .text-icon .dt-hover-icon {\n  line-height: 60px;\n}\n.icon-with-text-shortcode.icon-text-id-24b2f5beb72747dd4bc654f0d2432ee2 .text-icon:before,\n.icon-with-text-shortcode.icon-text-id-24b2f5beb72747dd4bc654f0d2432ee2 .text-icon:after,\n.icon-with-text-shortcode.icon-text-id-24b2f5beb72747dd4bc654f0d2432ee2 .text-icon .icon-inner:before,\n.icon-with-text-shortcode.icon-text-id-24b2f5beb72747dd4bc654f0d2432ee2 .text-icon .icon-inner:after {\n  min-width: 100%;\n  min-height: 100%;\n  padding: inherit;\n  border-radius: inherit;\n}\n.icon-with-text-shortcode.icon-text-id-24b2f5beb72747dd4bc654f0d2432ee2 .text-icon.dt-icon-border-on:before {\n  border-width: 2px;\n  border-style: solid;\n}\n.dt-icon-border-dashed.icon-with-text-shortcode.icon-text-id-24b2f5beb72747dd4bc654f0d2432ee2 .text-icon.dt-icon-border-on:before {\n  border-style: dashed;\n}\n.dt-icon-border-dotted.icon-with-text-shortcode.icon-text-id-24b2f5beb72747dd4bc654f0d2432ee2 .text-icon.dt-icon-border-on:before {\n  border-style: dotted;\n}\n.dt-icon-border-double.icon-with-text-shortcode.icon-text-id-24b2f5beb72747dd4bc654f0d2432ee2 .text-icon.dt-icon-border-on:before {\n  border-style: double;\n}\n.icon-with-text-shortcode.icon-text-id-24b2f5beb72747dd4bc654f0d2432ee2 .text-icon.dt-icon-border-dashed.dt-icon-border-on:before {\n  border-style: dashed;\n}\n.icon-with-text-shortcode.icon-text-id-24b2f5beb72747dd4bc654f0d2432ee2 .text-icon.dt-icon-border-dotted.dt-icon-border-on:before {\n  border-style: dotted;\n}\n.icon-with-text-shortcode.icon-text-id-24b2f5beb72747dd4bc654f0d2432ee2 .text-icon.dt-icon-border-double.dt-icon-border-on:before {\n  border-style: double;\n}\n.icon-with-text-shortcode.icon-text-id-24b2f5beb72747dd4bc654f0d2432ee2 .text-icon.dt-icon-hover-border-on:after {\n  border-width: 2px;\n  border-style: solid;\n}\n.icon-with-text-shortcode.icon-text-id-24b2f5beb72747dd4bc654f0d2432ee2 .text-icon.dt-icon-border-dashed.dt-icon-hover-border-on:after {\n  border-style: dashed;\n}\n.icon-with-text-shortcode.icon-text-id-24b2f5beb72747dd4bc654f0d2432ee2 .text-icon.dt-icon-border-dotted.dt-icon-hover-border-on:after {\n  border-style: dotted;\n}\n.icon-with-text-shortcode.icon-text-id-24b2f5beb72747dd4bc654f0d2432ee2 .text-icon.dt-icon-border-double.dt-icon-hover-border-on:after {\n  border-style: double;\n}\n.icon-with-text-shortcode.icon-text-id-24b2f5beb72747dd4bc654f0d2432ee2 .text-icon.dt-icon-hover-on:hover {\n  font-size: 24px;\n}\n#page .icon-with-text-shortcode.icon-text-id-24b2f5beb72747dd4bc654f0d2432ee2 .text-icon.dt-icon-hover-on:hover .soc-font-icon,\n#phantom .icon-with-text-shortcode.icon-text-id-24b2f5beb72747dd4bc654f0d2432ee2 .text-icon.dt-icon-hover-on:hover .soc-font-icon,\n#page .icon-with-text-shortcode.icon-text-id-24b2f5beb72747dd4bc654f0d2432ee2 .text-icon.dt-icon-hover-on:hover .soc-icon,\n#phantom .icon-with-text-shortcode.icon-text-id-24b2f5beb72747dd4bc654f0d2432ee2 .text-icon.dt-icon-hover-on:hover .soc-icon {\n  color: #fff;\n  background: none;\n}\n#page .icon-with-text-shortcode.icon-text-id-24b2f5beb72747dd4bc654f0d2432ee2 .text-icon.dt-icon-hover-on:not(:hover) .soc-font-icon,\n#phantom .icon-with-text-shortcode.icon-text-id-24b2f5beb72747dd4bc654f0d2432ee2 .text-icon.dt-icon-hover-on:not(:hover) .soc-font-icon,\n#page .icon-with-text-shortcode.icon-text-id-24b2f5beb72747dd4bc654f0d2432ee2 .text-icon.dt-icon-hover-on:not(:hover) .soc-icon,\n#phantom .icon-with-text-shortcode.icon-text-id-24b2f5beb72747dd4bc654f0d2432ee2 .text-icon.dt-icon-hover-on:not(:hover) .soc-icon,\n#page .icon-with-text-shortcode.icon-text-id-24b2f5beb72747dd4bc654f0d2432ee2 .text-icon.dt-icon-hover-off .soc-font-icon,\n#phantom .icon-with-text-shortcode.icon-text-id-24b2f5beb72747dd4bc654f0d2432ee2 .text-icon.dt-icon-hover-off .soc-font-icon,\n#page .icon-with-text-shortcode.icon-text-id-24b2f5beb72747dd4bc654f0d2432ee2 .text-icon.dt-icon-hover-off .soc-icon,\n#phantom .icon-with-text-shortcode.icon-text-id-24b2f5beb72747dd4bc654f0d2432ee2 .text-icon.dt-icon-hover-off .soc-icon {\n  color: #ffffff;\n  background: none;\n}\n.icon-with-text-shortcode.icon-text-id-24b2f5beb72747dd4bc654f0d2432ee2.layout-1 {\n  grid-template-columns: 60px minmax(0,1fr);\n  grid-column-gap: 0px;\n}\n.icon-with-text-shortcode.icon-text-id-24b2f5beb72747dd4bc654f0d2432ee2.layout-2 {\n  grid-template-columns: minmax(0,1fr) 60px;\n  grid-column-gap: 0px;\n}\n.icon-with-text-shortcode.icon-text-id-24b2f5beb72747dd4bc654f0d2432ee2.layout-2 .text-icon {\n  margin-left: 0;\n}\n.icon-with-text-shortcode.icon-text-id-24b2f5beb72747dd4bc654f0d2432ee2.layout-3 {\n  grid-template-columns: 60px minmax(0,1fr);\n}\n.icon-with-text-shortcode.icon-text-id-24b2f5beb72747dd4bc654f0d2432ee2.layout-3 .dt-text-title {\n  margin-left: 0px;\n}\n.icon-with-text-shortcode.icon-text-id-24b2f5beb72747dd4bc654f0d2432ee2 .dt-text-title,\n.icon-with-text-shortcode.icon-text-id-24b2f5beb72747dd4bc654f0d2432ee2 .dt-text-title a {\n  font-weight: bold;\n}\n.icon-with-text-shortcode.icon-text-id-24b2f5beb72747dd4bc654f0d2432ee2 .dt-text-title {\n  margin-bottom: 0px;\n}\n.icon-with-text-shortcode.icon-text-id-24b2f5beb72747dd4bc654f0d2432ee2 .dt-text-desc {\n  margin-bottom: 0px;\n}<\/style><div class=\"icon-with-text-shortcode  icon-text-id-24b2f5beb72747dd4bc654f0d2432ee2 layout-5  \" ><a class=\"block-link anchor-link\"  href=\"https:\/\/alausa.com.ua\" title=\"Alausa UA\" target=\"_blank\"><\/a><a href=\"https:\/\/alausa.com.ua\" title=\"Alausa UA\" target=\"_blank\" class=\"anchor-link text-icon dt-icon-bg-on dt-icon-hover-off\"><span class=\"icon-inner\"><i class=\"dt-regular-icon soc-icon icomoon-the7-font-the7-link-03\"><\/i><i class=\"dt-hover-icon soc-icon icomoon-the7-font-the7-link-03\"><\/i><\/span><\/a><h4 class=\"dt-text-title anchor-link\"><a class=\"anchor-link\"  href=\"https:\/\/alausa.com.ua\" title=\"Alausa UA\" target=\"_blank\">alausa.com.ua<\/a><\/h4><\/div>[vc_single_image image=&#8221;370&#8243; img_size=&#8221;full&#8221; alignment=&#8221;center&#8221; css=&#8221;.vc_custom_1701341953011{margin-top: 50px !important;}&#8221;][\/vc_column][\/vc_row]<\/p>\n<\/div>","protected":false},"excerpt":{"rendered":"<p>[vc_row][vc_column][vc_column_text] \u0417\u0410\u0422 Alau\u0161a \u0437\u0430\u0439\u043c\u0430\u0454\u0442\u044c\u0441\u044f \u043e\u043f\u0442\u043e\u0432\u043e\u044e \u0442\u043e\u0440\u0433\u0456\u0432\u043b\u0435\u044e \u043d\u0430\u0444\u0442\u043e\u043f\u0440\u043e\u0434\u0443\u043a\u0442\u0430\u043c\u0438 \u0432 \u0423\u043a\u0440\u0430\u0457\u043d\u0456. \u041c\u0438 \u0434\u043e\u0441\u0442\u0430\u0432\u043b\u044f\u0454\u043c\u043e \u043d\u0430\u0444\u0442\u043e\u043f\u0440\u043e\u0434\u0443\u043a\u0442\u0438 \u0432 \u0423\u043a\u0440\u0430\u0457\u043d\u0443 \u0432\u043b\u0430\u0441\u043d\u0438\u043c \u0442\u0440\u0430\u043d\u0441\u043f\u043e\u0440\u0442\u043e\u043c. \u041d\u0430 \u0432\u0438\u043c\u043e\u0433\u0443 \u043a\u043b\u0456\u0454\u043d\u0442\u0430 \u0432\u0456\u043d \u043c\u043e\u0436\u0435 \u0437\u0434\u0456\u0439\u0441\u043d\u0438\u0442\u0438 \u0442\u0440\u0430\u043d\u0441\u043f\u043e\u0440\u0442\u0443\u0432\u0430\u043d\u043d\u044f \u043d\u0430\u0444\u0442\u043e\u043f\u0440\u043e\u0434\u0443\u043a\u0442\u0456\u0432 \u0432\u043b\u0430\u0441\u043d\u0438\u043c \u0442\u0440\u0430\u043d\u0441\u043f\u043e\u0440\u0442\u043e\u043c, \u044f\u043a\u0438\u0439 \u0432\u0456\u0434\u043f\u043e\u0432\u0456\u0434\u0430\u0454 \u0432\u0441\u0456\u043c \u0432\u0438\u043c\u043e\u0433\u0430\u043c \u0449\u043e\u0434\u043e \u043f\u0435\u0440\u0435\u0432\u0435\u0437\u0435\u043d\u043d\u044f \u043d\u0430\u0444\u0442\u043e\u043f\u0440\u043e\u0434\u0443\u043a\u0442\u0456\u0432. \u0417\u0410\u0422 Alau\u0161a \u0440\u0435\u0430\u043b\u0456\u0437\u0443\u0454 \u0432\u0438\u0441\u043e\u043a\u043e\u044f\u043a\u0456\u0441\u043d\u0456 \u043d\u0430\u0444\u0442\u043e\u043f\u0440\u043e\u0434\u0443\u043a\u0442\u0438, \u0449\u043e \u0432\u0456\u0434\u043f\u043e\u0432\u0456\u0434\u0430\u044e\u0442\u044c \u0432\u0438\u043c\u043e\u0433\u0430\u043c \u043a\u0440\u0430\u0457\u043d \u0404\u0432\u0440\u043e\u043f\u0435\u0439\u0441\u044c\u043a\u043e\u0433\u043e \u0421\u043e\u044e\u0437\u0443 \u0442\u0430 \u0456\u043d\u0448\u0438\u0445 \u043a\u043b\u0456\u0454\u043d\u0442\u0456\u0432. [\/vc_column_text][vc_separator][vc_column_text] \u0417 \u043f\u0438\u0442\u0430\u043d\u044c \u043f\u0440\u0438\u0434\u0431\u0430\u043d\u043d\u044f \u043d\u0430\u0444\u0442\u043e\u043f\u0440\u043e\u0434\u0443\u043a\u0442\u0456\u0432 \u043e\u043f\u0442\u043e\u043c \u0432 \u0423\u043a\u0440\u0430\u0457\u043d\u0456&hellip;<\/p>\n","protected":false},"author":1,"featured_media":0,"parent":0,"menu_order":0,"comment_status":"closed","ping_status":"closed","template":"","meta":{"footnotes":""},"class_list":["post-1758","page","type-page","status-publish","hentry","description-off"],"yoast_head":"<!-- This site is optimized with the Yoast SEO plugin v27.4 - https:\/\/yoast.com\/product\/yoast-seo-wordpress\/ -->\n<title>\u041e\u043f\u0442\u043e\u0432\u0438\u0439 \u043f\u0440\u043e\u0434\u0430\u0436 \u043f\u0430\u043b\u0438\u0432\u0430 \u0432 \u0423\u043a\u0440\u0430\u0457\u043d\u0456 - Alau\u0161a<\/title>\n<meta name=\"robots\" content=\"index, follow, max-snippet:-1, max-image-preview:large, max-video-preview:-1\" \/>\n<link rel=\"canonical\" href=\"https:\/\/www.alausa.lt\/uk\/\u043e\u043f\u0442\u043e\u0432\u0438\u0439-\u043f\u0440\u043e\u0434\u0430\u0436-\u043f\u0430\u043b\u0438\u0432\u0430-\u0432-\u0443\u043a\u0440\u0430\u0457\u043d\u0456\/\" \/>\n<meta property=\"og:locale\" content=\"uk_UA\" \/>\n<meta property=\"og:type\" content=\"article\" \/>\n<meta property=\"og:title\" content=\"\u041e\u043f\u0442\u043e\u0432\u0438\u0439 \u043f\u0440\u043e\u0434\u0430\u0436 \u043f\u0430\u043b\u0438\u0432\u0430 \u0432 \u0423\u043a\u0440\u0430\u0457\u043d\u0456 - Alau\u0161a\" \/>\n<meta property=\"og:description\" content=\"[vc_row][vc_column][vc_column_text] \u0417\u0410\u0422 Alau\u0161a \u0437\u0430\u0439\u043c\u0430\u0454\u0442\u044c\u0441\u044f \u043e\u043f\u0442\u043e\u0432\u043e\u044e \u0442\u043e\u0440\u0433\u0456\u0432\u043b\u0435\u044e \u043d\u0430\u0444\u0442\u043e\u043f\u0440\u043e\u0434\u0443\u043a\u0442\u0430\u043c\u0438 \u0432 \u0423\u043a\u0440\u0430\u0457\u043d\u0456. \u041c\u0438 \u0434\u043e\u0441\u0442\u0430\u0432\u043b\u044f\u0454\u043c\u043e \u043d\u0430\u0444\u0442\u043e\u043f\u0440\u043e\u0434\u0443\u043a\u0442\u0438 \u0432 \u0423\u043a\u0440\u0430\u0457\u043d\u0443 \u0432\u043b\u0430\u0441\u043d\u0438\u043c \u0442\u0440\u0430\u043d\u0441\u043f\u043e\u0440\u0442\u043e\u043c. \u041d\u0430 \u0432\u0438\u043c\u043e\u0433\u0443 \u043a\u043b\u0456\u0454\u043d\u0442\u0430 \u0432\u0456\u043d \u043c\u043e\u0436\u0435 \u0437\u0434\u0456\u0439\u0441\u043d\u0438\u0442\u0438 \u0442\u0440\u0430\u043d\u0441\u043f\u043e\u0440\u0442\u0443\u0432\u0430\u043d\u043d\u044f \u043d\u0430\u0444\u0442\u043e\u043f\u0440\u043e\u0434\u0443\u043a\u0442\u0456\u0432 \u0432\u043b\u0430\u0441\u043d\u0438\u043c \u0442\u0440\u0430\u043d\u0441\u043f\u043e\u0440\u0442\u043e\u043c, \u044f\u043a\u0438\u0439 \u0432\u0456\u0434\u043f\u043e\u0432\u0456\u0434\u0430\u0454 \u0432\u0441\u0456\u043c \u0432\u0438\u043c\u043e\u0433\u0430\u043c \u0449\u043e\u0434\u043e \u043f\u0435\u0440\u0435\u0432\u0435\u0437\u0435\u043d\u043d\u044f \u043d\u0430\u0444\u0442\u043e\u043f\u0440\u043e\u0434\u0443\u043a\u0442\u0456\u0432. \u0417\u0410\u0422 Alau\u0161a \u0440\u0435\u0430\u043b\u0456\u0437\u0443\u0454 \u0432\u0438\u0441\u043e\u043a\u043e\u044f\u043a\u0456\u0441\u043d\u0456 \u043d\u0430\u0444\u0442\u043e\u043f\u0440\u043e\u0434\u0443\u043a\u0442\u0438, \u0449\u043e \u0432\u0456\u0434\u043f\u043e\u0432\u0456\u0434\u0430\u044e\u0442\u044c \u0432\u0438\u043c\u043e\u0433\u0430\u043c \u043a\u0440\u0430\u0457\u043d \u0404\u0432\u0440\u043e\u043f\u0435\u0439\u0441\u044c\u043a\u043e\u0433\u043e \u0421\u043e\u044e\u0437\u0443 \u0442\u0430 \u0456\u043d\u0448\u0438\u0445 \u043a\u043b\u0456\u0454\u043d\u0442\u0456\u0432. [\/vc_column_text][vc_separator][vc_column_text] \u0417 \u043f\u0438\u0442\u0430\u043d\u044c \u043f\u0440\u0438\u0434\u0431\u0430\u043d\u043d\u044f \u043d\u0430\u0444\u0442\u043e\u043f\u0440\u043e\u0434\u0443\u043a\u0442\u0456\u0432 \u043e\u043f\u0442\u043e\u043c \u0432 \u0423\u043a\u0440\u0430\u0457\u043d\u0456&hellip;\" \/>\n<meta property=\"og:url\" content=\"https:\/\/www.alausa.lt\/uk\/\u043e\u043f\u0442\u043e\u0432\u0438\u0439-\u043f\u0440\u043e\u0434\u0430\u0436-\u043f\u0430\u043b\u0438\u0432\u0430-\u0432-\u0443\u043a\u0440\u0430\u0457\u043d\u0456\/\" \/>\n<meta property=\"og:site_name\" content=\"Alau\u0161a\" \/>\n<meta property=\"article:modified_time\" content=\"2023-11-30T11:05:08+00:00\" \/>\n<meta name=\"twitter:card\" content=\"summary_large_image\" \/>\n<meta name=\"twitter:label1\" content=\"Est. reading time\" \/>\n\t<meta name=\"twitter:data1\" content=\"1 minute\" \/>\n<script type=\"application\/ld+json\" class=\"yoast-schema-graph\">{\"@context\":\"https:\\\/\\\/schema.org\",\"@graph\":[{\"@type\":\"WebPage\",\"@id\":\"https:\\\/\\\/www.alausa.lt\\\/uk\\\/%d0%be%d0%bf%d1%82%d0%be%d0%b2%d0%b8%d0%b9-%d0%bf%d1%80%d0%be%d0%b4%d0%b0%d0%b6-%d0%bf%d0%b0%d0%bb%d0%b8%d0%b2%d0%b0-%d0%b2-%d1%83%d0%ba%d1%80%d0%b0%d1%97%d0%bd%d1%96\\\/\",\"url\":\"https:\\\/\\\/www.alausa.lt\\\/uk\\\/%d0%be%d0%bf%d1%82%d0%be%d0%b2%d0%b8%d0%b9-%d0%bf%d1%80%d0%be%d0%b4%d0%b0%d0%b6-%d0%bf%d0%b0%d0%bb%d0%b8%d0%b2%d0%b0-%d0%b2-%d1%83%d0%ba%d1%80%d0%b0%d1%97%d0%bd%d1%96\\\/\",\"name\":\"\u041e\u043f\u0442\u043e\u0432\u0438\u0439 \u043f\u0440\u043e\u0434\u0430\u0436 \u043f\u0430\u043b\u0438\u0432\u0430 \u0432 \u0423\u043a\u0440\u0430\u0457\u043d\u0456 - Alau\u0161a\",\"isPartOf\":{\"@id\":\"https:\\\/\\\/www.alausa.lt\\\/#website\"},\"datePublished\":\"2023-11-20T10:52:15+00:00\",\"dateModified\":\"2023-11-30T11:05:08+00:00\",\"inLanguage\":\"uk\",\"potentialAction\":[{\"@type\":\"ReadAction\",\"target\":[\"https:\\\/\\\/www.alausa.lt\\\/uk\\\/%d0%be%d0%bf%d1%82%d0%be%d0%b2%d0%b8%d0%b9-%d0%bf%d1%80%d0%be%d0%b4%d0%b0%d0%b6-%d0%bf%d0%b0%d0%bb%d0%b8%d0%b2%d0%b0-%d0%b2-%d1%83%d0%ba%d1%80%d0%b0%d1%97%d0%bd%d1%96\\\/\"]}]},{\"@type\":\"WebSite\",\"@id\":\"https:\\\/\\\/www.alausa.lt\\\/#website\",\"url\":\"https:\\\/\\\/www.alausa.lt\\\/\",\"name\":\"Alau\u0161a\",\"description\":\"Lietuvi\u0161kas degalini\u0173 tinklas\",\"potentialAction\":[{\"@type\":\"SearchAction\",\"target\":{\"@type\":\"EntryPoint\",\"urlTemplate\":\"https:\\\/\\\/www.alausa.lt\\\/?s={search_term_string}\"},\"query-input\":{\"@type\":\"PropertyValueSpecification\",\"valueRequired\":true,\"valueName\":\"search_term_string\"}}],\"inLanguage\":\"uk\"}]}<\/script>\n<!-- \/ Yoast SEO plugin. -->","yoast_head_json":{"title":"\u041e\u043f\u0442\u043e\u0432\u0438\u0439 \u043f\u0440\u043e\u0434\u0430\u0436 \u043f\u0430\u043b\u0438\u0432\u0430 \u0432 \u0423\u043a\u0440\u0430\u0457\u043d\u0456 - Alau\u0161a","robots":{"index":"index","follow":"follow","max-snippet":"max-snippet:-1","max-image-preview":"max-image-preview:large","max-video-preview":"max-video-preview:-1"},"canonical":"https:\/\/www.alausa.lt\/uk\/\u043e\u043f\u0442\u043e\u0432\u0438\u0439-\u043f\u0440\u043e\u0434\u0430\u0436-\u043f\u0430\u043b\u0438\u0432\u0430-\u0432-\u0443\u043a\u0440\u0430\u0457\u043d\u0456\/","og_locale":"uk_UA","og_type":"article","og_title":"\u041e\u043f\u0442\u043e\u0432\u0438\u0439 \u043f\u0440\u043e\u0434\u0430\u0436 \u043f\u0430\u043b\u0438\u0432\u0430 \u0432 \u0423\u043a\u0440\u0430\u0457\u043d\u0456 - Alau\u0161a","og_description":"[vc_row][vc_column][vc_column_text] \u0417\u0410\u0422 Alau\u0161a \u0437\u0430\u0439\u043c\u0430\u0454\u0442\u044c\u0441\u044f \u043e\u043f\u0442\u043e\u0432\u043e\u044e \u0442\u043e\u0440\u0433\u0456\u0432\u043b\u0435\u044e \u043d\u0430\u0444\u0442\u043e\u043f\u0440\u043e\u0434\u0443\u043a\u0442\u0430\u043c\u0438 \u0432 \u0423\u043a\u0440\u0430\u0457\u043d\u0456. \u041c\u0438 \u0434\u043e\u0441\u0442\u0430\u0432\u043b\u044f\u0454\u043c\u043e \u043d\u0430\u0444\u0442\u043e\u043f\u0440\u043e\u0434\u0443\u043a\u0442\u0438 \u0432 \u0423\u043a\u0440\u0430\u0457\u043d\u0443 \u0432\u043b\u0430\u0441\u043d\u0438\u043c \u0442\u0440\u0430\u043d\u0441\u043f\u043e\u0440\u0442\u043e\u043c. \u041d\u0430 \u0432\u0438\u043c\u043e\u0433\u0443 \u043a\u043b\u0456\u0454\u043d\u0442\u0430 \u0432\u0456\u043d \u043c\u043e\u0436\u0435 \u0437\u0434\u0456\u0439\u0441\u043d\u0438\u0442\u0438 \u0442\u0440\u0430\u043d\u0441\u043f\u043e\u0440\u0442\u0443\u0432\u0430\u043d\u043d\u044f \u043d\u0430\u0444\u0442\u043e\u043f\u0440\u043e\u0434\u0443\u043a\u0442\u0456\u0432 \u0432\u043b\u0430\u0441\u043d\u0438\u043c \u0442\u0440\u0430\u043d\u0441\u043f\u043e\u0440\u0442\u043e\u043c, \u044f\u043a\u0438\u0439 \u0432\u0456\u0434\u043f\u043e\u0432\u0456\u0434\u0430\u0454 \u0432\u0441\u0456\u043c \u0432\u0438\u043c\u043e\u0433\u0430\u043c \u0449\u043e\u0434\u043e \u043f\u0435\u0440\u0435\u0432\u0435\u0437\u0435\u043d\u043d\u044f \u043d\u0430\u0444\u0442\u043e\u043f\u0440\u043e\u0434\u0443\u043a\u0442\u0456\u0432. \u0417\u0410\u0422 Alau\u0161a \u0440\u0435\u0430\u043b\u0456\u0437\u0443\u0454 \u0432\u0438\u0441\u043e\u043a\u043e\u044f\u043a\u0456\u0441\u043d\u0456 \u043d\u0430\u0444\u0442\u043e\u043f\u0440\u043e\u0434\u0443\u043a\u0442\u0438, \u0449\u043e \u0432\u0456\u0434\u043f\u043e\u0432\u0456\u0434\u0430\u044e\u0442\u044c \u0432\u0438\u043c\u043e\u0433\u0430\u043c \u043a\u0440\u0430\u0457\u043d \u0404\u0432\u0440\u043e\u043f\u0435\u0439\u0441\u044c\u043a\u043e\u0433\u043e \u0421\u043e\u044e\u0437\u0443 \u0442\u0430 \u0456\u043d\u0448\u0438\u0445 \u043a\u043b\u0456\u0454\u043d\u0442\u0456\u0432. [\/vc_column_text][vc_separator][vc_column_text] \u0417 \u043f\u0438\u0442\u0430\u043d\u044c \u043f\u0440\u0438\u0434\u0431\u0430\u043d\u043d\u044f \u043d\u0430\u0444\u0442\u043e\u043f\u0440\u043e\u0434\u0443\u043a\u0442\u0456\u0432 \u043e\u043f\u0442\u043e\u043c \u0432 \u0423\u043a\u0440\u0430\u0457\u043d\u0456&hellip;","og_url":"https:\/\/www.alausa.lt\/uk\/\u043e\u043f\u0442\u043e\u0432\u0438\u0439-\u043f\u0440\u043e\u0434\u0430\u0436-\u043f\u0430\u043b\u0438\u0432\u0430-\u0432-\u0443\u043a\u0440\u0430\u0457\u043d\u0456\/","og_site_name":"Alau\u0161a","article_modified_time":"2023-11-30T11:05:08+00:00","twitter_card":"summary_large_image","twitter_misc":{"Est. reading time":"1 minute"},"schema":{"@context":"https:\/\/schema.org","@graph":[{"@type":"WebPage","@id":"https:\/\/www.alausa.lt\/uk\/%d0%be%d0%bf%d1%82%d0%be%d0%b2%d0%b8%d0%b9-%d0%bf%d1%80%d0%be%d0%b4%d0%b0%d0%b6-%d0%bf%d0%b0%d0%bb%d0%b8%d0%b2%d0%b0-%d0%b2-%d1%83%d0%ba%d1%80%d0%b0%d1%97%d0%bd%d1%96\/","url":"https:\/\/www.alausa.lt\/uk\/%d0%be%d0%bf%d1%82%d0%be%d0%b2%d0%b8%d0%b9-%d0%bf%d1%80%d0%be%d0%b4%d0%b0%d0%b6-%d0%bf%d0%b0%d0%bb%d0%b8%d0%b2%d0%b0-%d0%b2-%d1%83%d0%ba%d1%80%d0%b0%d1%97%d0%bd%d1%96\/","name":"\u041e\u043f\u0442\u043e\u0432\u0438\u0439 \u043f\u0440\u043e\u0434\u0430\u0436 \u043f\u0430\u043b\u0438\u0432\u0430 \u0432 \u0423\u043a\u0440\u0430\u0457\u043d\u0456 - Alau\u0161a","isPartOf":{"@id":"https:\/\/www.alausa.lt\/#website"},"datePublished":"2023-11-20T10:52:15+00:00","dateModified":"2023-11-30T11:05:08+00:00","inLanguage":"uk","potentialAction":[{"@type":"ReadAction","target":["https:\/\/www.alausa.lt\/uk\/%d0%be%d0%bf%d1%82%d0%be%d0%b2%d0%b8%d0%b9-%d0%bf%d1%80%d0%be%d0%b4%d0%b0%d0%b6-%d0%bf%d0%b0%d0%bb%d0%b8%d0%b2%d0%b0-%d0%b2-%d1%83%d0%ba%d1%80%d0%b0%d1%97%d0%bd%d1%96\/"]}]},{"@type":"WebSite","@id":"https:\/\/www.alausa.lt\/#website","url":"https:\/\/www.alausa.lt\/","name":"Alau\u0161a","description":"Lietuvi\u0161kas degalini\u0173 tinklas","potentialAction":[{"@type":"SearchAction","target":{"@type":"EntryPoint","urlTemplate":"https:\/\/www.alausa.lt\/?s={search_term_string}"},"query-input":{"@type":"PropertyValueSpecification","valueRequired":true,"valueName":"search_term_string"}}],"inLanguage":"uk"}]}},"_links":{"self":[{"href":"https:\/\/www.alausa.lt\/uk\/wp-json\/wp\/v2\/pages\/1758","targetHints":{"allow":["GET"]}}],"collection":[{"href":"https:\/\/www.alausa.lt\/uk\/wp-json\/wp\/v2\/pages"}],"about":[{"href":"https:\/\/www.alausa.lt\/uk\/wp-json\/wp\/v2\/types\/page"}],"author":[{"embeddable":true,"href":"https:\/\/www.alausa.lt\/uk\/wp-json\/wp\/v2\/users\/1"}],"replies":[{"embeddable":true,"href":"https:\/\/www.alausa.lt\/uk\/wp-json\/wp\/v2\/comments?post=1758"}],"version-history":[{"count":4,"href":"https:\/\/www.alausa.lt\/uk\/wp-json\/wp\/v2\/pages\/1758\/revisions"}],"predecessor-version":[{"id":1768,"href":"https:\/\/www.alausa.lt\/uk\/wp-json\/wp\/v2\/pages\/1758\/revisions\/1768"}],"wp:attachment":[{"href":"https:\/\/www.alausa.lt\/uk\/wp-json\/wp\/v2\/media?parent=1758"}],"curies":[{"name":"wp","href":"https:\/\/api.w.org\/{rel}","templated":true}]}}