{"id":1516,"date":"2019-10-01T20:40:39","date_gmt":"2019-10-01T17:40:39","guid":{"rendered":"http:\/\/www.alausa.lt\/pradzia\/"},"modified":"2026-01-15T14:36:25","modified_gmt":"2026-01-15T11:36:25","slug":"pradzia","status":"publish","type":"page","link":"https:\/\/www.alausa.lt\/uk\/","title":{"rendered":"Prad\u017eia"},"content":{"rendered":"<div class=\"wpb-content-wrapper\"><p>[vc_row full_width=&#8221;stretch_row_content_no_spaces&#8221; css=&#8221;.vc_custom_1583144847940{margin-top: -70px !important;margin-bottom: 70px !important;}&#8221;][vc_column][\/vc_column][\/vc_row][vc_row full_width=&#8221;stretch_row&#8221; css=&#8221;.vc_custom_1684326149547{margin-top: -70px !important;margin-bottom: 0px !important;border-bottom-width: 50px !important;padding-top: 20px !important;background-color: #f7f7f7 !important;}&#8221;][vc_column][vc_custom_heading text=&#8221;\u041f\u0440\u043e \u043d\u0430\u0441&#8221; font_container=&#8221;tag:h2|text_align:center|color:%23121936&#8243; use_theme_fonts=&#8221;yes&#8221;][vc_row_inner css=&#8221;.vc_custom_1575722732663{margin-top: 50px !important;margin-bottom: 20px !important;}&#8221;][vc_column_inner width=&#8221;1\/3&#8243;][vc_single_image image=&#8221;1455&#8243; img_size=&#8221;full&#8221; alignment=&#8221;center&#8221; onclick=&#8221;custom_link&#8221; image_hovers=&#8221;false&#8221; link=&#8221;http:\/\/www.alausa.lt\/degalines\/&#8221;][vc_custom_heading text=&#8221;\u041c\u0435\u0440\u0435\u0436\u0430 \u0410\u0417\u0421&#8221; font_container=&#8221;tag:h3|text_align:center|color:%23121936&#8243; use_theme_fonts=&#8221;yes&#8221; link=&#8221;url:https%3A%2F%2Fwww.alausa.lt%2Fuk%2F%25d0%25b0%25d0%25b2%25d1%2582%25d0%25be%25d0%25b7%25d0%25b0%25d0%25bf%25d1%2580%25d0%25b0%25d0%25b2%25d0%25bd%25d1%2596-%25d1%2581%25d1%2582%25d0%25b0%25d0%25bd%25d1%2586%25d1%2596%25d1%2597%2F|title:Degalin%C4%97s&#8221;][vc_column_text css=&#8221;&#8221;]<\/p>\n<p style=\"text-align: center;\">\u041c\u0435\u0440\u0435\u0436\u0430 \u0437 100+ \u0430\u0432\u0442\u043e\u0437\u0430\u043f\u0440\u0430\u0432\u043d\u0438\u0445 \u0441\u0442\u0430\u043d\u0446\u0456\u0439<\/p>\n<p>[\/vc_column_text][\/vc_column_inner][vc_column_inner width=&#8221;1\/3&#8243;][vc_single_image image=&#8221;1456&#8243; img_size=&#8221;full&#8221; alignment=&#8221;center&#8221; onclick=&#8221;custom_link&#8221; image_hovers=&#8221;false&#8221; link=&#8221;http:\/\/www.alausa.lt\/didmenine-prekyba\/&#8221;][vc_custom_heading text=&#8221;\u0413\u0443\u0440\u0442\u043e\u0432\u0430 \u0442\u043e\u0440\u0433\u0456\u0432\u043b\u044f&#8221; font_container=&#8221;tag:h3|text_align:center|color:%23121936&#8243; use_theme_fonts=&#8221;yes&#8221; link=&#8221;url:https%3A%2F%2Fwww.alausa.lt%2Fuk%2F%25d0%25b3%25d1%2583%25d1%2580%25d1%2582%25d0%25be%25d0%25b2%25d0%25b0-%25d1%2582%25d0%25be%25d1%2580%25d0%25b3%25d1%2596%25d0%25b2%25d0%25bb%25d1%258f%2F|title:Degalin%C4%97s&#8221;][vc_column_text]<\/p>\n<p style=\"text-align: center;\">\u0417\u0434\u0456\u0439\u0441\u043d\u044e\u0454\u043c\u043e \u0433\u0443\u0440\u0442\u043e\u0432\u0443 \u0442\u043e\u0440\u0433\u0456\u0432\u043b\u044e \u043d\u0430\u0444\u0442\u043e\u043f\u0440\u043e\u0434\u0443\u043a\u0442\u0430\u043c\u0438<\/p>\n<p>[\/vc_column_text][\/vc_column_inner][vc_column_inner width=&#8221;1\/3&#8243;][vc_single_image image=&#8221;1463&#8243; img_size=&#8221;full&#8221; alignment=&#8221;center&#8221; onclick=&#8221;custom_link&#8221; image_hovers=&#8221;false&#8221; link=&#8221;http:\/\/www.alausa.lt\/didmenine-prekyba\/&#8221;][vc_custom_heading text=&#8221;\u041f\u0435\u0440\u0435\u0432\u0435\u0437\u0435\u043d\u043d\u044f \u043d\u0430\u0444\u0442\u043e\u043f\u0440\u043e\u0434\u0443\u043a\u0442\u0456\u0432&#8221; font_container=&#8221;tag:h3|text_align:center|color:%23121936&#8243; use_theme_fonts=&#8221;yes&#8221; link=&#8221;url:https%3A%2F%2Fwww.alausa.lt%2Fuk%2F%25d0%25b3%25d1%2583%25d1%2580%25d1%2582%25d0%25be%25d0%25b2%25d0%25b0-%25d1%2582%25d0%25be%25d1%2580%25d0%25b3%25d1%2596%25d0%25b2%25d0%25bb%25d1%258f%2F&#8221;][vc_column_text]<\/p>\n<p style=\"text-align: center;\">\u0414\u043b\u044f \u043f\u0435\u0440\u0435\u0432\u0435\u0437\u0435\u043d\u043d\u044f \u0432\u0438\u043a\u043e\u0440\u0438\u0441\u0442\u043e\u0432\u0443\u044e\u0442\u044c\u0441\u044f \u0441\u043f\u0435\u0446\u0456\u0430\u043b\u044c\u043d\u0456 \u0430\u0432\u0442\u043e\u0446\u0438\u0441\u0442\u0435\u0440\u043d\u0438<\/p>\n<p>[\/vc_column_text][\/vc_column_inner][\/vc_row_inner][\/vc_column][\/vc_row][vc_row full_width=&#8221;stretch_row&#8221; content_placement=&#8221;middle&#8221; bg_type=&#8221;image&#8221; parallax_style=&#8221;vcpb-default&#8221; bg_image_new=&#8221;id^57|url^http:\/\/alausa.lt\/wp-content\/uploads\/2019\/10\/hero-new.jpg|caption^null|alt^null|title^hero-new|description^null&#8221; bg_image_repeat=&#8221;no-repeat&#8221; parallax_content=&#8221;parallax_content_value&#8221; enable_overlay=&#8221;enable_overlay_value&#8221; overlay_color=&#8221;rgba(18,25,54,0.82)&#8221; css=&#8221;.vc_custom_1575722692584{margin-top: 0px !important;padding-top: 140px !important;padding-bottom: 100px !important;}&#8221;][vc_column][vc_custom_heading text=&#8221;Alau\u0161a &#8211; \u0434\u043e\u0441\u0432\u0456\u0434 \u0440\u043e\u0431\u043e\u0442\u0438 \u0437 1990 \u0440\u043e\u043a\u0443!&#8221; font_container=&#8221;tag:h2|text_align:center|color:%23ffffff&#8221; use_theme_fonts=&#8221;yes&#8221;][vc_row_inner css=&#8221;.vc_custom_1571052028603{margin-top: 100px !important;}&#8221;][vc_column_inner width=&#8221;1\/3&#8243;][vc_custom_heading text=&#8221;35+&#8221; font_container=&#8221;tag:h2|font_size:52|text_align:center|color:%2384dade&#8221; use_theme_fonts=&#8221;yes&#8221; css=&#8221;&#8221;][vc_column_text el_class=&#8221;white&#8221;]<\/p>\n<p style=\"text-align: center;\">\u0440\u043e\u043a\u0456\u0432 \u0434\u043e\u0441\u0432\u0456\u0434\u0443<\/p>\n<p>[\/vc_column_text][\/vc_column_inner][vc_column_inner width=&#8221;1\/3&#8243;][vc_custom_heading text=&#8221;160+&#8221; font_container=&#8221;tag:h2|font_size:52|text_align:center|color:%2384dade&#8221; use_theme_fonts=&#8221;yes&#8221;][vc_column_text el_class=&#8221;white&#8221;]<\/p>\n<p style=\"text-align: center;\">\u0441\u043f\u0456\u0432\u0440\u043e\u0431\u0456\u0442\u043d\u0438\u043a\u0456\u0432<\/p>\n<p>[\/vc_column_text][\/vc_column_inner][vc_column_inner width=&#8221;1\/3&#8243;][vc_custom_heading text=&#8221;100+&#8221; font_container=&#8221;tag:h2|font_size:52|text_align:center|color:%2384dade&#8221; use_theme_fonts=&#8221;yes&#8221; css=&#8221;&#8221;][vc_column_text el_class=&#8221;white&#8221;]<\/p>\n<p style=\"text-align: center;\">\u043c\u0435\u0440\u0435\u0436\u0430 \u043f\u043e\u043d\u0430\u0434 95 \u043b\u0438\u0442\u043e\u0432\u0441\u044c\u043a\u0438\u0445 \u0410\u0417\u0421<\/p>\n<p>[\/vc_column_text][\/vc_column_inner][\/vc_row_inner][\/vc_column][\/vc_row][vc_row][vc_column][vc_custom_heading text=&#8221;\u041d\u0430 \u043d\u0430\u0448\u0438\u0445 \u0430\u0432\u0442\u043e\u0437\u0430\u043f\u0440\u0430\u0432\u043a\u0430\u0445 \u0412\u0438 \u0437\u043d\u0430\u0439\u0434\u0435\u0442\u0435&#8221; font_container=&#8221;tag:h2|text_align:center|color:%23121936&#8243; use_theme_fonts=&#8221;yes&#8221;][vc_row_inner css=&#8221;.vc_custom_1571052897262{margin-top: 60px !important;}&#8221;][vc_column_inner width=&#8221;1\/3&#8243;][vc_single_image image=&#8221;1447&#8243; img_size=&#8221;full&#8221; alignment=&#8221;center&#8221;][vc_custom_heading text=&#8221;\u041a\u0430\u0432\u0443&#8221; font_container=&#8221;tag:p|font_size:24|text_align:center|color:%23121936&#8243; use_theme_fonts=&#8221;yes&#8221;][\/vc_column_inner][vc_column_inner width=&#8221;1\/3&#8243;][vc_single_image image=&#8221;1449&#8243; img_size=&#8221;full&#8221; alignment=&#8221;center&#8221;][vc_custom_heading text=&#8221;\u0422\u0435\u043f\u043b\u0456 \u0437\u0430\u043a\u0443\u0441\u043a\u0438&#8221; font_container=&#8221;tag:p|font_size:24|text_align:center|color:%23121936&#8243; use_theme_fonts=&#8221;yes&#8221;][\/vc_column_inner][vc_column_inner width=&#8221;1\/3&#8243;][vc_single_image image=&#8221;1450&#8243; img_size=&#8221;full&#8221; alignment=&#8221;center&#8221;][vc_custom_heading text=&#8221;\u041c\u0430\u0433\u0430\u0437\u0438\u043d&#8221; font_container=&#8221;tag:p|font_size:24|text_align:center|color:%23121936&#8243; use_theme_fonts=&#8221;yes&#8221;][\/vc_column_inner][\/vc_row_inner][vc_row_inner css=&#8221;.vc_custom_1571052028603{margin-top: 100px !important;}&#8221;][vc_column_inner width=&#8221;1\/3&#8243;][vc_single_image image=&#8221;1453&#8243; img_size=&#8221;full&#8221; alignment=&#8221;center&#8221;][vc_custom_heading text=&#8221;Wi-Fi \u0434\u043e\u0441\u0442\u0443\u043f&#8221; font_container=&#8221;tag:p|font_size:24|text_align:center|color:%23121936&#8243; use_theme_fonts=&#8221;yes&#8221;][\/vc_column_inner][vc_column_inner width=&#8221;1\/3&#8243;][vc_single_image image=&#8221;1448&#8243; img_size=&#8221;full&#8221; alignment=&#8221;center&#8221;][vc_custom_heading text=&#8221;\u041c\u0438\u0439\u043a\u0443&#8221; font_container=&#8221;tag:p|font_size:24|text_align:center|color:%23121936&#8243; use_theme_fonts=&#8221;yes&#8221;][\/vc_column_inner][vc_column_inner width=&#8221;1\/3&#8243;][vc_single_image image=&#8221;1454&#8243; img_size=&#8221;full&#8221; alignment=&#8221;center&#8221;][vc_custom_heading text=&#8221;\u0422\u0443\u0430\u043b\u0435\u0442&#8221; font_container=&#8221;tag:p|font_size:24|text_align:center|color:%23121936&#8243; use_theme_fonts=&#8221;yes&#8221;][\/vc_column_inner][\/vc_row_inner][\/vc_column][\/vc_row]<\/p>\n<\/div>","protected":false},"excerpt":{"rendered":"<p>[vc_row full_width=&#8221;stretch_row_content_no_spaces&#8221; css=&#8221;.vc_custom_1583144847940{margin-top: -70px !important;margin-bottom: 70px !important;}&#8221;][vc_column][\/vc_column][\/vc_row][vc_row full_width=&#8221;stretch_row&#8221; css=&#8221;.vc_custom_1684326149547{margin-top: -70px !important;margin-bottom: 0px !important;border-bottom-width: 50px !important;padding-top: 20px !important;background-color: #f7f7f7 !important;}&#8221;][vc_column][vc_custom_heading text=&#8221;\u041f\u0440\u043e \u043d\u0430\u0441&#8221; font_container=&#8221;tag:h2|text_align:center|color:%23121936&#8243; use_theme_fonts=&#8221;yes&#8221;][vc_row_inner css=&#8221;.vc_custom_1575722732663{margin-top: 50px !important;margin-bottom: 20px !important;}&#8221;][vc_column_inner width=&#8221;1\/3&#8243;][vc_single_image image=&#8221;1455&#8243; img_size=&#8221;full&#8221; alignment=&#8221;center&#8221; onclick=&#8221;custom_link&#8221; image_hovers=&#8221;false&#8221; link=&#8221;http:\/\/www.alausa.lt\/degalines\/&#8221;][vc_custom_heading text=&#8221;\u041c\u0435\u0440\u0435\u0436\u0430 \u0410\u0417\u0421&#8221; font_container=&#8221;tag:h3|text_align:center|color:%23121936&#8243; use_theme_fonts=&#8221;yes&#8221; link=&#8221;url:https%3A%2F%2Fwww.alausa.lt%2Fuk%2F%25d0%25b0%25d0%25b2%25d1%2582%25d0%25be%25d0%25b7%25d0%25b0%25d0%25bf%25d1%2580%25d0%25b0%25d0%25b2%25d0%25bd%25d1%2596-%25d1%2581%25d1%2582%25d0%25b0%25d0%25bd%25d1%2586%25d1%2596%25d1%2597%2F|title:Degalin%C4%97s&#8221;][vc_column_text css=&#8221;&#8221;] \u041c\u0435\u0440\u0435\u0436\u0430 \u0437 100+ \u0430\u0432\u0442\u043e\u0437\u0430\u043f\u0440\u0430\u0432\u043d\u0438\u0445 \u0441\u0442\u0430\u043d\u0446\u0456\u0439 [\/vc_column_text][\/vc_column_inner][vc_column_inner width=&#8221;1\/3&#8243;][vc_single_image image=&#8221;1456&#8243; img_size=&#8221;full&#8221; alignment=&#8221;center&#8221; onclick=&#8221;custom_link&#8221; image_hovers=&#8221;false&#8221; link=&#8221;http:\/\/www.alausa.lt\/didmenine-prekyba\/&#8221;][vc_custom_heading text=&#8221;\u0413\u0443\u0440\u0442\u043e\u0432\u0430&hellip;<\/p>\n","protected":false},"author":1,"featured_media":1342,"parent":0,"menu_order":38,"comment_status":"closed","ping_status":"closed","template":"","meta":{"footnotes":""},"class_list":["post-1516","page","type-page","status-publish","has-post-thumbnail","hentry","description-off"],"yoast_head":"<!-- This site is optimized with the Yoast SEO plugin v27.4 - https:\/\/yoast.com\/product\/yoast-seo-wordpress\/ -->\n<title>Lietuvi\u0161kas degalini\u0173 tinklas \u201eAlau\u0161a\u201c<\/title>\n<meta name=\"description\" content=\"Daugiau nei 80 degalini\u0173 tinklas \u012fvairiose Lietuvos vietov\u0117se. Taip pat vykdome didmenin\u0119 prekyb\u0105 naftos produktais bei j\u0173 perve\u017eimus.\" \/>\n<meta name=\"robots\" content=\"index, follow, max-snippet:-1, max-image-preview:large, max-video-preview:-1\" \/>\n<link rel=\"canonical\" href=\"https:\/\/www.alausa.lt\/uk\/\" \/>\n<meta property=\"og:locale\" content=\"uk_UA\" \/>\n<meta property=\"og:type\" content=\"article\" \/>\n<meta property=\"og:title\" content=\"Lietuvi\u0161kas degalini\u0173 tinklas \u201eAlau\u0161a\u201c\" \/>\n<meta property=\"og:description\" content=\"Daugiau nei 80 degalini\u0173 tinklas \u012fvairiose Lietuvos vietov\u0117se. Taip pat vykdome didmenin\u0119 prekyb\u0105 naftos produktais bei j\u0173 perve\u017eimus.\" \/>\n<meta property=\"og:url\" content=\"https:\/\/www.alausa.lt\/uk\/\" \/>\n<meta property=\"og:site_name\" content=\"Alau\u0161a\" \/>\n<meta property=\"article:modified_time\" content=\"2026-01-15T11:36:25+00:00\" \/>\n<meta property=\"og:image\" content=\"https:\/\/www.alausa.lt\/wp-content\/uploads\/2019\/10\/hero-new.jpg\" \/>\n\t<meta property=\"og:image:width\" content=\"1920\" \/>\n\t<meta property=\"og:image:height\" content=\"1080\" \/>\n\t<meta property=\"og:image:type\" content=\"image\/jpeg\" \/>\n<meta name=\"twitter:card\" content=\"summary_large_image\" \/>\n<meta name=\"twitter:label1\" content=\"Est. reading time\" \/>\n\t<meta name=\"twitter:data1\" content=\"3 minutes\" \/>\n<script type=\"application\/ld+json\" class=\"yoast-schema-graph\">{\"@context\":\"https:\\\/\\\/schema.org\",\"@graph\":[{\"@type\":\"WebPage\",\"@id\":\"https:\\\/\\\/www.alausa.lt\\\/uk\\\/\",\"url\":\"https:\\\/\\\/www.alausa.lt\\\/uk\\\/\",\"name\":\"Lietuvi\u0161kas degalini\u0173 tinklas \u201eAlau\u0161a\u201c\",\"isPartOf\":{\"@id\":\"https:\\\/\\\/www.alausa.lt\\\/#website\"},\"primaryImageOfPage\":{\"@id\":\"https:\\\/\\\/www.alausa.lt\\\/uk\\\/#primaryimage\"},\"image\":{\"@id\":\"https:\\\/\\\/www.alausa.lt\\\/uk\\\/#primaryimage\"},\"thumbnailUrl\":\"https:\\\/\\\/www.alausa.lt\\\/wp-content\\\/uploads\\\/2019\\\/10\\\/hero-new.jpg\",\"datePublished\":\"2019-10-01T17:40:39+00:00\",\"dateModified\":\"2026-01-15T11:36:25+00:00\",\"description\":\"Daugiau nei 80 degalini\u0173 tinklas \u012fvairiose Lietuvos vietov\u0117se. Taip pat vykdome didmenin\u0119 prekyb\u0105 naftos produktais bei j\u0173 perve\u017eimus.\",\"inLanguage\":\"uk\",\"potentialAction\":[{\"@type\":\"ReadAction\",\"target\":[\"https:\\\/\\\/www.alausa.lt\\\/uk\\\/\"]}]},{\"@type\":\"ImageObject\",\"inLanguage\":\"uk\",\"@id\":\"https:\\\/\\\/www.alausa.lt\\\/uk\\\/#primaryimage\",\"url\":\"https:\\\/\\\/www.alausa.lt\\\/wp-content\\\/uploads\\\/2019\\\/10\\\/hero-new.jpg\",\"contentUrl\":\"https:\\\/\\\/www.alausa.lt\\\/wp-content\\\/uploads\\\/2019\\\/10\\\/hero-new.jpg\",\"width\":1920,\"height\":1080},{\"@type\":\"WebSite\",\"@id\":\"https:\\\/\\\/www.alausa.lt\\\/#website\",\"url\":\"https:\\\/\\\/www.alausa.lt\\\/\",\"name\":\"Alau\u0161a\",\"description\":\"Lietuvi\u0161kas degalini\u0173 tinklas\",\"potentialAction\":[{\"@type\":\"SearchAction\",\"target\":{\"@type\":\"EntryPoint\",\"urlTemplate\":\"https:\\\/\\\/www.alausa.lt\\\/?s={search_term_string}\"},\"query-input\":{\"@type\":\"PropertyValueSpecification\",\"valueRequired\":true,\"valueName\":\"search_term_string\"}}],\"inLanguage\":\"uk\"}]}<\/script>\n<!-- \/ Yoast SEO plugin. -->","yoast_head_json":{"title":"Lietuvi\u0161kas degalini\u0173 tinklas \u201eAlau\u0161a\u201c","description":"Daugiau nei 80 degalini\u0173 tinklas \u012fvairiose Lietuvos vietov\u0117se. Taip pat vykdome didmenin\u0119 prekyb\u0105 naftos produktais bei j\u0173 perve\u017eimus.","robots":{"index":"index","follow":"follow","max-snippet":"max-snippet:-1","max-image-preview":"max-image-preview:large","max-video-preview":"max-video-preview:-1"},"canonical":"https:\/\/www.alausa.lt\/uk\/","og_locale":"uk_UA","og_type":"article","og_title":"Lietuvi\u0161kas degalini\u0173 tinklas \u201eAlau\u0161a\u201c","og_description":"Daugiau nei 80 degalini\u0173 tinklas \u012fvairiose Lietuvos vietov\u0117se. Taip pat vykdome didmenin\u0119 prekyb\u0105 naftos produktais bei j\u0173 perve\u017eimus.","og_url":"https:\/\/www.alausa.lt\/uk\/","og_site_name":"Alau\u0161a","article_modified_time":"2026-01-15T11:36:25+00:00","og_image":[{"width":1920,"height":1080,"url":"https:\/\/www.alausa.lt\/wp-content\/uploads\/2019\/10\/hero-new.jpg","type":"image\/jpeg"}],"twitter_card":"summary_large_image","twitter_misc":{"Est. reading time":"3 minutes"},"schema":{"@context":"https:\/\/schema.org","@graph":[{"@type":"WebPage","@id":"https:\/\/www.alausa.lt\/uk\/","url":"https:\/\/www.alausa.lt\/uk\/","name":"Lietuvi\u0161kas degalini\u0173 tinklas \u201eAlau\u0161a\u201c","isPartOf":{"@id":"https:\/\/www.alausa.lt\/#website"},"primaryImageOfPage":{"@id":"https:\/\/www.alausa.lt\/uk\/#primaryimage"},"image":{"@id":"https:\/\/www.alausa.lt\/uk\/#primaryimage"},"thumbnailUrl":"https:\/\/www.alausa.lt\/wp-content\/uploads\/2019\/10\/hero-new.jpg","datePublished":"2019-10-01T17:40:39+00:00","dateModified":"2026-01-15T11:36:25+00:00","description":"Daugiau nei 80 degalini\u0173 tinklas \u012fvairiose Lietuvos vietov\u0117se. Taip pat vykdome didmenin\u0119 prekyb\u0105 naftos produktais bei j\u0173 perve\u017eimus.","inLanguage":"uk","potentialAction":[{"@type":"ReadAction","target":["https:\/\/www.alausa.lt\/uk\/"]}]},{"@type":"ImageObject","inLanguage":"uk","@id":"https:\/\/www.alausa.lt\/uk\/#primaryimage","url":"https:\/\/www.alausa.lt\/wp-content\/uploads\/2019\/10\/hero-new.jpg","contentUrl":"https:\/\/www.alausa.lt\/wp-content\/uploads\/2019\/10\/hero-new.jpg","width":1920,"height":1080},{"@type":"WebSite","@id":"https:\/\/www.alausa.lt\/#website","url":"https:\/\/www.alausa.lt\/","name":"Alau\u0161a","description":"Lietuvi\u0161kas degalini\u0173 tinklas","potentialAction":[{"@type":"SearchAction","target":{"@type":"EntryPoint","urlTemplate":"https:\/\/www.alausa.lt\/?s={search_term_string}"},"query-input":{"@type":"PropertyValueSpecification","valueRequired":true,"valueName":"search_term_string"}}],"inLanguage":"uk"}]}},"_links":{"self":[{"href":"https:\/\/www.alausa.lt\/uk\/wp-json\/wp\/v2\/pages\/1516","targetHints":{"allow":["GET"]}}],"collection":[{"href":"https:\/\/www.alausa.lt\/uk\/wp-json\/wp\/v2\/pages"}],"about":[{"href":"https:\/\/www.alausa.lt\/uk\/wp-json\/wp\/v2\/types\/page"}],"author":[{"embeddable":true,"href":"https:\/\/www.alausa.lt\/uk\/wp-json\/wp\/v2\/users\/1"}],"replies":[{"embeddable":true,"href":"https:\/\/www.alausa.lt\/uk\/wp-json\/wp\/v2\/comments?post=1516"}],"version-history":[{"count":14,"href":"https:\/\/www.alausa.lt\/uk\/wp-json\/wp\/v2\/pages\/1516\/revisions"}],"predecessor-version":[{"id":2010,"href":"https:\/\/www.alausa.lt\/uk\/wp-json\/wp\/v2\/pages\/1516\/revisions\/2010"}],"wp:featuredmedia":[{"embeddable":true,"href":"https:\/\/www.alausa.lt\/uk\/wp-json\/wp\/v2\/media\/1342"}],"wp:attachment":[{"href":"https:\/\/www.alausa.lt\/uk\/wp-json\/wp\/v2\/media?parent=1516"}],"curies":[{"name":"wp","href":"https:\/\/api.w.org\/{rel}","templated":true}]}}