{"id":1506,"date":"2019-10-01T21:39:35","date_gmt":"2019-10-01T18:39:35","guid":{"rendered":"http:\/\/www.alausa.lt\/korteles\/"},"modified":"2023-05-17T15:30:50","modified_gmt":"2023-05-17T12:30:50","slug":"%d0%ba%d0%b0%d1%80%d1%82%d0%ba%d0%b8","status":"publish","type":"page","link":"https:\/\/www.alausa.lt\/uk\/%d0%ba%d0%b0%d1%80%d1%82%d0%ba%d0%b8\/","title":{"rendered":"\u041a\u0430\u0440\u0442\u043a\u0438"},"content":{"rendered":"<div class=\"wpb-content-wrapper\"><p>[vc_row][vc_column][vc_single_image image=&#8221;686&#8243; img_size=&#8221;full&#8221; alignment=&#8221;center&#8221;][\/vc_column][\/vc_row][vc_row][vc_column width=&#8221;1\/2&#8243;]<div class=\"standard-arrow bullet-top\"><ul>\n<li>\u0423 \u0440\u0430\u0437\u0456 \u0432\u0442\u0440\u0430\u0442\u0438 \u043a\u0430\u0440\u0442\u043a\u0438\u043f\u043e\u043a\u0443\u043f\u0435\u0446\u044c \u043f\u043e\u0432\u0438\u043d\u0435\u043d \u043d\u0435\u0433\u0430\u0439\u043d\u043e \u043f\u043e\u0432\u0456\u0434\u043e\u043c\u0438\u0442\u0438 \u043f\u0440\u043e \u0430\u043d\u0443\u043b\u044e\u0432\u0430\u043d\u043d\u044f \u0432\u0442\u0440\u0430\u0447\u0435\u043d\u043e\u0457 \u043a\u0430\u0440\u0442\u043a\u0438 \u0437\u0430 \u0442\u0435\u043b\u0435\u0444\u043e\u043d\u043e\u043c: +370 611 26907<\/li>\n<li>\u041c\u0438 \u0437\u043e\u0431\u043e\u0432&#8217;\u044f\u0437\u0443\u0454\u043c\u043e\u0441\u044f \u0437\u0430\u0431\u043b\u043e\u043a\u0443\u0432\u0430\u0442\u0438 \u043a\u0430\u0440\u0442\u0443 \u0443 \u0431\u0443\u0434\u043d\u0456 \u0442\u0430 \u0432\u0438\u0445\u0456\u0434\u043d\u0456 \u0434\u043d\u0456 \u043f\u0440\u043e\u0442\u044f\u0433\u043e\u043c 24 \u0433\u043e\u0434\u0438\u043d. \u0422\u043e\u0432\u0430\u0440\u0438\u0441\u0442\u0432\u043e \u043d\u0435 \u043d\u0435\u0441\u0435 \u0432\u0456\u0434\u043f\u043e\u0432\u0456\u0434\u0430\u043b\u044c\u043d\u043e\u0441\u0442\u0456 \u0437\u0430 \u0432\u0441\u0456 \u043f\u043e\u043a\u0443\u043f\u043a\u0438, \u0437\u0440\u043e\u0431\u043b\u0435\u043d\u0456 \u043f\u0440\u043e\u0442\u044f\u0433\u043e\u043c 24 \u0433\u043e\u0434\u0438\u043d \u0437 \u043c\u043e\u043c\u0435\u043d\u0442\u0443 \u043e\u0442\u0440\u0438\u043c\u0430\u043d\u043d\u044f \u0437\u0430\u043f\u0438\u0442\u0443 \u043d\u0430 \u0431\u043b\u043e\u043a\u0443\u0432\u0430\u043d\u043d\u044f \u043a\u0430\u0440\u0442\u043a\u0438. \u041a\u043b\u0456\u0454\u043d\u0442\u0438 \u0442\u0430\u043a\u043e\u0436 \u043c\u043e\u0436\u0443\u0442\u044c \u0441\u0430\u043c\u0456 \u0431\u043b\u043e\u043a\u0443\u0432\u0430\u0442\u0438 \u043a\u0430\u0440\u0442\u0438 \u0443 \u0441\u0438\u0441\u0442\u0435\u043c\u0456 \u0441\u0430\u043c\u043e\u043e\u0431\u0441\u043b\u0443\u0433\u043e\u0432\u0443\u0432\u0430\u043d\u043d\u044f<\/li>\n<li>\u041a\u0430\u0440\u0442\u0430 \u043c\u043e\u0436\u0435 \u0431\u0443\u0442\u0438 \u0437\u0430\u0431\u043b\u043e\u043a\u043e\u0432\u0430\u043d\u0430 \u043d\u0435 \u0442\u0456\u043b\u044c\u043a\u0438 \u0447\u0435\u0440\u0435\u0437 \u0457\u0457 \u0432\u0442\u0440\u0430\u0442\u0443, \u0430\u043b\u0435 \u0439 \u043d\u0430 \u043f\u0440\u043e\u0445\u0430\u043d\u043d\u044f \u043f\u043e\u043a\u0443\u043f\u0446\u044f<\/li>\n<\/ul>\n<\/div>[\/vc_column][vc_column width=&#8221;1\/2&#8243;]<div class=\"standard-arrow bullet-top\"><ul>\n<li>\u0423 \u0440\u0430\u0437\u0456 \u0432\u0442\u0440\u0430\u0442\u0438 \u043a\u0430\u0440\u0442\u043a\u0438\u043f\u043e\u043a\u0443\u043f\u0435\u0446\u044c \u043f\u043e\u0432\u0438\u043d\u0435\u043d \u043d\u0435\u0433\u0430\u0439\u043d\u043e \u043f\u043e\u0432\u0456\u0434\u043e\u043c\u0438\u0442\u0438 \u043f\u0440\u043e \u0430\u043d\u0443\u043b\u044e\u0432\u0430\u043d\u043d\u044f \u0432\u0442\u0440\u0430\u0447\u0435\u043d\u043e\u0457 \u043a\u0430\u0440\u0442\u043a\u0438 \u0437\u0430 \u0442\u0435\u043b\u0435\u0444\u043e\u043d\u043e\u043c: +370 611 26907<\/li>\n<li>\u041c\u0438 \u0437\u043e\u0431\u043e\u0432&#8217;\u044f\u0437\u0443\u0454\u043c\u043e\u0441\u044f \u0437\u0430\u0431\u043b\u043e\u043a\u0443\u0432\u0430\u0442\u0438 \u043a\u0430\u0440\u0442\u0443 \u0443 \u0431\u0443\u0434\u043d\u0456 \u0442\u0430 \u0432\u0438\u0445\u0456\u0434\u043d\u0456 \u0434\u043d\u0456 \u043f\u0440\u043e\u0442\u044f\u0433\u043e\u043c 24 \u0433\u043e\u0434\u0438\u043d. \u0422\u043e\u0432\u0430\u0440\u0438\u0441\u0442\u0432\u043e \u043d\u0435 \u043d\u0435\u0441\u0435 \u0432\u0456\u0434\u043f\u043e\u0432\u0456\u0434\u0430\u043b\u044c\u043d\u043e\u0441\u0442\u0456 \u0437\u0430 \u0432\u0441\u0456 \u043f\u043e\u043a\u0443\u043f\u043a\u0438, \u0437\u0440\u043e\u0431\u043b\u0435\u043d\u0456 \u043f\u0440\u043e\u0442\u044f\u0433\u043e\u043c 24 \u0433\u043e\u0434\u0438\u043d \u0437 \u043c\u043e\u043c\u0435\u043d\u0442\u0443 \u043e\u0442\u0440\u0438\u043c\u0430\u043d\u043d\u044f \u0437\u0430\u043f\u0438\u0442\u0443 \u043d\u0430 \u0431\u043b\u043e\u043a\u0443\u0432\u0430\u043d\u043d\u044f \u043a\u0430\u0440\u0442\u043a\u0438. \u041a\u043b\u0456\u0454\u043d\u0442\u0438 \u0442\u0430\u043a\u043e\u0436 \u043c\u043e\u0436\u0443\u0442\u044c \u0441\u0430\u043c\u0456 \u0431\u043b\u043e\u043a\u0443\u0432\u0430\u0442\u0438 \u043a\u0430\u0440\u0442\u0438 \u0443 \u0441\u0438\u0441\u0442\u0435\u043c\u0456 \u0441\u0430\u043c\u043e\u043e\u0431\u0441\u043b\u0443\u0433\u043e\u0432\u0443\u0432\u0430\u043d\u043d\u044f<\/li>\n<li>\u041a\u0430\u0440\u0442\u0430 \u043c\u043e\u0436\u0435 \u0431\u0443\u0442\u0438 \u0437\u0430\u0431\u043b\u043e\u043a\u043e\u0432\u0430\u043d\u0430 \u043d\u0435 \u0442\u0456\u043b\u044c\u043a\u0438 \u0447\u0435\u0440\u0435\u0437 \u0457\u0457 \u0432\u0442\u0440\u0430\u0442\u0443, \u0430\u043b\u0435 \u0439 \u043d\u0430 \u043f\u0440\u043e\u0445\u0430\u043d\u043d\u044f \u043f\u043e\u043a\u0443\u043f\u0446\u044f<\/li>\n<\/ul>\n<\/div>[\/vc_column][\/vc_row][vc_row gap=&#8221;20&#8243;][vc_column][vc_separator]<div class=\" ubtn-ctn-center \"><a class=\"ubtn-link ult-adjust-bottom-margin ubtn-center ubtn-normal \" href=\"https:\/\/www.alausa.lt\/uk\/%d0%ba%d0%b0%d1%80%d1%82%d0%ba%d0%b8\/%d0%b0%d0%bd%d0%ba%d0%b5%d1%82%d0%b0-%d0%b4%d0%bb%d1%8f-%d1%8e%d1%80%d0%b8%d0%b4%d0%b8%d1%87%d0%bd%d0%b8%d1%85-%d0%be%d1%81%d1%96%d0%b1\/\" title=\"Anketa juridiniams asmenims\" ><button type=\"button\" id=\"ubtn-1092\"  class=\"ubtn ult-adjust-bottom-margin ult-responsive ubtn-normal ubtn-fade-bg  none  ubtn-center   tooltip-69e737cf8c456\"  data-hover=\"#ffffff\" data-border-color=\"\" data-bg=\"#84dade\" data-hover-bg=\"#1d1934\" data-border-hover=\"\" data-shadow-hover=\"\" data-shadow-click=\"none\" data-shadow=\"\" data-shd-shadow=\"\"  data-ultimate-target='#ubtn-1092'  data-responsive-json-new='{\"font-size\":\"desktop:16px;\",\"line-height\":\"\"}'  style=\"font-weight:bold;border:none;background: #84dade;color: #ffffff;\"><span class=\"ubtn-hover\" style=\"background-color:#1d1934\"><\/span><span class=\"ubtn-data ubtn-text \" >\u0410\u043d\u043a\u0435\u0442\u0430 \u0434\u043b\u044f \u044e\u0440\u0438\u0434\u0438\u0447\u043d\u0438\u0445 \u043e\u0441\u0456\u0431<\/span><\/button><\/a><\/div>[\/vc_column][\/vc_row]<\/p>\n<\/div>","protected":false},"excerpt":{"rendered":"<p>[vc_row][vc_column][vc_single_image image=&#8221;686&#8243; img_size=&#8221;full&#8221; alignment=&#8221;center&#8221;][\/vc_column][\/vc_row][vc_row][vc_column width=&#8221;1\/2&#8243;][\/vc_column][vc_column width=&#8221;1\/2&#8243;][\/vc_column][\/vc_row][vc_row gap=&#8221;20&#8243;][vc_column][vc_separator][\/vc_column][\/vc_row]<\/p>\n","protected":false},"author":1,"featured_media":0,"parent":0,"menu_order":26,"comment_status":"closed","ping_status":"closed","template":"","meta":{"footnotes":""},"class_list":["post-1506","page","type-page","status-publish","hentry","description-off"],"yoast_head":"<!-- This site is optimized with the Yoast SEO plugin v27.3 - https:\/\/yoast.com\/product\/yoast-seo-wordpress\/ -->\n<title>\u041a\u0430\u0440\u0442\u043a\u0438 - Alau\u0161a<\/title>\n<meta name=\"robots\" content=\"index, follow, max-snippet:-1, max-image-preview:large, max-video-preview:-1\" \/>\n<link rel=\"canonical\" href=\"https:\/\/www.alausa.lt\/uk\/\u043a\u0430\u0440\u0442\u043a\u0438\/\" \/>\n<meta property=\"og:locale\" content=\"uk_UA\" \/>\n<meta property=\"og:type\" content=\"article\" \/>\n<meta property=\"og:title\" content=\"\u041a\u0430\u0440\u0442\u043a\u0438 - Alau\u0161a\" \/>\n<meta property=\"og:description\" content=\"[vc_row][vc_column][vc_single_image image=&#8221;686&#8243; img_size=&#8221;full&#8221; alignment=&#8221;center&#8221;][\/vc_column][\/vc_row][vc_row][vc_column width=&#8221;1\/2&#8243;][\/vc_column][vc_column width=&#8221;1\/2&#8243;][\/vc_column][\/vc_row][vc_row gap=&#8221;20&#8243;][vc_column][vc_separator][\/vc_column][\/vc_row]\" \/>\n<meta property=\"og:url\" content=\"https:\/\/www.alausa.lt\/uk\/\u043a\u0430\u0440\u0442\u043a\u0438\/\" \/>\n<meta property=\"og:site_name\" content=\"Alau\u0161a\" \/>\n<meta property=\"article:modified_time\" content=\"2023-05-17T12:30:50+00:00\" \/>\n<meta name=\"twitter:card\" content=\"summary_large_image\" \/>\n<meta name=\"twitter:label1\" content=\"Est. reading time\" \/>\n\t<meta name=\"twitter:data1\" content=\"1 minute\" \/>\n<script type=\"application\/ld+json\" class=\"yoast-schema-graph\">{\"@context\":\"https:\\\/\\\/schema.org\",\"@graph\":[{\"@type\":\"WebPage\",\"@id\":\"https:\\\/\\\/www.alausa.lt\\\/uk\\\/%d0%ba%d0%b0%d1%80%d1%82%d0%ba%d0%b8\\\/\",\"url\":\"https:\\\/\\\/www.alausa.lt\\\/uk\\\/%d0%ba%d0%b0%d1%80%d1%82%d0%ba%d0%b8\\\/\",\"name\":\"\u041a\u0430\u0440\u0442\u043a\u0438 - Alau\u0161a\",\"isPartOf\":{\"@id\":\"https:\\\/\\\/www.alausa.lt\\\/#website\"},\"datePublished\":\"2019-10-01T18:39:35+00:00\",\"dateModified\":\"2023-05-17T12:30:50+00:00\",\"inLanguage\":\"uk\",\"potentialAction\":[{\"@type\":\"ReadAction\",\"target\":[\"https:\\\/\\\/www.alausa.lt\\\/uk\\\/%d0%ba%d0%b0%d1%80%d1%82%d0%ba%d0%b8\\\/\"]}]},{\"@type\":\"WebSite\",\"@id\":\"https:\\\/\\\/www.alausa.lt\\\/#website\",\"url\":\"https:\\\/\\\/www.alausa.lt\\\/\",\"name\":\"Alau\u0161a\",\"description\":\"Lietuvi\u0161kas degalini\u0173 tinklas\",\"potentialAction\":[{\"@type\":\"SearchAction\",\"target\":{\"@type\":\"EntryPoint\",\"urlTemplate\":\"https:\\\/\\\/www.alausa.lt\\\/?s={search_term_string}\"},\"query-input\":{\"@type\":\"PropertyValueSpecification\",\"valueRequired\":true,\"valueName\":\"search_term_string\"}}],\"inLanguage\":\"uk\"}]}<\/script>\n<!-- \/ Yoast SEO plugin. -->","yoast_head_json":{"title":"\u041a\u0430\u0440\u0442\u043a\u0438 - Alau\u0161a","robots":{"index":"index","follow":"follow","max-snippet":"max-snippet:-1","max-image-preview":"max-image-preview:large","max-video-preview":"max-video-preview:-1"},"canonical":"https:\/\/www.alausa.lt\/uk\/\u043a\u0430\u0440\u0442\u043a\u0438\/","og_locale":"uk_UA","og_type":"article","og_title":"\u041a\u0430\u0440\u0442\u043a\u0438 - Alau\u0161a","og_description":"[vc_row][vc_column][vc_single_image image=&#8221;686&#8243; img_size=&#8221;full&#8221; alignment=&#8221;center&#8221;][\/vc_column][\/vc_row][vc_row][vc_column width=&#8221;1\/2&#8243;][\/vc_column][vc_column width=&#8221;1\/2&#8243;][\/vc_column][\/vc_row][vc_row gap=&#8221;20&#8243;][vc_column][vc_separator][\/vc_column][\/vc_row]","og_url":"https:\/\/www.alausa.lt\/uk\/\u043a\u0430\u0440\u0442\u043a\u0438\/","og_site_name":"Alau\u0161a","article_modified_time":"2023-05-17T12:30:50+00:00","twitter_card":"summary_large_image","twitter_misc":{"Est. reading time":"1 minute"},"schema":{"@context":"https:\/\/schema.org","@graph":[{"@type":"WebPage","@id":"https:\/\/www.alausa.lt\/uk\/%d0%ba%d0%b0%d1%80%d1%82%d0%ba%d0%b8\/","url":"https:\/\/www.alausa.lt\/uk\/%d0%ba%d0%b0%d1%80%d1%82%d0%ba%d0%b8\/","name":"\u041a\u0430\u0440\u0442\u043a\u0438 - Alau\u0161a","isPartOf":{"@id":"https:\/\/www.alausa.lt\/#website"},"datePublished":"2019-10-01T18:39:35+00:00","dateModified":"2023-05-17T12:30:50+00:00","inLanguage":"uk","potentialAction":[{"@type":"ReadAction","target":["https:\/\/www.alausa.lt\/uk\/%d0%ba%d0%b0%d1%80%d1%82%d0%ba%d0%b8\/"]}]},{"@type":"WebSite","@id":"https:\/\/www.alausa.lt\/#website","url":"https:\/\/www.alausa.lt\/","name":"Alau\u0161a","description":"Lietuvi\u0161kas degalini\u0173 tinklas","potentialAction":[{"@type":"SearchAction","target":{"@type":"EntryPoint","urlTemplate":"https:\/\/www.alausa.lt\/?s={search_term_string}"},"query-input":{"@type":"PropertyValueSpecification","valueRequired":true,"valueName":"search_term_string"}}],"inLanguage":"uk"}]}},"_links":{"self":[{"href":"https:\/\/www.alausa.lt\/uk\/wp-json\/wp\/v2\/pages\/1506","targetHints":{"allow":["GET"]}}],"collection":[{"href":"https:\/\/www.alausa.lt\/uk\/wp-json\/wp\/v2\/pages"}],"about":[{"href":"https:\/\/www.alausa.lt\/uk\/wp-json\/wp\/v2\/types\/page"}],"author":[{"embeddable":true,"href":"https:\/\/www.alausa.lt\/uk\/wp-json\/wp\/v2\/users\/1"}],"replies":[{"embeddable":true,"href":"https:\/\/www.alausa.lt\/uk\/wp-json\/wp\/v2\/comments?post=1506"}],"version-history":[{"count":3,"href":"https:\/\/www.alausa.lt\/uk\/wp-json\/wp\/v2\/pages\/1506\/revisions"}],"predecessor-version":[{"id":1550,"href":"https:\/\/www.alausa.lt\/uk\/wp-json\/wp\/v2\/pages\/1506\/revisions\/1550"}],"wp:attachment":[{"href":"https:\/\/www.alausa.lt\/uk\/wp-json\/wp\/v2\/media?parent=1506"}],"curies":[{"name":"wp","href":"https:\/\/api.w.org\/{rel}","templated":true}]}}