{"id":1499,"date":"2019-12-03T17:40:04","date_gmt":"2019-12-03T14:40:04","guid":{"rendered":"http:\/\/www.alausa.lt\/slapuku-politika\/"},"modified":"2024-01-24T13:59:07","modified_gmt":"2024-01-24T10:59:07","slug":"%d0%bf%d0%be%d0%bb%d1%96%d1%82%d0%b8%d0%ba%d0%b0-%d0%b2%d0%b8%d0%ba%d0%be%d1%80%d0%b8%d1%81%d1%82%d0%b0%d0%bd%d0%bd%d1%8f-%d1%84%d0%b0%d0%b9%d0%bb%d1%96%d0%b2-cookie","status":"publish","type":"page","link":"https:\/\/www.alausa.lt\/uk\/%d0%bf%d0%be%d0%bb%d1%96%d1%82%d0%b8%d0%ba%d0%b0-%d0%b2%d0%b8%d0%ba%d0%be%d1%80%d0%b8%d1%81%d1%82%d0%b0%d0%bd%d0%bd%d1%8f-%d1%84%d0%b0%d0%b9%d0%bb%d1%96%d0%b2-cookie\/","title":{"rendered":"\u041f\u043e\u043b\u0456\u0442\u0438\u043a\u0430\u00a0\u0432\u0438\u043a\u043e\u0440\u0438\u0441\u0442\u0430\u043d\u043d\u044f\u00a0\u0444\u0430\u0439\u043b\u0456\u0432\u00a0\u00abcookie\u00bb"},"content":{"rendered":"\n<script id=\"CookieDeclaration\" data-culture=\"ua\" src=\"https:\/\/consent.cookiebot.com\/80b659e6-3182-4e88-8d90-0affde73c3e4\/cd.js\" type=\"text\/javascript\" async><\/script>\n","protected":false},"excerpt":{"rendered":"","protected":false},"author":1,"featured_media":0,"parent":0,"menu_order":3,"comment_status":"closed","ping_status":"closed","template":"","meta":{"footnotes":""},"class_list":["post-1499","page","type-page","status-publish","hentry","description-off"],"yoast_head":"<!-- This site is optimized with the Yoast SEO plugin v27.4 - https:\/\/yoast.com\/product\/yoast-seo-wordpress\/ -->\n<title>\u041f\u043e\u043b\u0456\u0442\u0438\u043a\u0430\u00a0\u0432\u0438\u043a\u043e\u0440\u0438\u0441\u0442\u0430\u043d\u043d\u044f\u00a0\u0444\u0430\u0439\u043b\u0456\u0432\u00a0\u00abcookie\u00bb - Alau\u0161a<\/title>\n<meta name=\"robots\" content=\"index, follow, max-snippet:-1, max-image-preview:large, max-video-preview:-1\" \/>\n<link rel=\"canonical\" href=\"https:\/\/www.alausa.lt\/uk\/\u043f\u043e\u043b\u0456\u0442\u0438\u043a\u0430-\u0432\u0438\u043a\u043e\u0440\u0438\u0441\u0442\u0430\u043d\u043d\u044f-\u0444\u0430\u0439\u043b\u0456\u0432-cookie\/\" \/>\n<meta property=\"og:locale\" content=\"uk_UA\" \/>\n<meta property=\"og:type\" content=\"article\" \/>\n<meta property=\"og:title\" content=\"\u041f\u043e\u043b\u0456\u0442\u0438\u043a\u0430\u00a0\u0432\u0438\u043a\u043e\u0440\u0438\u0441\u0442\u0430\u043d\u043d\u044f\u00a0\u0444\u0430\u0439\u043b\u0456\u0432\u00a0\u00abcookie\u00bb - Alau\u0161a\" \/>\n<meta property=\"og:url\" content=\"https:\/\/www.alausa.lt\/uk\/\u043f\u043e\u043b\u0456\u0442\u0438\u043a\u0430-\u0432\u0438\u043a\u043e\u0440\u0438\u0441\u0442\u0430\u043d\u043d\u044f-\u0444\u0430\u0439\u043b\u0456\u0432-cookie\/\" \/>\n<meta property=\"og:site_name\" content=\"Alau\u0161a\" \/>\n<meta property=\"article:modified_time\" content=\"2024-01-24T10:59:07+00:00\" \/>\n<meta name=\"twitter:card\" content=\"summary_large_image\" \/>\n<script type=\"application\/ld+json\" class=\"yoast-schema-graph\">{\"@context\":\"https:\\\/\\\/schema.org\",\"@graph\":[{\"@type\":\"WebPage\",\"@id\":\"https:\\\/\\\/www.alausa.lt\\\/uk\\\/%d0%bf%d0%be%d0%bb%d1%96%d1%82%d0%b8%d0%ba%d0%b0-%d0%b2%d0%b8%d0%ba%d0%be%d1%80%d0%b8%d1%81%d1%82%d0%b0%d0%bd%d0%bd%d1%8f-%d1%84%d0%b0%d0%b9%d0%bb%d1%96%d0%b2-cookie\\\/\",\"url\":\"https:\\\/\\\/www.alausa.lt\\\/uk\\\/%d0%bf%d0%be%d0%bb%d1%96%d1%82%d0%b8%d0%ba%d0%b0-%d0%b2%d0%b8%d0%ba%d0%be%d1%80%d0%b8%d1%81%d1%82%d0%b0%d0%bd%d0%bd%d1%8f-%d1%84%d0%b0%d0%b9%d0%bb%d1%96%d0%b2-cookie\\\/\",\"name\":\"\u041f\u043e\u043b\u0456\u0442\u0438\u043a\u0430\u00a0\u0432\u0438\u043a\u043e\u0440\u0438\u0441\u0442\u0430\u043d\u043d\u044f\u00a0\u0444\u0430\u0439\u043b\u0456\u0432\u00a0\u00abcookie\u00bb - Alau\u0161a\",\"isPartOf\":{\"@id\":\"https:\\\/\\\/www.alausa.lt\\\/#website\"},\"datePublished\":\"2019-12-03T14:40:04+00:00\",\"dateModified\":\"2024-01-24T10:59:07+00:00\",\"inLanguage\":\"uk\",\"potentialAction\":[{\"@type\":\"ReadAction\",\"target\":[\"https:\\\/\\\/www.alausa.lt\\\/uk\\\/%d0%bf%d0%be%d0%bb%d1%96%d1%82%d0%b8%d0%ba%d0%b0-%d0%b2%d0%b8%d0%ba%d0%be%d1%80%d0%b8%d1%81%d1%82%d0%b0%d0%bd%d0%bd%d1%8f-%d1%84%d0%b0%d0%b9%d0%bb%d1%96%d0%b2-cookie\\\/\"]}]},{\"@type\":\"WebSite\",\"@id\":\"https:\\\/\\\/www.alausa.lt\\\/#website\",\"url\":\"https:\\\/\\\/www.alausa.lt\\\/\",\"name\":\"Alau\u0161a\",\"description\":\"Lietuvi\u0161kas degalini\u0173 tinklas\",\"potentialAction\":[{\"@type\":\"SearchAction\",\"target\":{\"@type\":\"EntryPoint\",\"urlTemplate\":\"https:\\\/\\\/www.alausa.lt\\\/?s={search_term_string}\"},\"query-input\":{\"@type\":\"PropertyValueSpecification\",\"valueRequired\":true,\"valueName\":\"search_term_string\"}}],\"inLanguage\":\"uk\"}]}<\/script>\n<!-- \/ Yoast SEO plugin. -->","yoast_head_json":{"title":"\u041f\u043e\u043b\u0456\u0442\u0438\u043a\u0430\u00a0\u0432\u0438\u043a\u043e\u0440\u0438\u0441\u0442\u0430\u043d\u043d\u044f\u00a0\u0444\u0430\u0439\u043b\u0456\u0432\u00a0\u00abcookie\u00bb - Alau\u0161a","robots":{"index":"index","follow":"follow","max-snippet":"max-snippet:-1","max-image-preview":"max-image-preview:large","max-video-preview":"max-video-preview:-1"},"canonical":"https:\/\/www.alausa.lt\/uk\/\u043f\u043e\u043b\u0456\u0442\u0438\u043a\u0430-\u0432\u0438\u043a\u043e\u0440\u0438\u0441\u0442\u0430\u043d\u043d\u044f-\u0444\u0430\u0439\u043b\u0456\u0432-cookie\/","og_locale":"uk_UA","og_type":"article","og_title":"\u041f\u043e\u043b\u0456\u0442\u0438\u043a\u0430\u00a0\u0432\u0438\u043a\u043e\u0440\u0438\u0441\u0442\u0430\u043d\u043d\u044f\u00a0\u0444\u0430\u0439\u043b\u0456\u0432\u00a0\u00abcookie\u00bb - Alau\u0161a","og_url":"https:\/\/www.alausa.lt\/uk\/\u043f\u043e\u043b\u0456\u0442\u0438\u043a\u0430-\u0432\u0438\u043a\u043e\u0440\u0438\u0441\u0442\u0430\u043d\u043d\u044f-\u0444\u0430\u0439\u043b\u0456\u0432-cookie\/","og_site_name":"Alau\u0161a","article_modified_time":"2024-01-24T10:59:07+00:00","twitter_card":"summary_large_image","schema":{"@context":"https:\/\/schema.org","@graph":[{"@type":"WebPage","@id":"https:\/\/www.alausa.lt\/uk\/%d0%bf%d0%be%d0%bb%d1%96%d1%82%d0%b8%d0%ba%d0%b0-%d0%b2%d0%b8%d0%ba%d0%be%d1%80%d0%b8%d1%81%d1%82%d0%b0%d0%bd%d0%bd%d1%8f-%d1%84%d0%b0%d0%b9%d0%bb%d1%96%d0%b2-cookie\/","url":"https:\/\/www.alausa.lt\/uk\/%d0%bf%d0%be%d0%bb%d1%96%d1%82%d0%b8%d0%ba%d0%b0-%d0%b2%d0%b8%d0%ba%d0%be%d1%80%d0%b8%d1%81%d1%82%d0%b0%d0%bd%d0%bd%d1%8f-%d1%84%d0%b0%d0%b9%d0%bb%d1%96%d0%b2-cookie\/","name":"\u041f\u043e\u043b\u0456\u0442\u0438\u043a\u0430\u00a0\u0432\u0438\u043a\u043e\u0440\u0438\u0441\u0442\u0430\u043d\u043d\u044f\u00a0\u0444\u0430\u0439\u043b\u0456\u0432\u00a0\u00abcookie\u00bb - Alau\u0161a","isPartOf":{"@id":"https:\/\/www.alausa.lt\/#website"},"datePublished":"2019-12-03T14:40:04+00:00","dateModified":"2024-01-24T10:59:07+00:00","inLanguage":"uk","potentialAction":[{"@type":"ReadAction","target":["https:\/\/www.alausa.lt\/uk\/%d0%bf%d0%be%d0%bb%d1%96%d1%82%d0%b8%d0%ba%d0%b0-%d0%b2%d0%b8%d0%ba%d0%be%d1%80%d0%b8%d1%81%d1%82%d0%b0%d0%bd%d0%bd%d1%8f-%d1%84%d0%b0%d0%b9%d0%bb%d1%96%d0%b2-cookie\/"]}]},{"@type":"WebSite","@id":"https:\/\/www.alausa.lt\/#website","url":"https:\/\/www.alausa.lt\/","name":"Alau\u0161a","description":"Lietuvi\u0161kas degalini\u0173 tinklas","potentialAction":[{"@type":"SearchAction","target":{"@type":"EntryPoint","urlTemplate":"https:\/\/www.alausa.lt\/?s={search_term_string}"},"query-input":{"@type":"PropertyValueSpecification","valueRequired":true,"valueName":"search_term_string"}}],"inLanguage":"uk"}]}},"_links":{"self":[{"href":"https:\/\/www.alausa.lt\/uk\/wp-json\/wp\/v2\/pages\/1499","targetHints":{"allow":["GET"]}}],"collection":[{"href":"https:\/\/www.alausa.lt\/uk\/wp-json\/wp\/v2\/pages"}],"about":[{"href":"https:\/\/www.alausa.lt\/uk\/wp-json\/wp\/v2\/types\/page"}],"author":[{"embeddable":true,"href":"https:\/\/www.alausa.lt\/uk\/wp-json\/wp\/v2\/users\/1"}],"replies":[{"embeddable":true,"href":"https:\/\/www.alausa.lt\/uk\/wp-json\/wp\/v2\/comments?post=1499"}],"version-history":[{"count":4,"href":"https:\/\/www.alausa.lt\/uk\/wp-json\/wp\/v2\/pages\/1499\/revisions"}],"predecessor-version":[{"id":1856,"href":"https:\/\/www.alausa.lt\/uk\/wp-json\/wp\/v2\/pages\/1499\/revisions\/1856"}],"wp:attachment":[{"href":"https:\/\/www.alausa.lt\/uk\/wp-json\/wp\/v2\/media?parent=1499"}],"curies":[{"name":"wp","href":"https:\/\/api.w.org\/{rel}","templated":true}]}}