{"id":1498,"date":"2020-02-21T13:44:45","date_gmt":"2020-02-21T10:44:45","guid":{"rendered":"http:\/\/www.alausa.lt\/gaukite-musu-pasiulyma\/"},"modified":"2023-05-18T13:07:57","modified_gmt":"2023-05-18T10:07:57","slug":"%d0%be%d1%82%d1%80%d0%b8%d0%bc%d0%b0%d0%b9%d1%82%d0%b5-%d0%bf%d1%80%d0%be%d0%bf%d0%be%d0%b7%d0%b8%d1%86%d1%96%d1%8e","status":"publish","type":"page","link":"https:\/\/www.alausa.lt\/uk\/%d0%be%d1%82%d1%80%d0%b8%d0%bc%d0%b0%d0%b9%d1%82%d0%b5-%d0%bf%d1%80%d0%be%d0%bf%d0%be%d0%b7%d0%b8%d1%86%d1%96%d1%8e\/","title":{"rendered":"\u041e\u0442\u0440\u0438\u043c\u0430\u0439\u0442\u0435 \u043f\u0440\u043e\u043f\u043e\u0437\u0438\u0446\u0456\u044e"},"content":{"rendered":"<div class=\"wpb-content-wrapper\"><p>[vc_row][vc_column width=&#8221;1\/4&#8243;][\/vc_column][vc_column width=&#8221;1\/2&#8243;]\n<div class=\"wpcf7 no-js\" id=\"wpcf7-f1612-o1\" lang=\"en-US\" dir=\"ltr\" data-wpcf7-id=\"1612\">\n<div class=\"screen-reader-response\"><p role=\"status\" aria-live=\"polite\" aria-atomic=\"true\"><\/p> <ul><\/ul><\/div>\n<form action=\"\/uk\/wp-json\/wp\/v2\/pages\/1498#wpcf7-f1612-o1\" method=\"post\" class=\"wpcf7-form init\" aria-label=\"Contact form\" novalidate=\"novalidate\" data-status=\"init\">\n<fieldset class=\"hidden-fields-container\"><input type=\"hidden\" name=\"_wpcf7\" value=\"1612\" \/><input type=\"hidden\" name=\"_wpcf7_version\" value=\"6.1.5\" \/><input type=\"hidden\" name=\"_wpcf7_locale\" value=\"en_US\" \/><input type=\"hidden\" name=\"_wpcf7_unit_tag\" value=\"wpcf7-f1612-o1\" \/><input type=\"hidden\" name=\"_wpcf7_container_post\" value=\"0\" \/><input type=\"hidden\" name=\"_wpcf7_posted_data_hash\" value=\"\" \/>\n<\/fieldset>\n<p><label> \u041d\u0430\u0437\u0432\u0430 \u043f\u0456\u0434\u043f\u0440\u0438\u0454\u043c\u0441\u0442\u0432\u0430 *<br \/>\n<span class=\"wpcf7-form-control-wrap\" data-name=\"company\"><input size=\"40\" maxlength=\"400\" class=\"wpcf7-form-control wpcf7-text wpcf7-validates-as-required\" aria-required=\"true\" aria-invalid=\"false\" value=\"\" type=\"text\" name=\"company\" \/><\/span> <\/label>\n<\/p>\n<p><label> \u041d\u043e\u043c\u0435\u0440 \u0442\u0435\u043b\u0435\u0444\u043e\u043d\u0443 *<br \/>\n<span class=\"wpcf7-form-control-wrap\" data-name=\"phone\"><input size=\"40\" maxlength=\"400\" class=\"wpcf7-form-control wpcf7-tel wpcf7-validates-as-required wpcf7-text wpcf7-validates-as-tel\" aria-required=\"true\" aria-invalid=\"false\" value=\"\" type=\"tel\" name=\"phone\" \/><\/span> <\/label>\n<\/p>\n<p><label> \u0415\u043b\u0435\u043a\u0442\u0440\u043e\u043d\u043d\u0430 \u043f\u043e\u0448\u0442\u0430 *<br \/>\n<span class=\"wpcf7-form-control-wrap\" data-name=\"your-email\"><input size=\"40\" maxlength=\"400\" class=\"wpcf7-form-control wpcf7-email wpcf7-validates-as-required wpcf7-text wpcf7-validates-as-email\" aria-required=\"true\" aria-invalid=\"false\" value=\"\" type=\"email\" name=\"your-email\" \/><\/span> <\/label>\n<\/p>\n<p><label> \u041a\u043e\u043c\u0435\u043d\u0442\u0430\u0440<br \/>\n<span class=\"wpcf7-form-control-wrap\" data-name=\"comment\"><input size=\"40\" maxlength=\"400\" class=\"wpcf7-form-control wpcf7-text\" aria-invalid=\"false\" placeholder=\"\u042f \u0445\u043e\u0447\u0443 \u043e\u0442\u0440\u0438\u043c\u0430\u0442\u0438 \u043f\u0440\u043e\u043f\u043e\u0437\u0438\u0446\u0456\u044e \u0442\u0430 \u0441\u0442\u0430\u0442\u0438 \u043a\u043b\u0456\u0454\u043d\u0442\u043e\u043c ALAU\u0160\u0410!\" value=\"\" type=\"text\" name=\"comment\" \/><\/span> <\/label>\n<\/p>\n<p><label><span class=\"wpcf7-form-control-wrap\" data-name=\"acceptance-277\"><span class=\"wpcf7-form-control wpcf7-acceptance\"><span class=\"wpcf7-list-item\"><label><input type=\"checkbox\" name=\"acceptance-277\" value=\"1\" aria-invalid=\"false\" \/><span class=\"wpcf7-list-item-label\">\u042f \u043f\u043e\u0433\u043e\u0434\u0436\u0443\u044e\u0441\u044f, \u0449\u043e \u0417\u0410\u0422 Alau\u0161a \u043e\u0431\u0440\u043e\u0431\u043b\u044f\u0442\u0438\u043c\u0435 \u043c\u043e\u0457 \u043f\u0435\u0440\u0441\u043e\u043d\u0430\u043b\u044c\u043d\u0456 \u0434\u0430\u043d\u0456. <a href=\"http:\/\/www.alausa.lt\/uk\/\u043f\u043e\u043b\u0456\u0442\u0438\u043a\u0430-\u043a\u043e\u043d\u0444\u0456\u0434\u0435\u043d\u0446\u0456\u0439\u043d\u043e\u0441\u0442\u0456\/\" target=\"_blank\">\u041f\u043e\u043b\u0456\u0442\u0438\u043a\u0430 \u043a\u043e\u043d\u0444\u0456\u0434\u0435\u043d\u0446\u0456\u0439\u043d\u043e\u0441\u0442\u0456<\/a><\/span><\/label><\/span><\/span><\/span><\/label>\n<\/p>\n<div class=\"vc_empty_space\" style=\"height: 30px\">\n\t<p><span class=\"vc_empty_space_inner\"><\/span>\n\t<\/p>\n<\/div>\n<p><input class=\"wpcf7-form-control wpcf7-submit has-spinner\" type=\"submit\" value=\"\u041d\u0430\u0434\u0456\u0441\u043b\u0430\u0442\u0438\" \/>\n<\/p><div class=\"wpcf7-response-output\" aria-hidden=\"true\"><\/div>\n<\/form>\n<\/div>\n[\/vc_column][vc_column width=&#8221;1\/4&#8243;][\/vc_column][\/vc_row]<\/p>\n<\/div>","protected":false},"excerpt":{"rendered":"<p>[vc_row][vc_column width=&#8221;1\/4&#8243;][\/vc_column][vc_column width=&#8221;1\/2&#8243;][\/vc_column][vc_column width=&#8221;1\/4&#8243;][\/vc_column][\/vc_row]<\/p>\n","protected":false},"author":1,"featured_media":0,"parent":0,"menu_order":2,"comment_status":"closed","ping_status":"closed","template":"","meta":{"footnotes":""},"class_list":["post-1498","page","type-page","status-publish","hentry","description-off"],"yoast_head":"<!-- This site is optimized with the Yoast SEO plugin v27.4 - https:\/\/yoast.com\/product\/yoast-seo-wordpress\/ -->\n<title>\u041e\u0442\u0440\u0438\u043c\u0430\u0439\u0442\u0435 \u043f\u0440\u043e\u043f\u043e\u0437\u0438\u0446\u0456\u044e - Alau\u0161a<\/title>\n<meta name=\"robots\" content=\"index, follow, max-snippet:-1, max-image-preview:large, max-video-preview:-1\" \/>\n<link rel=\"canonical\" href=\"https:\/\/www.alausa.lt\/uk\/\u043e\u0442\u0440\u0438\u043c\u0430\u0439\u0442\u0435-\u043f\u0440\u043e\u043f\u043e\u0437\u0438\u0446\u0456\u044e\/\" \/>\n<meta property=\"og:locale\" content=\"uk_UA\" \/>\n<meta property=\"og:type\" content=\"article\" \/>\n<meta property=\"og:title\" content=\"\u041e\u0442\u0440\u0438\u043c\u0430\u0439\u0442\u0435 \u043f\u0440\u043e\u043f\u043e\u0437\u0438\u0446\u0456\u044e - Alau\u0161a\" \/>\n<meta property=\"og:description\" content=\"[vc_row][vc_column width=&#8221;1\/4&#8243;][\/vc_column][vc_column width=&#8221;1\/2&#8243;][\/vc_column][vc_column width=&#8221;1\/4&#8243;][\/vc_column][\/vc_row]\" \/>\n<meta property=\"og:url\" content=\"https:\/\/www.alausa.lt\/uk\/\u043e\u0442\u0440\u0438\u043c\u0430\u0439\u0442\u0435-\u043f\u0440\u043e\u043f\u043e\u0437\u0438\u0446\u0456\u044e\/\" \/>\n<meta property=\"og:site_name\" content=\"Alau\u0161a\" \/>\n<meta property=\"article:modified_time\" content=\"2023-05-18T10:07:57+00:00\" \/>\n<meta name=\"twitter:card\" content=\"summary_large_image\" \/>\n<meta name=\"twitter:label1\" content=\"Est. reading time\" \/>\n\t<meta name=\"twitter:data1\" content=\"1 minute\" \/>\n<script type=\"application\/ld+json\" class=\"yoast-schema-graph\">{\"@context\":\"https:\\\/\\\/schema.org\",\"@graph\":[{\"@type\":\"WebPage\",\"@id\":\"https:\\\/\\\/www.alausa.lt\\\/uk\\\/%d0%be%d1%82%d1%80%d0%b8%d0%bc%d0%b0%d0%b9%d1%82%d0%b5-%d0%bf%d1%80%d0%be%d0%bf%d0%be%d0%b7%d0%b8%d1%86%d1%96%d1%8e\\\/\",\"url\":\"https:\\\/\\\/www.alausa.lt\\\/uk\\\/%d0%be%d1%82%d1%80%d0%b8%d0%bc%d0%b0%d0%b9%d1%82%d0%b5-%d0%bf%d1%80%d0%be%d0%bf%d0%be%d0%b7%d0%b8%d1%86%d1%96%d1%8e\\\/\",\"name\":\"\u041e\u0442\u0440\u0438\u043c\u0430\u0439\u0442\u0435 \u043f\u0440\u043e\u043f\u043e\u0437\u0438\u0446\u0456\u044e - Alau\u0161a\",\"isPartOf\":{\"@id\":\"https:\\\/\\\/www.alausa.lt\\\/#website\"},\"datePublished\":\"2020-02-21T10:44:45+00:00\",\"dateModified\":\"2023-05-18T10:07:57+00:00\",\"inLanguage\":\"uk\",\"potentialAction\":[{\"@type\":\"ReadAction\",\"target\":[\"https:\\\/\\\/www.alausa.lt\\\/uk\\\/%d0%be%d1%82%d1%80%d0%b8%d0%bc%d0%b0%d0%b9%d1%82%d0%b5-%d0%bf%d1%80%d0%be%d0%bf%d0%be%d0%b7%d0%b8%d1%86%d1%96%d1%8e\\\/\"]}]},{\"@type\":\"WebSite\",\"@id\":\"https:\\\/\\\/www.alausa.lt\\\/#website\",\"url\":\"https:\\\/\\\/www.alausa.lt\\\/\",\"name\":\"Alau\u0161a\",\"description\":\"Lietuvi\u0161kas degalini\u0173 tinklas\",\"potentialAction\":[{\"@type\":\"SearchAction\",\"target\":{\"@type\":\"EntryPoint\",\"urlTemplate\":\"https:\\\/\\\/www.alausa.lt\\\/?s={search_term_string}\"},\"query-input\":{\"@type\":\"PropertyValueSpecification\",\"valueRequired\":true,\"valueName\":\"search_term_string\"}}],\"inLanguage\":\"uk\"}]}<\/script>\n<!-- \/ Yoast SEO plugin. -->","yoast_head_json":{"title":"\u041e\u0442\u0440\u0438\u043c\u0430\u0439\u0442\u0435 \u043f\u0440\u043e\u043f\u043e\u0437\u0438\u0446\u0456\u044e - Alau\u0161a","robots":{"index":"index","follow":"follow","max-snippet":"max-snippet:-1","max-image-preview":"max-image-preview:large","max-video-preview":"max-video-preview:-1"},"canonical":"https:\/\/www.alausa.lt\/uk\/\u043e\u0442\u0440\u0438\u043c\u0430\u0439\u0442\u0435-\u043f\u0440\u043e\u043f\u043e\u0437\u0438\u0446\u0456\u044e\/","og_locale":"uk_UA","og_type":"article","og_title":"\u041e\u0442\u0440\u0438\u043c\u0430\u0439\u0442\u0435 \u043f\u0440\u043e\u043f\u043e\u0437\u0438\u0446\u0456\u044e - Alau\u0161a","og_description":"[vc_row][vc_column width=&#8221;1\/4&#8243;][\/vc_column][vc_column width=&#8221;1\/2&#8243;][\/vc_column][vc_column width=&#8221;1\/4&#8243;][\/vc_column][\/vc_row]","og_url":"https:\/\/www.alausa.lt\/uk\/\u043e\u0442\u0440\u0438\u043c\u0430\u0439\u0442\u0435-\u043f\u0440\u043e\u043f\u043e\u0437\u0438\u0446\u0456\u044e\/","og_site_name":"Alau\u0161a","article_modified_time":"2023-05-18T10:07:57+00:00","twitter_card":"summary_large_image","twitter_misc":{"Est. reading time":"1 minute"},"schema":{"@context":"https:\/\/schema.org","@graph":[{"@type":"WebPage","@id":"https:\/\/www.alausa.lt\/uk\/%d0%be%d1%82%d1%80%d0%b8%d0%bc%d0%b0%d0%b9%d1%82%d0%b5-%d0%bf%d1%80%d0%be%d0%bf%d0%be%d0%b7%d0%b8%d1%86%d1%96%d1%8e\/","url":"https:\/\/www.alausa.lt\/uk\/%d0%be%d1%82%d1%80%d0%b8%d0%bc%d0%b0%d0%b9%d1%82%d0%b5-%d0%bf%d1%80%d0%be%d0%bf%d0%be%d0%b7%d0%b8%d1%86%d1%96%d1%8e\/","name":"\u041e\u0442\u0440\u0438\u043c\u0430\u0439\u0442\u0435 \u043f\u0440\u043e\u043f\u043e\u0437\u0438\u0446\u0456\u044e - Alau\u0161a","isPartOf":{"@id":"https:\/\/www.alausa.lt\/#website"},"datePublished":"2020-02-21T10:44:45+00:00","dateModified":"2023-05-18T10:07:57+00:00","inLanguage":"uk","potentialAction":[{"@type":"ReadAction","target":["https:\/\/www.alausa.lt\/uk\/%d0%be%d1%82%d1%80%d0%b8%d0%bc%d0%b0%d0%b9%d1%82%d0%b5-%d0%bf%d1%80%d0%be%d0%bf%d0%be%d0%b7%d0%b8%d1%86%d1%96%d1%8e\/"]}]},{"@type":"WebSite","@id":"https:\/\/www.alausa.lt\/#website","url":"https:\/\/www.alausa.lt\/","name":"Alau\u0161a","description":"Lietuvi\u0161kas degalini\u0173 tinklas","potentialAction":[{"@type":"SearchAction","target":{"@type":"EntryPoint","urlTemplate":"https:\/\/www.alausa.lt\/?s={search_term_string}"},"query-input":{"@type":"PropertyValueSpecification","valueRequired":true,"valueName":"search_term_string"}}],"inLanguage":"uk"}]}},"_links":{"self":[{"href":"https:\/\/www.alausa.lt\/uk\/wp-json\/wp\/v2\/pages\/1498","targetHints":{"allow":["GET"]}}],"collection":[{"href":"https:\/\/www.alausa.lt\/uk\/wp-json\/wp\/v2\/pages"}],"about":[{"href":"https:\/\/www.alausa.lt\/uk\/wp-json\/wp\/v2\/types\/page"}],"author":[{"embeddable":true,"href":"https:\/\/www.alausa.lt\/uk\/wp-json\/wp\/v2\/users\/1"}],"replies":[{"embeddable":true,"href":"https:\/\/www.alausa.lt\/uk\/wp-json\/wp\/v2\/comments?post=1498"}],"version-history":[{"count":2,"href":"https:\/\/www.alausa.lt\/uk\/wp-json\/wp\/v2\/pages\/1498\/revisions"}],"predecessor-version":[{"id":1613,"href":"https:\/\/www.alausa.lt\/uk\/wp-json\/wp\/v2\/pages\/1498\/revisions\/1613"}],"wp:attachment":[{"href":"https:\/\/www.alausa.lt\/uk\/wp-json\/wp\/v2\/media?parent=1498"}],"curies":[{"name":"wp","href":"https:\/\/api.w.org\/{rel}","templated":true}]}}