{"id":658,"date":"2019-10-01T21:40:26","date_gmt":"2019-10-01T18:40:26","guid":{"rendered":"http:\/\/alausa.lt\/wholesale-trade\/"},"modified":"2023-11-30T13:53:20","modified_gmt":"2023-11-30T10:53:20","slug":"%d0%be%d0%bf%d1%82%d0%be%d0%b2%d0%b0%d1%8f-%d1%82%d0%be%d1%80%d0%b3%d0%be%d0%b2%d0%bb%d1%8f","status":"publish","type":"page","link":"https:\/\/www.alausa.lt\/ru\/%d0%be%d0%bf%d1%82%d0%be%d0%b2%d0%b0%d1%8f-%d1%82%d0%be%d1%80%d0%b3%d0%be%d0%b2%d0%bb%d1%8f\/","title":{"rendered":"\u041e\u043f\u0442\u043e\u0432\u0430\u044f \u0442\u043e\u0440\u0433\u043e\u0432\u043b\u044f"},"content":{"rendered":"<div class=\"wpb-content-wrapper\"><p>[vc_row][vc_column][vc_column_text]<\/p>\n<p class=\"big\" style=\"text-align: center;\">\u0417\u0410\u041e \u00abAlau\u0161a\u00bb \u043e\u0441\u0443\u0449\u0435\u0441\u0442\u0432\u043b\u044f\u0435\u0442 \u043e\u043f\u0442\u043e\u0432\u0443\u044e \u0442\u043e\u0440\u0433\u043e\u0432\u043b\u044e \u043d\u0435\u0444\u0442\u0435\u043f\u0440\u043e\u0434\u0443\u043a\u0442\u0430\u043c\u0438. \u041d\u0435\u0444\u0442\u0435\u043f\u0440\u043e\u0434\u0443\u043a\u0442\u044b \u043c\u044b \u043f\u043e\u0441\u0442\u0430\u0432\u043b\u044f\u0435\u043c \u043d\u0430 \u043d\u0430\u0448\u0435\u043c \u0442\u0440\u0430\u043d\u0441\u043f\u043e\u0440\u0442\u0435 \u0432 \u043b\u044e\u0431\u043e\u0435 \u043c\u0435\u0441\u0442\u043e \u041b\u0438\u0442\u0432\u044b.<\/p>\n<p style=\"text-align: center;\">\u0426\u0435\u043d\u0430 \u043d\u0430 \u0442\u043e\u0440\u0433\u0443\u0435\u043c\u044b\u0435 \u043d\u0435\u0444\u0442\u0435\u043f\u0440\u043e\u0434\u0443\u043a\u0442\u044b \u0435\u0436\u0435\u0434\u043d\u0435\u0432\u043d\u043e \u043c\u0435\u043d\u044f\u0435\u0442\u0441\u044f \u0438\u0437-\u0437\u0430 \u0432\u043e\u043b\u0430\u0442\u0438\u043b\u044c\u043d\u043e\u0441\u0442\u0438 \u0440\u044b\u043d\u043e\u0447\u043d\u044b\u0445 \u043f\u043e\u043a\u0430\u0437\u0430\u0442\u0435\u043b\u0435\u0439, \u0432\u043b\u0438\u044f\u044e\u0449\u0438\u0445 \u043d\u0430 \u0446\u0435\u043d\u044b \u043d\u0430 \u043d\u0435\u0444\u0442\u044c. \u041f\u043e \u044d\u0442\u043e\u0439 \u043f\u0440\u0438\u0447\u0438\u043d\u0435 \u043c\u044b \u043d\u0435 \u043c\u043e\u0436\u0435\u043c \u043f\u0440\u0435\u0434\u0441\u043a\u0430\u0437\u0430\u0442\u044c, \u043a\u0430\u043a\u043e\u0439 \u0431\u0443\u0434\u0435\u0442 \u0446\u0435\u043d\u0430 \u043d\u0430 \u0442\u043e\u043f\u043b\u0438\u0432\u043e \u043d\u0430 \u0441\u043b\u0435\u0434\u0443\u044e\u0449\u0438\u0439 \u0434\u0435\u043d\u044c. \u0412 \u0440\u0435\u0437\u0443\u043b\u044c\u0442\u0430\u0442\u0435 \u043d\u0430 \u043c\u043e\u043c\u0435\u043d\u0442 \u043f\u0440\u0438\u043d\u044f\u0442\u0438\u044f \u0437\u0430\u043a\u0430\u0437\u0430 \u043c\u044b \u043c\u043e\u0436\u0435\u043c \u0441\u043e\u043e\u0431\u0449\u0438\u0442\u044c \u0432\u0430\u043c \u0446\u0435\u043d\u0443 \u0442\u043e\u043b\u044c\u043a\u043e \u043d\u0430 \u044d\u0442\u043e\u0442 \u0434\u0435\u043d\u044c, \u043f\u043e \u043a\u043e\u0442\u043e\u0440\u043e\u0439 \u043c\u044b \u043d\u0435 \u043e\u0431\u044f\u0437\u0443\u0435\u043c\u0441\u044f \u0434\u043e\u0441\u0442\u0430\u0432\u0438\u0442\u044c \u0442\u043e\u043f\u043b\u0438\u0432\u043e \u0432 \u043b\u044e\u0431\u043e\u0439 \u0434\u0435\u043d\u044c \u043f\u043e\u0437\u0436\u0435 \u0434\u043d\u044f \u043f\u0440\u0438\u043d\u044f\u0442\u0438\u044f \u0437\u0430\u043a\u0430\u0437\u0430.<\/p>\n<p class=\"big\" style=\"text-align: center;\">\u0420\u0430\u0441\u0447\u0451\u0442\u043d\u044b\u0435 \u043e\u043f\u0435\u0440\u0430\u0446\u0438\u0438 &#8211; \u043d\u0430 \u0431\u043b\u0430\u0433\u043e\u043f\u0440\u0438\u044f\u0442\u043d\u044b\u0445 \u0434\u043b\u044f \u0412\u0430\u0441 \u0443\u0441\u043b\u043e\u0432\u0438\u044f\u0445.<\/p>\n<p>[\/vc_column_text][vc_separator][vc_column_text]<\/p>\n<p style=\"text-align: center;\"><b>\u041e\u043f\u0442\u043e\u0432\u0430\u044f \u0442\u043e\u0440\u0433\u043e\u0432\u043b\u044f:<\/b><\/p>\n<p style=\"text-align: center;\">Martyna Bili\u016bnait\u0117<br \/>\n\u0422\u0435\u043b\u0435\u0444\u043e\u043d: <a href=\"tel:+37061247508\">+370 612 47508<\/a><br \/>\n\u042d\u043b. \u043f\u043e\u0447\u0442\u0430: <a href=\"mailto:martyna@alausa.lt\">martyna@alausa.lt<\/a><\/p>\n<p style=\"text-align: center;\">Linas Slap\u0161ys<br \/>\n\u0422\u0435\u043b\u0435\u0444\u043e\u043d: <a href=\"tel:+37061177497\">+370\u00a0611 77497<\/a><br \/>\n\u042d\u043b. \u043f\u043e\u0447\u0442\u0430: <a href=\"mailto:linas@alausa.lt\">linas@alausa.lt<\/a><\/p>\n<p>[\/vc_column_text][vc_single_image image=&#8221;370&#8243; img_size=&#8221;full&#8221; alignment=&#8221;center&#8221;][\/vc_column][\/vc_row]<\/p>\n<\/div>","protected":false},"excerpt":{"rendered":"<p>[vc_row][vc_column][vc_column_text] \u0417\u0410\u041e \u00abAlau\u0161a\u00bb \u043e\u0441\u0443\u0449\u0435\u0441\u0442\u0432\u043b\u044f\u0435\u0442 \u043e\u043f\u0442\u043e\u0432\u0443\u044e \u0442\u043e\u0440\u0433\u043e\u0432\u043b\u044e \u043d\u0435\u0444\u0442\u0435\u043f\u0440\u043e\u0434\u0443\u043a\u0442\u0430\u043c\u0438. \u041d\u0435\u0444\u0442\u0435\u043f\u0440\u043e\u0434\u0443\u043a\u0442\u044b \u043c\u044b \u043f\u043e\u0441\u0442\u0430\u0432\u043b\u044f\u0435\u043c \u043d\u0430 \u043d\u0430\u0448\u0435\u043c \u0442\u0440\u0430\u043d\u0441\u043f\u043e\u0440\u0442\u0435 \u0432 \u043b\u044e\u0431\u043e\u0435 \u043c\u0435\u0441\u0442\u043e \u041b\u0438\u0442\u0432\u044b. \u0426\u0435\u043d\u0430 \u043d\u0430 \u0442\u043e\u0440\u0433\u0443\u0435\u043c\u044b\u0435 \u043d\u0435\u0444\u0442\u0435\u043f\u0440\u043e\u0434\u0443\u043a\u0442\u044b \u0435\u0436\u0435\u0434\u043d\u0435\u0432\u043d\u043e \u043c\u0435\u043d\u044f\u0435\u0442\u0441\u044f \u0438\u0437-\u0437\u0430 \u0432\u043e\u043b\u0430\u0442\u0438\u043b\u044c\u043d\u043e\u0441\u0442\u0438 \u0440\u044b\u043d\u043e\u0447\u043d\u044b\u0445 \u043f\u043e\u043a\u0430\u0437\u0430\u0442\u0435\u043b\u0435\u0439, \u0432\u043b\u0438\u044f\u044e\u0449\u0438\u0445 \u043d\u0430 \u0446\u0435\u043d\u044b \u043d\u0430 \u043d\u0435\u0444\u0442\u044c. \u041f\u043e \u044d\u0442\u043e\u0439 \u043f\u0440\u0438\u0447\u0438\u043d\u0435 \u043c\u044b \u043d\u0435 \u043c\u043e\u0436\u0435\u043c \u043f\u0440\u0435\u0434\u0441\u043a\u0430\u0437\u0430\u0442\u044c, \u043a\u0430\u043a\u043e\u0439 \u0431\u0443\u0434\u0435\u0442 \u0446\u0435\u043d\u0430 \u043d\u0430 \u0442\u043e\u043f\u043b\u0438\u0432\u043e \u043d\u0430 \u0441\u043b\u0435\u0434\u0443\u044e\u0449\u0438\u0439 \u0434\u0435\u043d\u044c. \u0412 \u0440\u0435\u0437\u0443\u043b\u044c\u0442\u0430\u0442\u0435 \u043d\u0430 \u043c\u043e\u043c\u0435\u043d\u0442 \u043f\u0440\u0438\u043d\u044f\u0442\u0438\u044f \u0437\u0430\u043a\u0430\u0437\u0430 \u043c\u044b \u043c\u043e\u0436\u0435\u043c&hellip;<\/p>\n","protected":false},"author":1,"featured_media":0,"parent":0,"menu_order":5,"comment_status":"closed","ping_status":"closed","template":"","meta":{"footnotes":""},"class_list":["post-658","page","type-page","status-publish","hentry","description-off"],"yoast_head":"<!-- This site is optimized with the Yoast SEO plugin v27.3 - https:\/\/yoast.com\/product\/yoast-seo-wordpress\/ -->\n<title>\u041e\u043f\u0442\u043e\u0432\u0430\u044f \u0442\u043e\u0440\u0433\u043e\u0432\u043b\u044f - Alau\u0161a<\/title>\n<meta name=\"robots\" content=\"index, follow, max-snippet:-1, max-image-preview:large, max-video-preview:-1\" \/>\n<link rel=\"canonical\" href=\"https:\/\/www.alausa.lt\/ru\/\u043e\u043f\u0442\u043e\u0432\u0430\u044f-\u0442\u043e\u0440\u0433\u043e\u0432\u043b\u044f\/\" \/>\n<meta property=\"og:locale\" content=\"ru_RU\" \/>\n<meta property=\"og:type\" content=\"article\" \/>\n<meta property=\"og:title\" content=\"\u041e\u043f\u0442\u043e\u0432\u0430\u044f \u0442\u043e\u0440\u0433\u043e\u0432\u043b\u044f - Alau\u0161a\" \/>\n<meta property=\"og:description\" content=\"[vc_row][vc_column][vc_column_text] \u0417\u0410\u041e \u00abAlau\u0161a\u00bb \u043e\u0441\u0443\u0449\u0435\u0441\u0442\u0432\u043b\u044f\u0435\u0442 \u043e\u043f\u0442\u043e\u0432\u0443\u044e \u0442\u043e\u0440\u0433\u043e\u0432\u043b\u044e \u043d\u0435\u0444\u0442\u0435\u043f\u0440\u043e\u0434\u0443\u043a\u0442\u0430\u043c\u0438. \u041d\u0435\u0444\u0442\u0435\u043f\u0440\u043e\u0434\u0443\u043a\u0442\u044b \u043c\u044b \u043f\u043e\u0441\u0442\u0430\u0432\u043b\u044f\u0435\u043c \u043d\u0430 \u043d\u0430\u0448\u0435\u043c \u0442\u0440\u0430\u043d\u0441\u043f\u043e\u0440\u0442\u0435 \u0432 \u043b\u044e\u0431\u043e\u0435 \u043c\u0435\u0441\u0442\u043e \u041b\u0438\u0442\u0432\u044b. \u0426\u0435\u043d\u0430 \u043d\u0430 \u0442\u043e\u0440\u0433\u0443\u0435\u043c\u044b\u0435 \u043d\u0435\u0444\u0442\u0435\u043f\u0440\u043e\u0434\u0443\u043a\u0442\u044b \u0435\u0436\u0435\u0434\u043d\u0435\u0432\u043d\u043e \u043c\u0435\u043d\u044f\u0435\u0442\u0441\u044f \u0438\u0437-\u0437\u0430 \u0432\u043e\u043b\u0430\u0442\u0438\u043b\u044c\u043d\u043e\u0441\u0442\u0438 \u0440\u044b\u043d\u043e\u0447\u043d\u044b\u0445 \u043f\u043e\u043a\u0430\u0437\u0430\u0442\u0435\u043b\u0435\u0439, \u0432\u043b\u0438\u044f\u044e\u0449\u0438\u0445 \u043d\u0430 \u0446\u0435\u043d\u044b \u043d\u0430 \u043d\u0435\u0444\u0442\u044c. \u041f\u043e \u044d\u0442\u043e\u0439 \u043f\u0440\u0438\u0447\u0438\u043d\u0435 \u043c\u044b \u043d\u0435 \u043c\u043e\u0436\u0435\u043c \u043f\u0440\u0435\u0434\u0441\u043a\u0430\u0437\u0430\u0442\u044c, \u043a\u0430\u043a\u043e\u0439 \u0431\u0443\u0434\u0435\u0442 \u0446\u0435\u043d\u0430 \u043d\u0430 \u0442\u043e\u043f\u043b\u0438\u0432\u043e \u043d\u0430 \u0441\u043b\u0435\u0434\u0443\u044e\u0449\u0438\u0439 \u0434\u0435\u043d\u044c. \u0412 \u0440\u0435\u0437\u0443\u043b\u044c\u0442\u0430\u0442\u0435 \u043d\u0430 \u043c\u043e\u043c\u0435\u043d\u0442 \u043f\u0440\u0438\u043d\u044f\u0442\u0438\u044f \u0437\u0430\u043a\u0430\u0437\u0430 \u043c\u044b \u043c\u043e\u0436\u0435\u043c&hellip;\" \/>\n<meta property=\"og:url\" content=\"https:\/\/www.alausa.lt\/ru\/\u043e\u043f\u0442\u043e\u0432\u0430\u044f-\u0442\u043e\u0440\u0433\u043e\u0432\u043b\u044f\/\" \/>\n<meta property=\"og:site_name\" content=\"Alau\u0161a\" \/>\n<meta property=\"article:modified_time\" content=\"2023-11-30T10:53:20+00:00\" \/>\n<meta name=\"twitter:card\" content=\"summary_large_image\" \/>\n<meta name=\"twitter:label1\" content=\"\u041f\u0440\u0438\u043c\u0435\u0440\u043d\u043e\u0435 \u0432\u0440\u0435\u043c\u044f \u0434\u043b\u044f \u0447\u0442\u0435\u043d\u0438\u044f\" \/>\n\t<meta name=\"twitter:data1\" content=\"1 \u043c\u0438\u043d\u0443\u0442\u0430\" \/>\n<script type=\"application\/ld+json\" class=\"yoast-schema-graph\">{\"@context\":\"https:\\\/\\\/schema.org\",\"@graph\":[{\"@type\":\"WebPage\",\"@id\":\"https:\\\/\\\/www.alausa.lt\\\/ru\\\/%d0%be%d0%bf%d1%82%d0%be%d0%b2%d0%b0%d1%8f-%d1%82%d0%be%d1%80%d0%b3%d0%be%d0%b2%d0%bb%d1%8f\\\/\",\"url\":\"https:\\\/\\\/www.alausa.lt\\\/ru\\\/%d0%be%d0%bf%d1%82%d0%be%d0%b2%d0%b0%d1%8f-%d1%82%d0%be%d1%80%d0%b3%d0%be%d0%b2%d0%bb%d1%8f\\\/\",\"name\":\"\u041e\u043f\u0442\u043e\u0432\u0430\u044f \u0442\u043e\u0440\u0433\u043e\u0432\u043b\u044f - Alau\u0161a\",\"isPartOf\":{\"@id\":\"https:\\\/\\\/www.alausa.lt\\\/#website\"},\"datePublished\":\"2019-10-01T18:40:26+00:00\",\"dateModified\":\"2023-11-30T10:53:20+00:00\",\"inLanguage\":\"ru-RU\",\"potentialAction\":[{\"@type\":\"ReadAction\",\"target\":[\"https:\\\/\\\/www.alausa.lt\\\/ru\\\/%d0%be%d0%bf%d1%82%d0%be%d0%b2%d0%b0%d1%8f-%d1%82%d0%be%d1%80%d0%b3%d0%be%d0%b2%d0%bb%d1%8f\\\/\"]}]},{\"@type\":\"WebSite\",\"@id\":\"https:\\\/\\\/www.alausa.lt\\\/#website\",\"url\":\"https:\\\/\\\/www.alausa.lt\\\/\",\"name\":\"Alau\u0161a\",\"description\":\"Lietuvi\u0161kas degalini\u0173 tinklas\",\"potentialAction\":[{\"@type\":\"SearchAction\",\"target\":{\"@type\":\"EntryPoint\",\"urlTemplate\":\"https:\\\/\\\/www.alausa.lt\\\/?s={search_term_string}\"},\"query-input\":{\"@type\":\"PropertyValueSpecification\",\"valueRequired\":true,\"valueName\":\"search_term_string\"}}],\"inLanguage\":\"ru-RU\"}]}<\/script>\n<!-- \/ Yoast SEO plugin. -->","yoast_head_json":{"title":"\u041e\u043f\u0442\u043e\u0432\u0430\u044f \u0442\u043e\u0440\u0433\u043e\u0432\u043b\u044f - Alau\u0161a","robots":{"index":"index","follow":"follow","max-snippet":"max-snippet:-1","max-image-preview":"max-image-preview:large","max-video-preview":"max-video-preview:-1"},"canonical":"https:\/\/www.alausa.lt\/ru\/\u043e\u043f\u0442\u043e\u0432\u0430\u044f-\u0442\u043e\u0440\u0433\u043e\u0432\u043b\u044f\/","og_locale":"ru_RU","og_type":"article","og_title":"\u041e\u043f\u0442\u043e\u0432\u0430\u044f \u0442\u043e\u0440\u0433\u043e\u0432\u043b\u044f - Alau\u0161a","og_description":"[vc_row][vc_column][vc_column_text] \u0417\u0410\u041e \u00abAlau\u0161a\u00bb \u043e\u0441\u0443\u0449\u0435\u0441\u0442\u0432\u043b\u044f\u0435\u0442 \u043e\u043f\u0442\u043e\u0432\u0443\u044e \u0442\u043e\u0440\u0433\u043e\u0432\u043b\u044e \u043d\u0435\u0444\u0442\u0435\u043f\u0440\u043e\u0434\u0443\u043a\u0442\u0430\u043c\u0438. \u041d\u0435\u0444\u0442\u0435\u043f\u0440\u043e\u0434\u0443\u043a\u0442\u044b \u043c\u044b \u043f\u043e\u0441\u0442\u0430\u0432\u043b\u044f\u0435\u043c \u043d\u0430 \u043d\u0430\u0448\u0435\u043c \u0442\u0440\u0430\u043d\u0441\u043f\u043e\u0440\u0442\u0435 \u0432 \u043b\u044e\u0431\u043e\u0435 \u043c\u0435\u0441\u0442\u043e \u041b\u0438\u0442\u0432\u044b. \u0426\u0435\u043d\u0430 \u043d\u0430 \u0442\u043e\u0440\u0433\u0443\u0435\u043c\u044b\u0435 \u043d\u0435\u0444\u0442\u0435\u043f\u0440\u043e\u0434\u0443\u043a\u0442\u044b \u0435\u0436\u0435\u0434\u043d\u0435\u0432\u043d\u043e \u043c\u0435\u043d\u044f\u0435\u0442\u0441\u044f \u0438\u0437-\u0437\u0430 \u0432\u043e\u043b\u0430\u0442\u0438\u043b\u044c\u043d\u043e\u0441\u0442\u0438 \u0440\u044b\u043d\u043e\u0447\u043d\u044b\u0445 \u043f\u043e\u043a\u0430\u0437\u0430\u0442\u0435\u043b\u0435\u0439, \u0432\u043b\u0438\u044f\u044e\u0449\u0438\u0445 \u043d\u0430 \u0446\u0435\u043d\u044b \u043d\u0430 \u043d\u0435\u0444\u0442\u044c. \u041f\u043e \u044d\u0442\u043e\u0439 \u043f\u0440\u0438\u0447\u0438\u043d\u0435 \u043c\u044b \u043d\u0435 \u043c\u043e\u0436\u0435\u043c \u043f\u0440\u0435\u0434\u0441\u043a\u0430\u0437\u0430\u0442\u044c, \u043a\u0430\u043a\u043e\u0439 \u0431\u0443\u0434\u0435\u0442 \u0446\u0435\u043d\u0430 \u043d\u0430 \u0442\u043e\u043f\u043b\u0438\u0432\u043e \u043d\u0430 \u0441\u043b\u0435\u0434\u0443\u044e\u0449\u0438\u0439 \u0434\u0435\u043d\u044c. \u0412 \u0440\u0435\u0437\u0443\u043b\u044c\u0442\u0430\u0442\u0435 \u043d\u0430 \u043c\u043e\u043c\u0435\u043d\u0442 \u043f\u0440\u0438\u043d\u044f\u0442\u0438\u044f \u0437\u0430\u043a\u0430\u0437\u0430 \u043c\u044b \u043c\u043e\u0436\u0435\u043c&hellip;","og_url":"https:\/\/www.alausa.lt\/ru\/\u043e\u043f\u0442\u043e\u0432\u0430\u044f-\u0442\u043e\u0440\u0433\u043e\u0432\u043b\u044f\/","og_site_name":"Alau\u0161a","article_modified_time":"2023-11-30T10:53:20+00:00","twitter_card":"summary_large_image","twitter_misc":{"\u041f\u0440\u0438\u043c\u0435\u0440\u043d\u043e\u0435 \u0432\u0440\u0435\u043c\u044f \u0434\u043b\u044f \u0447\u0442\u0435\u043d\u0438\u044f":"1 \u043c\u0438\u043d\u0443\u0442\u0430"},"schema":{"@context":"https:\/\/schema.org","@graph":[{"@type":"WebPage","@id":"https:\/\/www.alausa.lt\/ru\/%d0%be%d0%bf%d1%82%d0%be%d0%b2%d0%b0%d1%8f-%d1%82%d0%be%d1%80%d0%b3%d0%be%d0%b2%d0%bb%d1%8f\/","url":"https:\/\/www.alausa.lt\/ru\/%d0%be%d0%bf%d1%82%d0%be%d0%b2%d0%b0%d1%8f-%d1%82%d0%be%d1%80%d0%b3%d0%be%d0%b2%d0%bb%d1%8f\/","name":"\u041e\u043f\u0442\u043e\u0432\u0430\u044f \u0442\u043e\u0440\u0433\u043e\u0432\u043b\u044f - Alau\u0161a","isPartOf":{"@id":"https:\/\/www.alausa.lt\/#website"},"datePublished":"2019-10-01T18:40:26+00:00","dateModified":"2023-11-30T10:53:20+00:00","inLanguage":"ru-RU","potentialAction":[{"@type":"ReadAction","target":["https:\/\/www.alausa.lt\/ru\/%d0%be%d0%bf%d1%82%d0%be%d0%b2%d0%b0%d1%8f-%d1%82%d0%be%d1%80%d0%b3%d0%be%d0%b2%d0%bb%d1%8f\/"]}]},{"@type":"WebSite","@id":"https:\/\/www.alausa.lt\/#website","url":"https:\/\/www.alausa.lt\/","name":"Alau\u0161a","description":"Lietuvi\u0161kas degalini\u0173 tinklas","potentialAction":[{"@type":"SearchAction","target":{"@type":"EntryPoint","urlTemplate":"https:\/\/www.alausa.lt\/?s={search_term_string}"},"query-input":{"@type":"PropertyValueSpecification","valueRequired":true,"valueName":"search_term_string"}}],"inLanguage":"ru-RU"}]}},"_links":{"self":[{"href":"https:\/\/www.alausa.lt\/ru\/wp-json\/wp\/v2\/pages\/658","targetHints":{"allow":["GET"]}}],"collection":[{"href":"https:\/\/www.alausa.lt\/ru\/wp-json\/wp\/v2\/pages"}],"about":[{"href":"https:\/\/www.alausa.lt\/ru\/wp-json\/wp\/v2\/types\/page"}],"author":[{"embeddable":true,"href":"https:\/\/www.alausa.lt\/ru\/wp-json\/wp\/v2\/users\/1"}],"replies":[{"embeddable":true,"href":"https:\/\/www.alausa.lt\/ru\/wp-json\/wp\/v2\/comments?post=658"}],"version-history":[{"count":5,"href":"https:\/\/www.alausa.lt\/ru\/wp-json\/wp\/v2\/pages\/658\/revisions"}],"predecessor-version":[{"id":1746,"href":"https:\/\/www.alausa.lt\/ru\/wp-json\/wp\/v2\/pages\/658\/revisions\/1746"}],"wp:attachment":[{"href":"https:\/\/www.alausa.lt\/ru\/wp-json\/wp\/v2\/media?parent=658"}],"curies":[{"name":"wp","href":"https:\/\/api.w.org\/{rel}","templated":true}]}}