{"id":656,"date":"2019-10-01T20:40:39","date_gmt":"2019-10-01T17:40:39","guid":{"rendered":"http:\/\/alausa.lt\/pradzia\/"},"modified":"2026-01-15T14:36:17","modified_gmt":"2026-01-15T11:36:17","slug":"pradzia","status":"publish","type":"page","link":"https:\/\/www.alausa.lt\/ru\/","title":{"rendered":"\u041d\u0430\u0447\u0430\u043b\u043e"},"content":{"rendered":"<div class=\"wpb-content-wrapper\"><p>[vc_row full_width=&#8221;stretch_row_content_no_spaces&#8221; css=&#8221;.vc_custom_1583146908877{margin-top: -70px !important;margin-bottom: 50px !important;}&#8221;][vc_column][\/vc_column][\/vc_row][vc_row full_width=&#8221;stretch_row&#8221; css=&#8221;.vc_custom_1575723583451{margin-top: -50px !important;margin-bottom: 0px !important;border-bottom-width: 50px !important;padding-top: 20px !important;background-color: #f7f7f7 !important;}&#8221;][vc_column][vc_custom_heading text=&#8221;\u041e \u043d\u0430\u0441&#8221; font_container=&#8221;tag:h2|text_align:center|color:%23121936&#8243; use_theme_fonts=&#8221;yes&#8221;][vc_row_inner css=&#8221;.vc_custom_1575722732663{margin-top: 50px !important;margin-bottom: 20px !important;}&#8221;][vc_column_inner width=&#8221;1\/3&#8243;][vc_single_image image=&#8221;555&#8243; img_size=&#8221;full&#8221; alignment=&#8221;center&#8221; onclick=&#8221;custom_link&#8221; image_hovers=&#8221;false&#8221; link=&#8221;https:\/\/www.alausa.lt\/ru\/\u0430\u0437\u0441\/&#8221;][vc_custom_heading text=&#8221;\u0421\u0435\u0442\u044c \u0410\u0417\u0421&#8221; font_container=&#8221;tag:h3|text_align:center|color:%23121936&#8243; use_theme_fonts=&#8221;yes&#8221; link=&#8221;url:http%3A%2F%2Fwww.alausa.lt%2Fru%2F%25d0%25b0%25d0%25b7%25d1%2581%2F|title:Degalin%C4%97s||&#8221;][vc_column_text css=&#8221;&#8221;]<\/p>\n<p style=\"text-align: center;\">100+ \u0410\u0417\u0421 \u0432 \u0440\u0430\u0437\u043d\u044b\u0445 \u0440\u0430\u0439\u043e\u043d\u0430\u0445 \u041b\u0438\u0442\u0432\u044b<\/p>\n<p>[\/vc_column_text][\/vc_column_inner][vc_column_inner width=&#8221;1\/3&#8243;][vc_single_image image=&#8221;567&#8243; img_size=&#8221;full&#8221; alignment=&#8221;center&#8221; onclick=&#8221;custom_link&#8221; image_hovers=&#8221;false&#8221; link=&#8221;https:\/\/www.alausa.lt\/ru\/\u043e\u043f\u0442\u043e\u0432\u0430\u044f-\u0442\u043e\u0440\u0433\u043e\u0432\u043b\u044f\/&#8221;][vc_custom_heading text=&#8221;\u041e\u043f\u0442\u043e\u0432\u0430\u044f \u0442\u043e\u0440\u0433\u043e\u0432\u043b\u044f&#8221; font_container=&#8221;tag:h3|text_align:center|color:%23121936&#8243; use_theme_fonts=&#8221;yes&#8221; link=&#8221;url:http%3A%2F%2Fwww.alausa.lt%2Fru%2F%25d0%25be%25d0%25bf%25d1%2582%25d0%25be%25d0%25b2%25d0%25b0%25d1%258f-%25d1%2582%25d0%25be%25d1%2580%25d0%25b3%25d0%25be%25d0%25b2%25d0%25bb%25d1%258f%2F|title:Degalin%C4%97s||&#8221;][vc_column_text]<\/p>\n<p style=\"text-align: center;\">\u041c\u044b \u043e\u0441\u0443\u0449\u0435\u0441\u0442\u0432\u043b\u044f\u0435\u043c \u043e\u043f\u0442\u043e\u0432\u0443\u044e \u0442\u043e\u0440\u0433\u043e\u0432\u043b\u044e \u043d\u0435\u0444\u0442\u0435\u043f\u0440\u043e\u0434\u0443\u043a\u0442\u0430\u043c\u0438<\/p>\n<p>[\/vc_column_text][\/vc_column_inner][vc_column_inner width=&#8221;1\/3&#8243;][vc_single_image image=&#8221;581&#8243; img_size=&#8221;full&#8221; alignment=&#8221;center&#8221; onclick=&#8221;custom_link&#8221; image_hovers=&#8221;false&#8221; link=&#8221;https:\/\/www.alausa.lt\/ru\/\u043e\u043f\u0442\u043e\u0432\u0430\u044f-\u0442\u043e\u0440\u0433\u043e\u0432\u043b\u044f\/&#8221;][vc_custom_heading text=&#8221;\u041f\u0435\u0440\u0435\u0432\u043e\u0437\u043a\u0430 \u043d\u0435\u0444\u0442\u0435\u043f\u0440\u043e\u0434\u0443\u043a\u0442\u043e\u0432&#8221; font_container=&#8221;tag:h3|text_align:center|color:%23121936&#8243; use_theme_fonts=&#8221;yes&#8221; link=&#8221;url:http%3A%2F%2Fwww.alausa.lt%2Fru%2F%25d0%25be%25d0%25bf%25d1%2582%25d0%25be%25d0%25b2%25d0%25b0%25d1%258f-%25d1%2582%25d0%25be%25d1%2580%25d0%25b3%25d0%25be%25d0%25b2%25d0%25bb%25d1%258f%2F|title:Degalin%C4%97s||&#8221;][vc_column_text]<\/p>\n<p style=\"text-align: center;\">Transportation is carried out by special transport<\/p>\n<p>[\/vc_column_text][\/vc_column_inner][\/vc_row_inner][\/vc_column][\/vc_row][vc_row full_width=&#8221;stretch_row&#8221; content_placement=&#8221;middle&#8221; bg_type=&#8221;image&#8221; parallax_style=&#8221;vcpb-default&#8221; bg_image_new=&#8221;id^57|url^http:\/\/alausa.lt\/wp-content\/uploads\/2019\/10\/hero-new.jpg|caption^null|alt^null|title^hero-new|description^null&#8221; bg_image_repeat=&#8221;no-repeat&#8221; parallax_content=&#8221;parallax_content_value&#8221; enable_overlay=&#8221;enable_overlay_value&#8221; overlay_color=&#8221;rgba(18,25,54,0.82)&#8221; css=&#8221;.vc_custom_1575722692584{margin-top: 0px !important;padding-top: 140px !important;padding-bottom: 100px !important;}&#8221;][vc_column][vc_custom_heading text=&#8221;\u00abAlau\u0161a\u00bb &#8211; \u043e\u043f\u044b\u0442 \u0441 1990 \u0433\u043e\u0434\u0430!&#8221; font_container=&#8221;tag:h2|text_align:center|color:%23ffffff&#8221; use_theme_fonts=&#8221;yes&#8221;][vc_row_inner css=&#8221;.vc_custom_1571052028603{margin-top: 100px !important;}&#8221;][vc_column_inner width=&#8221;1\/3&#8243;][vc_custom_heading text=&#8221;35+&#8221; font_container=&#8221;tag:h2|font_size:52|text_align:center|color:%2384dade&#8221; use_theme_fonts=&#8221;yes&#8221; css=&#8221;&#8221;][vc_column_text el_class=&#8221;white&#8221;]<\/p>\n<p style=\"text-align: center;\">\u043b\u0435\u0442\u043d\u0438\u0439 \u043e\u043f\u044b\u0442<\/p>\n<p>[\/vc_column_text][\/vc_column_inner][vc_column_inner width=&#8221;1\/3&#8243;][vc_custom_heading text=&#8221;160+&#8221; font_container=&#8221;tag:h2|font_size:52|text_align:center|color:%2384dade&#8221; use_theme_fonts=&#8221;yes&#8221;][vc_column_text el_class=&#8221;white&#8221;]<\/p>\n<p style=\"text-align: center;\">\u0441\u043e\u0442\u0440\u0443\u0434\u043d\u0438\u043a\u043e\u0432<\/p>\n<p>[\/vc_column_text][\/vc_column_inner][vc_column_inner width=&#8221;1\/3&#8243;][vc_custom_heading text=&#8221;100+&#8221; font_container=&#8221;tag:h2|font_size:52|text_align:center|color:%2384dade&#8221; use_theme_fonts=&#8221;yes&#8221; css=&#8221;&#8221;][vc_column_text el_class=&#8221;white&#8221;]<\/p>\n<p style=\"text-align: center;\">\u0410\u0417\u0421 \u0432 \u041b\u0438\u0442\u0432\u0435<\/p>\n<p>[\/vc_column_text][\/vc_column_inner][\/vc_row_inner][\/vc_column][\/vc_row][vc_row][vc_column][vc_custom_heading text=&#8221;\u0412 \u043d\u0430\u0448\u0438\u0445 \u0410\u0417\u0421 \u0432\u044b \u043d\u0430\u0439\u0434\u0435\u0442\u0435&#8221; font_container=&#8221;tag:h2|text_align:center|color:%23121936&#8243; use_theme_fonts=&#8221;yes&#8221;][vc_row_inner css=&#8221;.vc_custom_1571052897262{margin-top: 60px !important;}&#8221;][vc_column_inner width=&#8221;1\/3&#8243;][vc_single_image image=&#8221;509&#8243; img_size=&#8221;full&#8221; alignment=&#8221;center&#8221;][vc_custom_heading text=&#8221;\u041a\u043e\u0444\u0435&#8221; font_container=&#8221;tag:p|font_size:24|text_align:center|color:%23121936&#8243; use_theme_fonts=&#8221;yes&#8221;][\/vc_column_inner][vc_column_inner width=&#8221;1\/3&#8243;][vc_single_image image=&#8221;516&#8243; img_size=&#8221;full&#8221; alignment=&#8221;center&#8221;][vc_custom_heading text=&#8221;\u0422\u0435\u043f\u043b\u044b\u0435 \u0437\u0430\u043a\u0443\u0441\u043a\u0438&#8221; font_container=&#8221;tag:p|font_size:24|text_align:center|color:%23121936&#8243; use_theme_fonts=&#8221;yes&#8221;][\/vc_column_inner][vc_column_inner width=&#8221;1\/3&#8243;][vc_single_image image=&#8221;519&#8243; img_size=&#8221;full&#8221; alignment=&#8221;center&#8221;][vc_custom_heading text=&#8221;\u041c\u0430\u0433\u0430\u0437\u0438\u043d&#8221; font_container=&#8221;tag:p|font_size:24|text_align:center|color:%23121936&#8243; use_theme_fonts=&#8221;yes&#8221;][\/vc_column_inner][\/vc_row_inner][vc_row_inner css=&#8221;.vc_custom_1571052028603{margin-top: 100px !important;}&#8221;][vc_column_inner width=&#8221;1\/3&#8243;][vc_single_image image=&#8221;525&#8243; img_size=&#8221;full&#8221; alignment=&#8221;center&#8221;][vc_custom_heading text=&#8221;Wi-Fi \u0434\u043e\u0441\u0442\u0443\u043f&#8221; font_container=&#8221;tag:p|font_size:24|text_align:center|color:%23121936&#8243; use_theme_fonts=&#8221;yes&#8221;][\/vc_column_inner][vc_column_inner width=&#8221;1\/3&#8243;][vc_single_image image=&#8221;513&#8243; img_size=&#8221;full&#8221; alignment=&#8221;center&#8221;][vc_custom_heading text=&#8221;\u041c\u043e\u0439\u043a\u0443&#8221; font_container=&#8221;tag:p|font_size:24|text_align:center|color:%23121936&#8243; use_theme_fonts=&#8221;yes&#8221;][\/vc_column_inner][vc_column_inner width=&#8221;1\/3&#8243;][vc_single_image image=&#8221;529&#8243; img_size=&#8221;full&#8221; alignment=&#8221;center&#8221;][vc_custom_heading text=&#8221;WC&#8221; font_container=&#8221;tag:p|font_size:24|text_align:center|color:%23121936&#8243; use_theme_fonts=&#8221;yes&#8221;][\/vc_column_inner][\/vc_row_inner][\/vc_column][\/vc_row]<\/p>\n<\/div>","protected":false},"excerpt":{"rendered":"<p>[vc_row full_width=&#8221;stretch_row_content_no_spaces&#8221; css=&#8221;.vc_custom_1583146908877{margin-top: -70px !important;margin-bottom: 50px !important;}&#8221;][vc_column][\/vc_column][\/vc_row][vc_row full_width=&#8221;stretch_row&#8221; css=&#8221;.vc_custom_1575723583451{margin-top: -50px !important;margin-bottom: 0px !important;border-bottom-width: 50px !important;padding-top: 20px !important;background-color: #f7f7f7 !important;}&#8221;][vc_column][vc_custom_heading text=&#8221;\u041e \u043d\u0430\u0441&#8221; font_container=&#8221;tag:h2|text_align:center|color:%23121936&#8243; use_theme_fonts=&#8221;yes&#8221;][vc_row_inner css=&#8221;.vc_custom_1575722732663{margin-top: 50px !important;margin-bottom: 20px !important;}&#8221;][vc_column_inner width=&#8221;1\/3&#8243;][vc_single_image image=&#8221;555&#8243; img_size=&#8221;full&#8221; alignment=&#8221;center&#8221; onclick=&#8221;custom_link&#8221; image_hovers=&#8221;false&#8221; link=&#8221;https:\/\/www.alausa.lt\/ru\/\u0430\u0437\u0441\/&#8221;][vc_custom_heading text=&#8221;\u0421\u0435\u0442\u044c \u0410\u0417\u0421&#8221; font_container=&#8221;tag:h3|text_align:center|color:%23121936&#8243; use_theme_fonts=&#8221;yes&#8221; link=&#8221;url:http%3A%2F%2Fwww.alausa.lt%2Fru%2F%25d0%25b0%25d0%25b7%25d1%2581%2F|title:Degalin%C4%97s||&#8221;][vc_column_text css=&#8221;&#8221;] 100+ \u0410\u0417\u0421 \u0432 \u0440\u0430\u0437\u043d\u044b\u0445 \u0440\u0430\u0439\u043e\u043d\u0430\u0445 \u041b\u0438\u0442\u0432\u044b [\/vc_column_text][\/vc_column_inner][vc_column_inner width=&#8221;1\/3&#8243;][vc_single_image image=&#8221;567&#8243; img_size=&#8221;full&#8221; alignment=&#8221;center&#8221; onclick=&#8221;custom_link&#8221; image_hovers=&#8221;false&#8221; link=&#8221;https:\/\/www.alausa.lt\/ru\/\u043e\u043f\u0442\u043e\u0432\u0430\u044f-\u0442\u043e\u0440\u0433\u043e\u0432\u043b\u044f\/&#8221;][vc_custom_heading&hellip;<\/p>\n","protected":false},"author":1,"featured_media":59,"parent":0,"menu_order":38,"comment_status":"closed","ping_status":"closed","template":"","meta":{"footnotes":""},"class_list":["post-656","page","type-page","status-publish","has-post-thumbnail","hentry","description-off"],"yoast_head":"<!-- This site is optimized with the Yoast SEO plugin v27.3 - https:\/\/yoast.com\/product\/yoast-seo-wordpress\/ -->\n<title>Lietuvi\u0161kas degalini\u0173 tinklas \u201eAlau\u0161a\u201c<\/title>\n<meta name=\"description\" content=\"Daugiau nei 80 degalini\u0173 tinklas \u012fvairiose Lietuvos vietov\u0117se. Taip pat vykdome didmenin\u0119 prekyb\u0105 naftos produktais bei j\u0173 perve\u017eimus.\" \/>\n<meta name=\"robots\" content=\"index, follow, max-snippet:-1, max-image-preview:large, max-video-preview:-1\" \/>\n<link rel=\"canonical\" href=\"https:\/\/www.alausa.lt\/ru\/\" \/>\n<meta property=\"og:locale\" content=\"ru_RU\" \/>\n<meta property=\"og:type\" content=\"article\" \/>\n<meta property=\"og:title\" content=\"Lietuvi\u0161kas degalini\u0173 tinklas \u201eAlau\u0161a\u201c\" \/>\n<meta property=\"og:description\" content=\"Daugiau nei 80 degalini\u0173 tinklas \u012fvairiose Lietuvos vietov\u0117se. Taip pat vykdome didmenin\u0119 prekyb\u0105 naftos produktais bei j\u0173 perve\u017eimus.\" \/>\n<meta property=\"og:url\" content=\"https:\/\/www.alausa.lt\/ru\/\" \/>\n<meta property=\"og:site_name\" content=\"Alau\u0161a\" \/>\n<meta property=\"article:modified_time\" content=\"2026-01-15T11:36:17+00:00\" \/>\n<meta property=\"og:image\" content=\"https:\/\/www.alausa.lt\/wp-content\/uploads\/2019\/10\/hero-new.jpg\" \/>\n\t<meta property=\"og:image:width\" content=\"1920\" \/>\n\t<meta property=\"og:image:height\" content=\"1080\" \/>\n\t<meta property=\"og:image:type\" content=\"image\/jpeg\" \/>\n<meta name=\"twitter:card\" content=\"summary_large_image\" \/>\n<meta name=\"twitter:label1\" content=\"\u041f\u0440\u0438\u043c\u0435\u0440\u043d\u043e\u0435 \u0432\u0440\u0435\u043c\u044f \u0434\u043b\u044f \u0447\u0442\u0435\u043d\u0438\u044f\" \/>\n\t<meta name=\"twitter:data1\" content=\"3 \u043c\u0438\u043d\u0443\u0442\u044b\" \/>\n<script type=\"application\/ld+json\" class=\"yoast-schema-graph\">{\"@context\":\"https:\\\/\\\/schema.org\",\"@graph\":[{\"@type\":\"WebPage\",\"@id\":\"https:\\\/\\\/www.alausa.lt\\\/ru\\\/\",\"url\":\"https:\\\/\\\/www.alausa.lt\\\/ru\\\/\",\"name\":\"Lietuvi\u0161kas degalini\u0173 tinklas \u201eAlau\u0161a\u201c\",\"isPartOf\":{\"@id\":\"https:\\\/\\\/www.alausa.lt\\\/#website\"},\"primaryImageOfPage\":{\"@id\":\"https:\\\/\\\/www.alausa.lt\\\/ru\\\/#primaryimage\"},\"image\":{\"@id\":\"https:\\\/\\\/www.alausa.lt\\\/ru\\\/#primaryimage\"},\"thumbnailUrl\":\"https:\\\/\\\/www.alausa.lt\\\/wp-content\\\/uploads\\\/2019\\\/10\\\/hero-new.jpg\",\"datePublished\":\"2019-10-01T17:40:39+00:00\",\"dateModified\":\"2026-01-15T11:36:17+00:00\",\"description\":\"Daugiau nei 80 degalini\u0173 tinklas \u012fvairiose Lietuvos vietov\u0117se. Taip pat vykdome didmenin\u0119 prekyb\u0105 naftos produktais bei j\u0173 perve\u017eimus.\",\"inLanguage\":\"ru-RU\",\"potentialAction\":[{\"@type\":\"ReadAction\",\"target\":[\"https:\\\/\\\/www.alausa.lt\\\/ru\\\/\"]}]},{\"@type\":\"ImageObject\",\"inLanguage\":\"ru-RU\",\"@id\":\"https:\\\/\\\/www.alausa.lt\\\/ru\\\/#primaryimage\",\"url\":\"https:\\\/\\\/www.alausa.lt\\\/wp-content\\\/uploads\\\/2019\\\/10\\\/hero-new.jpg\",\"contentUrl\":\"https:\\\/\\\/www.alausa.lt\\\/wp-content\\\/uploads\\\/2019\\\/10\\\/hero-new.jpg\",\"width\":1920,\"height\":1080},{\"@type\":\"WebSite\",\"@id\":\"https:\\\/\\\/www.alausa.lt\\\/#website\",\"url\":\"https:\\\/\\\/www.alausa.lt\\\/\",\"name\":\"Alau\u0161a\",\"description\":\"Lietuvi\u0161kas degalini\u0173 tinklas\",\"potentialAction\":[{\"@type\":\"SearchAction\",\"target\":{\"@type\":\"EntryPoint\",\"urlTemplate\":\"https:\\\/\\\/www.alausa.lt\\\/?s={search_term_string}\"},\"query-input\":{\"@type\":\"PropertyValueSpecification\",\"valueRequired\":true,\"valueName\":\"search_term_string\"}}],\"inLanguage\":\"ru-RU\"}]}<\/script>\n<!-- \/ Yoast SEO plugin. -->","yoast_head_json":{"title":"Lietuvi\u0161kas degalini\u0173 tinklas \u201eAlau\u0161a\u201c","description":"Daugiau nei 80 degalini\u0173 tinklas \u012fvairiose Lietuvos vietov\u0117se. Taip pat vykdome didmenin\u0119 prekyb\u0105 naftos produktais bei j\u0173 perve\u017eimus.","robots":{"index":"index","follow":"follow","max-snippet":"max-snippet:-1","max-image-preview":"max-image-preview:large","max-video-preview":"max-video-preview:-1"},"canonical":"https:\/\/www.alausa.lt\/ru\/","og_locale":"ru_RU","og_type":"article","og_title":"Lietuvi\u0161kas degalini\u0173 tinklas \u201eAlau\u0161a\u201c","og_description":"Daugiau nei 80 degalini\u0173 tinklas \u012fvairiose Lietuvos vietov\u0117se. Taip pat vykdome didmenin\u0119 prekyb\u0105 naftos produktais bei j\u0173 perve\u017eimus.","og_url":"https:\/\/www.alausa.lt\/ru\/","og_site_name":"Alau\u0161a","article_modified_time":"2026-01-15T11:36:17+00:00","og_image":[{"width":1920,"height":1080,"url":"https:\/\/www.alausa.lt\/wp-content\/uploads\/2019\/10\/hero-new.jpg","type":"image\/jpeg"}],"twitter_card":"summary_large_image","twitter_misc":{"\u041f\u0440\u0438\u043c\u0435\u0440\u043d\u043e\u0435 \u0432\u0440\u0435\u043c\u044f \u0434\u043b\u044f \u0447\u0442\u0435\u043d\u0438\u044f":"3 \u043c\u0438\u043d\u0443\u0442\u044b"},"schema":{"@context":"https:\/\/schema.org","@graph":[{"@type":"WebPage","@id":"https:\/\/www.alausa.lt\/ru\/","url":"https:\/\/www.alausa.lt\/ru\/","name":"Lietuvi\u0161kas degalini\u0173 tinklas \u201eAlau\u0161a\u201c","isPartOf":{"@id":"https:\/\/www.alausa.lt\/#website"},"primaryImageOfPage":{"@id":"https:\/\/www.alausa.lt\/ru\/#primaryimage"},"image":{"@id":"https:\/\/www.alausa.lt\/ru\/#primaryimage"},"thumbnailUrl":"https:\/\/www.alausa.lt\/wp-content\/uploads\/2019\/10\/hero-new.jpg","datePublished":"2019-10-01T17:40:39+00:00","dateModified":"2026-01-15T11:36:17+00:00","description":"Daugiau nei 80 degalini\u0173 tinklas \u012fvairiose Lietuvos vietov\u0117se. Taip pat vykdome didmenin\u0119 prekyb\u0105 naftos produktais bei j\u0173 perve\u017eimus.","inLanguage":"ru-RU","potentialAction":[{"@type":"ReadAction","target":["https:\/\/www.alausa.lt\/ru\/"]}]},{"@type":"ImageObject","inLanguage":"ru-RU","@id":"https:\/\/www.alausa.lt\/ru\/#primaryimage","url":"https:\/\/www.alausa.lt\/wp-content\/uploads\/2019\/10\/hero-new.jpg","contentUrl":"https:\/\/www.alausa.lt\/wp-content\/uploads\/2019\/10\/hero-new.jpg","width":1920,"height":1080},{"@type":"WebSite","@id":"https:\/\/www.alausa.lt\/#website","url":"https:\/\/www.alausa.lt\/","name":"Alau\u0161a","description":"Lietuvi\u0161kas degalini\u0173 tinklas","potentialAction":[{"@type":"SearchAction","target":{"@type":"EntryPoint","urlTemplate":"https:\/\/www.alausa.lt\/?s={search_term_string}"},"query-input":{"@type":"PropertyValueSpecification","valueRequired":true,"valueName":"search_term_string"}}],"inLanguage":"ru-RU"}]}},"_links":{"self":[{"href":"https:\/\/www.alausa.lt\/ru\/wp-json\/wp\/v2\/pages\/656","targetHints":{"allow":["GET"]}}],"collection":[{"href":"https:\/\/www.alausa.lt\/ru\/wp-json\/wp\/v2\/pages"}],"about":[{"href":"https:\/\/www.alausa.lt\/ru\/wp-json\/wp\/v2\/types\/page"}],"author":[{"embeddable":true,"href":"https:\/\/www.alausa.lt\/ru\/wp-json\/wp\/v2\/users\/1"}],"replies":[{"embeddable":true,"href":"https:\/\/www.alausa.lt\/ru\/wp-json\/wp\/v2\/comments?post=656"}],"version-history":[{"count":20,"href":"https:\/\/www.alausa.lt\/ru\/wp-json\/wp\/v2\/pages\/656\/revisions"}],"predecessor-version":[{"id":2008,"href":"https:\/\/www.alausa.lt\/ru\/wp-json\/wp\/v2\/pages\/656\/revisions\/2008"}],"wp:featuredmedia":[{"embeddable":true,"href":"https:\/\/www.alausa.lt\/ru\/wp-json\/wp\/v2\/media\/59"}],"wp:attachment":[{"href":"https:\/\/www.alausa.lt\/ru\/wp-json\/wp\/v2\/media?parent=656"}],"curies":[{"name":"wp","href":"https:\/\/api.w.org\/{rel}","templated":true}]}}