{"id":654,"date":"2019-12-03T17:40:04","date_gmt":"2019-12-03T14:40:04","guid":{"rendered":"http:\/\/alausa.lt\/cookie-policy\/"},"modified":"2024-01-24T13:58:52","modified_gmt":"2024-01-24T10:58:52","slug":"%d1%84%d0%b0%d0%b9%d0%bb%d1%8b-cookie","status":"publish","type":"page","link":"https:\/\/www.alausa.lt\/ru\/%d1%84%d0%b0%d0%b9%d0%bb%d1%8b-cookie\/","title":{"rendered":"\u0424\u0430\u0439\u043b\u044b cookie"},"content":{"rendered":"\n<script id=\"CookieDeclaration\" data-culture=\"ru\" src=\"https:\/\/consent.cookiebot.com\/80b659e6-3182-4e88-8d90-0affde73c3e4\/cd.js\" type=\"text\/javascript\" async><\/script>\n","protected":false},"excerpt":{"rendered":"","protected":false},"author":1,"featured_media":0,"parent":0,"menu_order":3,"comment_status":"closed","ping_status":"closed","template":"","meta":{"footnotes":""},"class_list":["post-654","page","type-page","status-publish","hentry","description-off"],"yoast_head":"<!-- This site is optimized with the Yoast SEO plugin v27.3 - https:\/\/yoast.com\/product\/yoast-seo-wordpress\/ -->\n<title>\u0424\u0430\u0439\u043b\u044b cookie - Alau\u0161a<\/title>\n<meta name=\"robots\" content=\"index, follow, max-snippet:-1, max-image-preview:large, max-video-preview:-1\" \/>\n<link rel=\"canonical\" href=\"https:\/\/www.alausa.lt\/ru\/\u0444\u0430\u0439\u043b\u044b-cookie\/\" \/>\n<meta property=\"og:locale\" content=\"ru_RU\" \/>\n<meta property=\"og:type\" content=\"article\" \/>\n<meta property=\"og:title\" content=\"\u0424\u0430\u0439\u043b\u044b cookie - Alau\u0161a\" \/>\n<meta property=\"og:url\" content=\"https:\/\/www.alausa.lt\/ru\/\u0444\u0430\u0439\u043b\u044b-cookie\/\" \/>\n<meta property=\"og:site_name\" content=\"Alau\u0161a\" \/>\n<meta property=\"article:modified_time\" content=\"2024-01-24T10:58:52+00:00\" \/>\n<meta name=\"twitter:card\" content=\"summary_large_image\" \/>\n<script type=\"application\/ld+json\" class=\"yoast-schema-graph\">{\"@context\":\"https:\\\/\\\/schema.org\",\"@graph\":[{\"@type\":\"WebPage\",\"@id\":\"https:\\\/\\\/www.alausa.lt\\\/ru\\\/%d1%84%d0%b0%d0%b9%d0%bb%d1%8b-cookie\\\/\",\"url\":\"https:\\\/\\\/www.alausa.lt\\\/ru\\\/%d1%84%d0%b0%d0%b9%d0%bb%d1%8b-cookie\\\/\",\"name\":\"\u0424\u0430\u0439\u043b\u044b cookie - Alau\u0161a\",\"isPartOf\":{\"@id\":\"https:\\\/\\\/www.alausa.lt\\\/#website\"},\"datePublished\":\"2019-12-03T14:40:04+00:00\",\"dateModified\":\"2024-01-24T10:58:52+00:00\",\"inLanguage\":\"ru-RU\",\"potentialAction\":[{\"@type\":\"ReadAction\",\"target\":[\"https:\\\/\\\/www.alausa.lt\\\/ru\\\/%d1%84%d0%b0%d0%b9%d0%bb%d1%8b-cookie\\\/\"]}]},{\"@type\":\"WebSite\",\"@id\":\"https:\\\/\\\/www.alausa.lt\\\/#website\",\"url\":\"https:\\\/\\\/www.alausa.lt\\\/\",\"name\":\"Alau\u0161a\",\"description\":\"Lietuvi\u0161kas degalini\u0173 tinklas\",\"potentialAction\":[{\"@type\":\"SearchAction\",\"target\":{\"@type\":\"EntryPoint\",\"urlTemplate\":\"https:\\\/\\\/www.alausa.lt\\\/?s={search_term_string}\"},\"query-input\":{\"@type\":\"PropertyValueSpecification\",\"valueRequired\":true,\"valueName\":\"search_term_string\"}}],\"inLanguage\":\"ru-RU\"}]}<\/script>\n<!-- \/ Yoast SEO plugin. -->","yoast_head_json":{"title":"\u0424\u0430\u0439\u043b\u044b cookie - Alau\u0161a","robots":{"index":"index","follow":"follow","max-snippet":"max-snippet:-1","max-image-preview":"max-image-preview:large","max-video-preview":"max-video-preview:-1"},"canonical":"https:\/\/www.alausa.lt\/ru\/\u0444\u0430\u0439\u043b\u044b-cookie\/","og_locale":"ru_RU","og_type":"article","og_title":"\u0424\u0430\u0439\u043b\u044b cookie - Alau\u0161a","og_url":"https:\/\/www.alausa.lt\/ru\/\u0444\u0430\u0439\u043b\u044b-cookie\/","og_site_name":"Alau\u0161a","article_modified_time":"2024-01-24T10:58:52+00:00","twitter_card":"summary_large_image","schema":{"@context":"https:\/\/schema.org","@graph":[{"@type":"WebPage","@id":"https:\/\/www.alausa.lt\/ru\/%d1%84%d0%b0%d0%b9%d0%bb%d1%8b-cookie\/","url":"https:\/\/www.alausa.lt\/ru\/%d1%84%d0%b0%d0%b9%d0%bb%d1%8b-cookie\/","name":"\u0424\u0430\u0439\u043b\u044b cookie - Alau\u0161a","isPartOf":{"@id":"https:\/\/www.alausa.lt\/#website"},"datePublished":"2019-12-03T14:40:04+00:00","dateModified":"2024-01-24T10:58:52+00:00","inLanguage":"ru-RU","potentialAction":[{"@type":"ReadAction","target":["https:\/\/www.alausa.lt\/ru\/%d1%84%d0%b0%d0%b9%d0%bb%d1%8b-cookie\/"]}]},{"@type":"WebSite","@id":"https:\/\/www.alausa.lt\/#website","url":"https:\/\/www.alausa.lt\/","name":"Alau\u0161a","description":"Lietuvi\u0161kas degalini\u0173 tinklas","potentialAction":[{"@type":"SearchAction","target":{"@type":"EntryPoint","urlTemplate":"https:\/\/www.alausa.lt\/?s={search_term_string}"},"query-input":{"@type":"PropertyValueSpecification","valueRequired":true,"valueName":"search_term_string"}}],"inLanguage":"ru-RU"}]}},"_links":{"self":[{"href":"https:\/\/www.alausa.lt\/ru\/wp-json\/wp\/v2\/pages\/654","targetHints":{"allow":["GET"]}}],"collection":[{"href":"https:\/\/www.alausa.lt\/ru\/wp-json\/wp\/v2\/pages"}],"about":[{"href":"https:\/\/www.alausa.lt\/ru\/wp-json\/wp\/v2\/types\/page"}],"author":[{"embeddable":true,"href":"https:\/\/www.alausa.lt\/ru\/wp-json\/wp\/v2\/users\/1"}],"replies":[{"embeddable":true,"href":"https:\/\/www.alausa.lt\/ru\/wp-json\/wp\/v2\/comments?post=654"}],"version-history":[{"count":5,"href":"https:\/\/www.alausa.lt\/ru\/wp-json\/wp\/v2\/pages\/654\/revisions"}],"predecessor-version":[{"id":1855,"href":"https:\/\/www.alausa.lt\/ru\/wp-json\/wp\/v2\/pages\/654\/revisions\/1855"}],"wp:attachment":[{"href":"https:\/\/www.alausa.lt\/ru\/wp-json\/wp\/v2\/media?parent=654"}],"curies":[{"name":"wp","href":"https:\/\/api.w.org\/{rel}","templated":true}]}}