{"id":652,"date":"2019-10-07T22:18:17","date_gmt":"2019-10-07T19:18:17","guid":{"rendered":"http:\/\/alausa.lt\/cards\/questionnaire-for-legal-entities\/"},"modified":"2020-02-25T12:53:45","modified_gmt":"2020-02-25T09:53:45","slug":"%d0%b0%d0%bd%d0%ba%d0%b5%d1%82%d0%b0-%d0%b4%d0%bb%d1%8f-%d1%8e%d1%80%d0%b8%d0%b4%d0%b8%d1%87%d0%b5%d1%81%d0%ba%d0%b8%d1%85-%d0%bb%d0%b8%d1%86","status":"publish","type":"page","link":"https:\/\/www.alausa.lt\/ru\/%d0%ba%d0%b0%d1%80%d1%82%d1%8b\/%d0%b0%d0%bd%d0%ba%d0%b5%d1%82%d0%b0-%d0%b4%d0%bb%d1%8f-%d1%8e%d1%80%d0%b8%d0%b4%d0%b8%d1%87%d0%b5%d1%81%d0%ba%d0%b8%d1%85-%d0%bb%d0%b8%d1%86\/","title":{"rendered":"\u0410\u043d\u043a\u0435\u0442\u0430 \u0434\u043b\u044f \u044e\u0440\u0438\u0434\u0438\u0447\u0435\u0441\u043a\u0438\u0445 \u043b\u0438\u0446"},"content":{"rendered":"<div class=\"wpb-content-wrapper\"><p>[vc_row][vc_column]\n<div class=\"wpcf7 no-js\" id=\"wpcf7-f995-o1\" lang=\"en-US\" dir=\"ltr\" data-wpcf7-id=\"995\">\n<div class=\"screen-reader-response\"><p role=\"status\" aria-live=\"polite\" aria-atomic=\"true\"><\/p> <ul><\/ul><\/div>\n<form action=\"\/ru\/wp-json\/wp\/v2\/pages\/652#wpcf7-f995-o1\" method=\"post\" class=\"wpcf7-form init\" aria-label=\"Contact form\" novalidate=\"novalidate\" data-status=\"init\">\n<fieldset class=\"hidden-fields-container\"><input type=\"hidden\" name=\"_wpcf7\" value=\"995\" \/><input type=\"hidden\" name=\"_wpcf7_version\" value=\"6.1.5\" \/><input type=\"hidden\" name=\"_wpcf7_locale\" value=\"en_US\" \/><input type=\"hidden\" name=\"_wpcf7_unit_tag\" value=\"wpcf7-f995-o1\" \/><input type=\"hidden\" name=\"_wpcf7_container_post\" value=\"0\" \/><input type=\"hidden\" name=\"_wpcf7_posted_data_hash\" value=\"\" \/>\n<\/fieldset>\n<div class=\"vc_row wpb_row vc_row-fluid\">\n\t<div class=\"vc_col-sm-4\">\n\t\t<p><label> \u041d\u0430\u0437\u0432\u0430\u043d\u0438\u0435 \u043a\u043e\u043c\u043f\u0430\u043d\u0438\u0438 * <span class=\"wpcf7-form-control-wrap\" data-name=\"imone\"><input size=\"40\" maxlength=\"400\" class=\"wpcf7-form-control wpcf7-text wpcf7-validates-as-required\" aria-required=\"true\" aria-invalid=\"false\" value=\"\" type=\"text\" name=\"imone\" \/><\/span> <\/label>\n\t\t<\/p>\n\t<\/div>\n\t<div class=\"vc_col-sm-4\">\n\t\t<p><label> \u041a\u043e\u0434 \u043a\u043e\u043c\u043f\u0430\u043d\u0438\u0438 * <span class=\"wpcf7-form-control-wrap\" data-name=\"imones-kodas\"><input size=\"40\" maxlength=\"400\" class=\"wpcf7-form-control wpcf7-text wpcf7-validates-as-required\" aria-required=\"true\" aria-invalid=\"false\" value=\"\" type=\"text\" name=\"imones-kodas\" \/><\/span> <\/label>\n\t\t<\/p>\n\t<\/div>\n\t<div class=\"vc_col-sm-4\">\n\t\t<p><label> \u041a\u043e\u0434 \u043f\u043b\u0430\u0442\u0435\u043b\u044c\u0449\u0438\u043a\u0430 \u041d\u0414\u0421 <span class=\"wpcf7-form-control-wrap\" data-name=\"pvm-kodas\"><input size=\"40\" maxlength=\"400\" class=\"wpcf7-form-control wpcf7-text\" aria-invalid=\"false\" value=\"\" type=\"text\" name=\"pvm-kodas\" \/><\/span> <\/label>\n\t\t<\/p>\n\t<\/div>\n<\/div>\n<div class=\"vc_row wpb_row vc_row-fluid\">\n\t<div class=\"vc_col-sm-4\">\n\t\t<p><label> \u0420\u0435\u0433\u0438\u0441\u0442\u0440\u0430\u0446\u0438\u043e\u043d\u043d\u044b\u0439 \u0430\u0434\u0440\u0435\u0441 * <span class=\"wpcf7-form-control-wrap\" data-name=\"reg-adresas\"><input size=\"40\" maxlength=\"400\" class=\"wpcf7-form-control wpcf7-text wpcf7-validates-as-required\" aria-required=\"true\" aria-invalid=\"false\" value=\"\" type=\"text\" name=\"reg-adresas\" \/><\/span> <\/label>\n\t\t<\/p>\n\t<\/div>\n\t<div class=\"vc_col-sm-4\">\n\t\t<p><label> \u041f\u043e\u0447\u0442\u043e\u0432\u044b\u0439 \u0438\u043d\u0434\u0435\u043a\u0441 <span class=\"wpcf7-form-control-wrap\" data-name=\"pasto-kodas\"><input size=\"40\" maxlength=\"400\" class=\"wpcf7-form-control wpcf7-text\" aria-invalid=\"false\" value=\"\" type=\"text\" name=\"pasto-kodas\" \/><\/span> <\/label>\n\t\t<\/p>\n\t<\/div>\n\t<div class=\"vc_col-sm-4\">\n\t\t<p><label>\u0410\u0434\u0440\u0435\u0441 \u0434\u043b\u044f \u043a\u043e\u0440\u0440\u0435\u0441\u043f\u043e\u043d\u0434\u0435\u043d\u0446\u0438\u0438 (\u0435\u0441\u043b\u0438 \u043e\u0442\u043b\u0438\u0447\u0430\u0435\u0442\u0441\u044f) <span class=\"wpcf7-form-control-wrap\" data-name=\"kor-adresas\"><input size=\"40\" maxlength=\"400\" class=\"wpcf7-form-control wpcf7-text\" aria-invalid=\"false\" value=\"\" type=\"text\" name=\"kor-adresas\" \/><\/span> <\/label>\n\t\t<\/p>\n\t<\/div>\n<\/div>\n<div class=\"vc_empty_space\" style=\"height: 30px\">\n\t<p><span class=\"vc_empty_space_inner\"><\/span>\n\t<\/p>\n<\/div>\n<h2 style=\"text-align: center\" class=\"vc_custom_heading vc_custom_1570476530380\">\u041a\u043e\u043d\u0442\u0430\u043a\u0442\u043d\u043e\u0435 \u043b\u0438\u0446\u043e\n<\/h2>\n<div class=\"vc_empty_space\" style=\"height: 30px\">\n\t<p><span class=\"vc_empty_space_inner\"><\/span>\n\t<\/p>\n<\/div>\n<div class=\"vc_row wpb_row vc_row-fluid\">\n\t<div class=\"vc_col-sm-4\">\n\t\t<p><label> \u0418\u043c\u044f * <span class=\"wpcf7-form-control-wrap\" data-name=\"your-name\"><input size=\"40\" maxlength=\"400\" class=\"wpcf7-form-control wpcf7-text wpcf7-validates-as-required\" aria-required=\"true\" aria-invalid=\"false\" value=\"\" type=\"text\" name=\"your-name\" \/><\/span> <\/label>\n\t\t<\/p>\n\t<\/div>\n\t<div class=\"vc_col-sm-4\">\n\t\t<p><label> \u0424\u0430\u043c\u0438\u043b\u0438\u044f * <span class=\"wpcf7-form-control-wrap\" data-name=\"pavarde\"><input size=\"40\" maxlength=\"400\" class=\"wpcf7-form-control wpcf7-text wpcf7-validates-as-required\" aria-required=\"true\" aria-invalid=\"false\" value=\"\" type=\"text\" name=\"pavarde\" \/><\/span> <\/label>\n\t\t<\/p>\n\t<\/div>\n\t<div class=\"vc_col-sm-4\">\n\t\t<p><label> \u0414\u043e\u043b\u0436\u043d\u043e\u0441\u0442\u044c <span class=\"wpcf7-form-control-wrap\" data-name=\"pareigos\"><input size=\"40\" maxlength=\"400\" class=\"wpcf7-form-control wpcf7-text\" aria-invalid=\"false\" value=\"\" type=\"text\" name=\"pareigos\" \/><\/span> <\/label>\n\t\t<\/p>\n\t<\/div>\n<\/div>\n<div class=\"vc_row wpb_row vc_row-fluid\">\n\t<div class=\"vc_col-sm-4\">\n\t\t<p><label> \u041d\u043e\u043c\u0435\u0440 \u0442\u0435\u043b\u0435\u0444\u043e\u043d\u0430 * <span class=\"wpcf7-form-control-wrap\" data-name=\"telefonas\"><input size=\"40\" maxlength=\"400\" class=\"wpcf7-form-control wpcf7-tel wpcf7-validates-as-required wpcf7-text wpcf7-validates-as-tel\" aria-required=\"true\" aria-invalid=\"false\" value=\"\" type=\"tel\" name=\"telefonas\" \/><\/span> <\/label>\n\t\t<\/p>\n\t<\/div>\n\t<div class=\"vc_col-sm-4\">\n\t\t<p><label> \u0424\u0430\u043a\u0441 <span class=\"wpcf7-form-control-wrap\" data-name=\"fax\"><input size=\"40\" maxlength=\"400\" class=\"wpcf7-form-control wpcf7-text\" aria-invalid=\"false\" value=\"\" type=\"text\" name=\"fax\" \/><\/span> <\/label>\n\t\t<\/p>\n\t<\/div>\n\t<div class=\"vc_col-sm-4\">\n\t\t<p><label> \u042d\u043b. \u043f\u043e\u0447\u0442\u0430 * <span class=\"wpcf7-form-control-wrap\" data-name=\"el-pastas\"><input size=\"40\" maxlength=\"400\" class=\"wpcf7-form-control wpcf7-email wpcf7-validates-as-required wpcf7-text wpcf7-validates-as-email\" aria-required=\"true\" aria-invalid=\"false\" value=\"\" type=\"email\" name=\"el-pastas\" \/><\/span> <\/label>\n\t\t<\/p>\n\t<\/div>\n<\/div>\n<div class=\"vc_empty_space\" style=\"height: 30px\">\n\t<p><span class=\"vc_empty_space_inner\"><\/span>\n\t<\/p>\n<\/div>\n<h2 style=\"text-align: center\" class=\"vc_custom_heading vc_custom_1570476530380\">\u0414\u043e\u043f\u043e\u043b\u043d\u0438\u0442\u0435\u043b\u044c\u043d\u0430\u044f \u0438\u043d\u0444\u043e\u0440\u043c\u0430\u0446\u0438\u044f\n<\/h2>\n<div class=\"vc_empty_space\" style=\"height: 30px\">\n\t<p><span class=\"vc_empty_space_inner\"><\/span>\n\t<\/p>\n<\/div>\n<div class=\"vc_row wpb_row vc_row-fluid\">\n\t<div class=\"vc_col-sm-12\" style=\"text-align: center;\">\n\t\t<p><label>\u0421\u0440\u0435\u0434\u043d\u0435\u043c\u0435\u0441\u044f\u0447\u043d\u0430\u044f \u043d\u043e\u0440\u043c\u0430 \u043f\u043e\u043a\u0443\u043f\u043a\u0438 \u0442\u043e\u043f\u043b\u0438\u0432\u0430 \u0432 \u043b\u0438\u0442\u0440\u0430\u0445 \u0438\u043b\u0438 \u0435\u0432\u0440\u043e<\/label>\n\t\t<\/p>\n\t\t<div class=\"vc_empty_space\" style=\"height: 10px\">\n\t\t\t<p><span class=\"vc_empty_space_inner\"><\/span>\n\t\t\t<\/p>\n\t\t<\/div>\n\t<\/div>\n<\/div>\n<div class=\"vc_row wpb_row vc_row-fluid\">\n\t<div class=\"vc_col-sm-6\">\n\t\t<p><label> \u0415\u0432\u0440\u043e <span class=\"wpcf7-form-control-wrap\" data-name=\"eur\"><input size=\"40\" maxlength=\"400\" class=\"wpcf7-form-control wpcf7-text\" aria-invalid=\"false\" value=\"\" type=\"text\" name=\"eur\" \/><\/span> <\/label>\n\t\t<\/p>\n\t<\/div>\n\t<div class=\"vc_col-sm-6\">\n\t\t<p><label> \u041b\u0438\u0442\u0440\u044b <span class=\"wpcf7-form-control-wrap\" data-name=\"litrai\"><input size=\"40\" maxlength=\"400\" class=\"wpcf7-form-control wpcf7-text\" aria-invalid=\"false\" value=\"\" type=\"text\" name=\"litrai\" \/><\/span> <\/label>\n\t\t<\/p>\n\t<\/div>\n<\/div>\n<div class=\"vc_empty_space\" style=\"height: 15px\">\n\t<p><span class=\"vc_empty_space_inner\"><\/span>\n\t<\/p>\n<\/div>\n<div class=\"vc_row wpb_row vc_row-fluid\">\n\t<div class=\"vc_col-sm-4\">\n\t\t<p><label> \u0410\u043a\u0442\u0438\u0432\u0438\u0440\u043e\u0432\u0430\u0442\u044c \u043a\u0430\u0440\u0442\u044b: <\/label><br \/>\n<span class=\"wpcf7-form-control-wrap\" data-name=\"checkbox-1\"><span class=\"wpcf7-form-control wpcf7-checkbox\"><span class=\"wpcf7-list-item first\"><input type=\"checkbox\" name=\"checkbox-1[]\" value=\"\u0414\u043b\u044f \u0430\u0432\u0442\u043e\u043c\u043e\u0439\u043a\u0438\" \/><span class=\"wpcf7-list-item-label\">\u0414\u043b\u044f \u0430\u0432\u0442\u043e\u043c\u043e\u0439\u043a\u0438<\/span><\/span><span class=\"wpcf7-list-item last\"><input type=\"checkbox\" name=\"checkbox-1[]\" value=\"\u0414\u043b\u044f \u043f\u043e\u043a\u0443\u043f\u043a\u0438 \u0430\u0432\u0442\u043e\u043c\u043e\u0431\u0438\u043b\u044c\u043d\u044b\u0445 \u0442\u043e\u0432\u0430\u0440\u043e\u0432\" \/><span class=\"wpcf7-list-item-label\">\u0414\u043b\u044f \u043f\u043e\u043a\u0443\u043f\u043a\u0438 \u0430\u0432\u0442\u043e\u043c\u043e\u0431\u0438\u043b\u044c\u043d\u044b\u0445 \u0442\u043e\u0432\u0430\u0440\u043e\u0432<\/span><\/span><\/span><\/span>\n\t\t<\/p>\n\t<\/div>\n\t<div class=\"vc_col-sm-4\">\n\t\t<p><label> \u0422\u0438\u043f \u043a\u0430\u0440\u0442\u044b: <\/label><br \/>\n<span class=\"wpcf7-form-control-wrap\" data-name=\"checkbox-2\"><span class=\"wpcf7-form-control wpcf7-checkbox\"><span class=\"wpcf7-list-item first\"><input type=\"checkbox\" name=\"checkbox-2[]\" value=\"\u0414\u0435\u0431\u0435\u0442\u043e\u0432\u0430\u044f\" \/><span class=\"wpcf7-list-item-label\">\u0414\u0435\u0431\u0435\u0442\u043e\u0432\u0430\u044f<\/span><\/span><span class=\"wpcf7-list-item\"><input type=\"checkbox\" name=\"checkbox-2[]\" value=\"\u041a\u0440\u0435\u0434\u0438\u0442\u043d\u0430\u044f\" \/><span class=\"wpcf7-list-item-label\">\u041a\u0440\u0435\u0434\u0438\u0442\u043d\u0430\u044f<\/span><\/span><span class=\"wpcf7-list-item last\"><input type=\"checkbox\" name=\"checkbox-2[]\" value=\"\u0414\u0438\u0441\u043a\u043e\u043d\u0442\u043d\u0430\u044f \u043a\u0430\u0440\u0442\u0430\" \/><span class=\"wpcf7-list-item-label\">\u0414\u0438\u0441\u043a\u043e\u043d\u0442\u043d\u0430\u044f \u043a\u0430\u0440\u0442\u0430<\/span><\/span><\/span><\/span>\n\t\t<\/p>\n\t<\/div>\n\t<div class=\"vc_col-sm-4\">\n\t\t<p><label> \u041f\u043e\u043b\u0443\u0447\u0438\u0442\u044c \u043d\u0430\u0448\u0435 \u043f\u0440\u0435\u0434\u043b\u043e\u0436\u0435\u043d\u0438\u0435: <\/label><br \/>\n<span class=\"wpcf7-form-control-wrap\" data-name=\"checkbox-3\"><span class=\"wpcf7-form-control wpcf7-checkbox\"><span class=\"wpcf7-list-item first\"><input type=\"checkbox\" name=\"checkbox-3[]\" value=\"\u041f\u043e \u0442\u0435\u043b\u0435\u0444\u043e\u043d\u0443\" \/><span class=\"wpcf7-list-item-label\">\u041f\u043e \u0442\u0435\u043b\u0435\u0444\u043e\u043d\u0443<\/span><\/span><span class=\"wpcf7-list-item last\"><input type=\"checkbox\" name=\"checkbox-3[]\" value=\"\u041f\u043e \u044d\u043b\u0435\u043a\u0442\u0440\u043e\u043d\u043d\u043e\u0439 \u043f\u043e\u0447\u0442\u0435\" \/><span class=\"wpcf7-list-item-label\">\u041f\u043e \u044d\u043b\u0435\u043a\u0442\u0440\u043e\u043d\u043d\u043e\u0439 \u043f\u043e\u0447\u0442\u0435<\/span><\/span><\/span><\/span>\n\t\t<\/p>\n\t<\/div>\n<\/div>\n<div class=\"vc_empty_space\" style=\"height: 30px\">\n\t<p><span class=\"vc_empty_space_inner\"><\/span>\n\t<\/p>\n<\/div>\n<div class=\"vc_separator wpb_content_element vc_separator_align_center vc_sep_width_100 vc_sep_pos_align_center vc_separator_no_text vc_sep_color_grey\">\n\t<p><span class=\"vc_sep_holder vc_sep_holder_l\"><span class=\"vc_sep_line\"><\/span><\/span><span class=\"vc_sep_holder vc_sep_holder_r\"><span class=\"vc_sep_line\"><\/span><\/span>\n\t<\/p>\n<\/div>\n<div class=\"vc_row wpb_row vc_row-fluid\" style=\"text-align: center;\">\n\t<div class=\"vc_col-sm-12\">\n\t\t<p><span class=\"wpcf7-form-control-wrap\" data-name=\"acceptance-264\"><span class=\"wpcf7-form-control wpcf7-acceptance\"><span class=\"wpcf7-list-item\"><label><input type=\"checkbox\" name=\"acceptance-264\" value=\"1\" aria-invalid=\"false\" \/><span class=\"wpcf7-list-item-label\">\u0421\u043e\u0433\u043b\u0430\u0441\u0435\u043d \u0441 \u0442\u0435\u043c, \u0447\u0442\u043e\u0431\u044b \u0417\u0410\u041e \u00abAlau\u0161a\u00bb \u0440\u0430\u0441\u043f\u043e\u0440\u044f\u0436\u0430\u043b\u043e\u0441\u044c \u043c\u043e\u0438\u043c\u0438 \u043b\u0438\u0447\u043d\u044b\u043c\u0438 \u0434\u0430\u043d\u043d\u044b\u043c\u0438. <a href=\"http:\/\/alausa.lt\/ru\/%D1%83%E2%80%8B%D0%B2%D0%B5%D0%B4%D0%BE%D0%BC%D0%BB%D0%B5%D0%BD%D0%B8%D0%B5-%D0%BE-%D0%BA%D0%BE%D0%BD%D1%84%D0%B8%D0%B4%D0%B5%D0%BD%D1%86%D0%B8%D0%B0%D0%BB%D1%8C%D0%BD%D0%BE%D1%81%D1%82%D0%B8\/\" target=\"_blank\">\u0423\u200b\u0432\u0435\u0434\u043e\u043c\u043b\u0435\u043d\u0438\u0435 \u043e \u043a\u043e\u043d\u0444\u0438\u0434\u0435\u043d\u0446\u0438\u0430\u043b\u044c\u043d\u043e\u0441\u0442\u0438<\/a><\/span><\/label><\/span><\/span><\/span>\n\t\t<\/p>\n\t\t<div class=\"vc_empty_space\" style=\"height: 15px\">\n\t\t\t<p><span class=\"vc_empty_space_inner\"><\/span>\n\t\t\t<\/p>\n\t\t<\/div>\n\t\t<p><input class=\"wpcf7-form-control wpcf7-submit has-spinner\" type=\"submit\" value=\"\u041e\u0442\u043f\u0440\u0430\u0432\u0438\u0442\u044c \u0430\u043d\u043a\u0435\u0442\u0443\" \/>\n\t\t<\/p>\n\t<\/div>\n<\/div><div class=\"wpcf7-response-output\" aria-hidden=\"true\"><\/div>\n<\/form>\n<\/div>\n[\/vc_column][\/vc_row]<\/p>\n<\/div>","protected":false},"excerpt":{"rendered":"<p>[vc_row][vc_column][\/vc_column][\/vc_row]<\/p>\n","protected":false},"author":1,"featured_media":0,"parent":651,"menu_order":11,"comment_status":"closed","ping_status":"closed","template":"","meta":{"footnotes":""},"class_list":["post-652","page","type-page","status-publish","hentry","description-off"],"yoast_head":"<!-- This site is optimized with the Yoast SEO plugin v27.4 - https:\/\/yoast.com\/product\/yoast-seo-wordpress\/ -->\n<title>\u0410\u043d\u043a\u0435\u0442\u0430 \u0434\u043b\u044f \u044e\u0440\u0438\u0434\u0438\u0447\u0435\u0441\u043a\u0438\u0445 \u043b\u0438\u0446 - Alau\u0161a<\/title>\n<meta name=\"robots\" content=\"index, follow, max-snippet:-1, max-image-preview:large, max-video-preview:-1\" \/>\n<link rel=\"canonical\" href=\"https:\/\/www.alausa.lt\/ru\/\u043a\u0430\u0440\u0442\u044b\/\u0430\u043d\u043a\u0435\u0442\u0430-\u0434\u043b\u044f-\u044e\u0440\u0438\u0434\u0438\u0447\u0435\u0441\u043a\u0438\u0445-\u043b\u0438\u0446\/\" \/>\n<meta property=\"og:locale\" content=\"ru_RU\" \/>\n<meta property=\"og:type\" content=\"article\" \/>\n<meta property=\"og:title\" content=\"\u0410\u043d\u043a\u0435\u0442\u0430 \u0434\u043b\u044f \u044e\u0440\u0438\u0434\u0438\u0447\u0435\u0441\u043a\u0438\u0445 \u043b\u0438\u0446 - Alau\u0161a\" \/>\n<meta property=\"og:description\" content=\"[vc_row][vc_column][\/vc_column][\/vc_row]\" \/>\n<meta property=\"og:url\" content=\"https:\/\/www.alausa.lt\/ru\/\u043a\u0430\u0440\u0442\u044b\/\u0430\u043d\u043a\u0435\u0442\u0430-\u0434\u043b\u044f-\u044e\u0440\u0438\u0434\u0438\u0447\u0435\u0441\u043a\u0438\u0445-\u043b\u0438\u0446\/\" \/>\n<meta property=\"og:site_name\" content=\"Alau\u0161a\" \/>\n<meta property=\"article:modified_time\" content=\"2020-02-25T09:53:45+00:00\" \/>\n<meta name=\"twitter:card\" content=\"summary_large_image\" \/>\n<script type=\"application\/ld+json\" class=\"yoast-schema-graph\">{\"@context\":\"https:\\\/\\\/schema.org\",\"@graph\":[{\"@type\":\"WebPage\",\"@id\":\"https:\\\/\\\/www.alausa.lt\\\/ru\\\/%d0%ba%d0%b0%d1%80%d1%82%d1%8b\\\/%d0%b0%d0%bd%d0%ba%d0%b5%d1%82%d0%b0-%d0%b4%d0%bb%d1%8f-%d1%8e%d1%80%d0%b8%d0%b4%d0%b8%d1%87%d0%b5%d1%81%d0%ba%d0%b8%d1%85-%d0%bb%d0%b8%d1%86\\\/\",\"url\":\"https:\\\/\\\/www.alausa.lt\\\/ru\\\/%d0%ba%d0%b0%d1%80%d1%82%d1%8b\\\/%d0%b0%d0%bd%d0%ba%d0%b5%d1%82%d0%b0-%d0%b4%d0%bb%d1%8f-%d1%8e%d1%80%d0%b8%d0%b4%d0%b8%d1%87%d0%b5%d1%81%d0%ba%d0%b8%d1%85-%d0%bb%d0%b8%d1%86\\\/\",\"name\":\"\u0410\u043d\u043a\u0435\u0442\u0430 \u0434\u043b\u044f \u044e\u0440\u0438\u0434\u0438\u0447\u0435\u0441\u043a\u0438\u0445 \u043b\u0438\u0446 - Alau\u0161a\",\"isPartOf\":{\"@id\":\"https:\\\/\\\/www.alausa.lt\\\/#website\"},\"datePublished\":\"2019-10-07T19:18:17+00:00\",\"dateModified\":\"2020-02-25T09:53:45+00:00\",\"breadcrumb\":{\"@id\":\"https:\\\/\\\/www.alausa.lt\\\/ru\\\/%d0%ba%d0%b0%d1%80%d1%82%d1%8b\\\/%d0%b0%d0%bd%d0%ba%d0%b5%d1%82%d0%b0-%d0%b4%d0%bb%d1%8f-%d1%8e%d1%80%d0%b8%d0%b4%d0%b8%d1%87%d0%b5%d1%81%d0%ba%d0%b8%d1%85-%d0%bb%d0%b8%d1%86\\\/#breadcrumb\"},\"inLanguage\":\"ru-RU\",\"potentialAction\":[{\"@type\":\"ReadAction\",\"target\":[\"https:\\\/\\\/www.alausa.lt\\\/ru\\\/%d0%ba%d0%b0%d1%80%d1%82%d1%8b\\\/%d0%b0%d0%bd%d0%ba%d0%b5%d1%82%d0%b0-%d0%b4%d0%bb%d1%8f-%d1%8e%d1%80%d0%b8%d0%b4%d0%b8%d1%87%d0%b5%d1%81%d0%ba%d0%b8%d1%85-%d0%bb%d0%b8%d1%86\\\/\"]}]},{\"@type\":\"BreadcrumbList\",\"@id\":\"https:\\\/\\\/www.alausa.lt\\\/ru\\\/%d0%ba%d0%b0%d1%80%d1%82%d1%8b\\\/%d0%b0%d0%bd%d0%ba%d0%b5%d1%82%d0%b0-%d0%b4%d0%bb%d1%8f-%d1%8e%d1%80%d0%b8%d0%b4%d0%b8%d1%87%d0%b5%d1%81%d0%ba%d0%b8%d1%85-%d0%bb%d0%b8%d1%86\\\/#breadcrumb\",\"itemListElement\":[{\"@type\":\"ListItem\",\"position\":1,\"name\":\"\u041a\u0430\u0440\u0442\u044b\",\"item\":\"https:\\\/\\\/www.alausa.lt\\\/ru\\\/%d0%ba%d0%b0%d1%80%d1%82%d1%8b\\\/\"},{\"@type\":\"ListItem\",\"position\":2,\"name\":\"\u0410\u043d\u043a\u0435\u0442\u0430 \u0434\u043b\u044f \u044e\u0440\u0438\u0434\u0438\u0447\u0435\u0441\u043a\u0438\u0445 \u043b\u0438\u0446\"}]},{\"@type\":\"WebSite\",\"@id\":\"https:\\\/\\\/www.alausa.lt\\\/#website\",\"url\":\"https:\\\/\\\/www.alausa.lt\\\/\",\"name\":\"Alau\u0161a\",\"description\":\"Lietuvi\u0161kas degalini\u0173 tinklas\",\"potentialAction\":[{\"@type\":\"SearchAction\",\"target\":{\"@type\":\"EntryPoint\",\"urlTemplate\":\"https:\\\/\\\/www.alausa.lt\\\/?s={search_term_string}\"},\"query-input\":{\"@type\":\"PropertyValueSpecification\",\"valueRequired\":true,\"valueName\":\"search_term_string\"}}],\"inLanguage\":\"ru-RU\"}]}<\/script>\n<!-- \/ Yoast SEO plugin. -->","yoast_head_json":{"title":"\u0410\u043d\u043a\u0435\u0442\u0430 \u0434\u043b\u044f \u044e\u0440\u0438\u0434\u0438\u0447\u0435\u0441\u043a\u0438\u0445 \u043b\u0438\u0446 - Alau\u0161a","robots":{"index":"index","follow":"follow","max-snippet":"max-snippet:-1","max-image-preview":"max-image-preview:large","max-video-preview":"max-video-preview:-1"},"canonical":"https:\/\/www.alausa.lt\/ru\/\u043a\u0430\u0440\u0442\u044b\/\u0430\u043d\u043a\u0435\u0442\u0430-\u0434\u043b\u044f-\u044e\u0440\u0438\u0434\u0438\u0447\u0435\u0441\u043a\u0438\u0445-\u043b\u0438\u0446\/","og_locale":"ru_RU","og_type":"article","og_title":"\u0410\u043d\u043a\u0435\u0442\u0430 \u0434\u043b\u044f \u044e\u0440\u0438\u0434\u0438\u0447\u0435\u0441\u043a\u0438\u0445 \u043b\u0438\u0446 - Alau\u0161a","og_description":"[vc_row][vc_column][\/vc_column][\/vc_row]","og_url":"https:\/\/www.alausa.lt\/ru\/\u043a\u0430\u0440\u0442\u044b\/\u0430\u043d\u043a\u0435\u0442\u0430-\u0434\u043b\u044f-\u044e\u0440\u0438\u0434\u0438\u0447\u0435\u0441\u043a\u0438\u0445-\u043b\u0438\u0446\/","og_site_name":"Alau\u0161a","article_modified_time":"2020-02-25T09:53:45+00:00","twitter_card":"summary_large_image","schema":{"@context":"https:\/\/schema.org","@graph":[{"@type":"WebPage","@id":"https:\/\/www.alausa.lt\/ru\/%d0%ba%d0%b0%d1%80%d1%82%d1%8b\/%d0%b0%d0%bd%d0%ba%d0%b5%d1%82%d0%b0-%d0%b4%d0%bb%d1%8f-%d1%8e%d1%80%d0%b8%d0%b4%d0%b8%d1%87%d0%b5%d1%81%d0%ba%d0%b8%d1%85-%d0%bb%d0%b8%d1%86\/","url":"https:\/\/www.alausa.lt\/ru\/%d0%ba%d0%b0%d1%80%d1%82%d1%8b\/%d0%b0%d0%bd%d0%ba%d0%b5%d1%82%d0%b0-%d0%b4%d0%bb%d1%8f-%d1%8e%d1%80%d0%b8%d0%b4%d0%b8%d1%87%d0%b5%d1%81%d0%ba%d0%b8%d1%85-%d0%bb%d0%b8%d1%86\/","name":"\u0410\u043d\u043a\u0435\u0442\u0430 \u0434\u043b\u044f \u044e\u0440\u0438\u0434\u0438\u0447\u0435\u0441\u043a\u0438\u0445 \u043b\u0438\u0446 - Alau\u0161a","isPartOf":{"@id":"https:\/\/www.alausa.lt\/#website"},"datePublished":"2019-10-07T19:18:17+00:00","dateModified":"2020-02-25T09:53:45+00:00","breadcrumb":{"@id":"https:\/\/www.alausa.lt\/ru\/%d0%ba%d0%b0%d1%80%d1%82%d1%8b\/%d0%b0%d0%bd%d0%ba%d0%b5%d1%82%d0%b0-%d0%b4%d0%bb%d1%8f-%d1%8e%d1%80%d0%b8%d0%b4%d0%b8%d1%87%d0%b5%d1%81%d0%ba%d0%b8%d1%85-%d0%bb%d0%b8%d1%86\/#breadcrumb"},"inLanguage":"ru-RU","potentialAction":[{"@type":"ReadAction","target":["https:\/\/www.alausa.lt\/ru\/%d0%ba%d0%b0%d1%80%d1%82%d1%8b\/%d0%b0%d0%bd%d0%ba%d0%b5%d1%82%d0%b0-%d0%b4%d0%bb%d1%8f-%d1%8e%d1%80%d0%b8%d0%b4%d0%b8%d1%87%d0%b5%d1%81%d0%ba%d0%b8%d1%85-%d0%bb%d0%b8%d1%86\/"]}]},{"@type":"BreadcrumbList","@id":"https:\/\/www.alausa.lt\/ru\/%d0%ba%d0%b0%d1%80%d1%82%d1%8b\/%d0%b0%d0%bd%d0%ba%d0%b5%d1%82%d0%b0-%d0%b4%d0%bb%d1%8f-%d1%8e%d1%80%d0%b8%d0%b4%d0%b8%d1%87%d0%b5%d1%81%d0%ba%d0%b8%d1%85-%d0%bb%d0%b8%d1%86\/#breadcrumb","itemListElement":[{"@type":"ListItem","position":1,"name":"\u041a\u0430\u0440\u0442\u044b","item":"https:\/\/www.alausa.lt\/ru\/%d0%ba%d0%b0%d1%80%d1%82%d1%8b\/"},{"@type":"ListItem","position":2,"name":"\u0410\u043d\u043a\u0435\u0442\u0430 \u0434\u043b\u044f \u044e\u0440\u0438\u0434\u0438\u0447\u0435\u0441\u043a\u0438\u0445 \u043b\u0438\u0446"}]},{"@type":"WebSite","@id":"https:\/\/www.alausa.lt\/#website","url":"https:\/\/www.alausa.lt\/","name":"Alau\u0161a","description":"Lietuvi\u0161kas degalini\u0173 tinklas","potentialAction":[{"@type":"SearchAction","target":{"@type":"EntryPoint","urlTemplate":"https:\/\/www.alausa.lt\/?s={search_term_string}"},"query-input":{"@type":"PropertyValueSpecification","valueRequired":true,"valueName":"search_term_string"}}],"inLanguage":"ru-RU"}]}},"_links":{"self":[{"href":"https:\/\/www.alausa.lt\/ru\/wp-json\/wp\/v2\/pages\/652","targetHints":{"allow":["GET"]}}],"collection":[{"href":"https:\/\/www.alausa.lt\/ru\/wp-json\/wp\/v2\/pages"}],"about":[{"href":"https:\/\/www.alausa.lt\/ru\/wp-json\/wp\/v2\/types\/page"}],"author":[{"embeddable":true,"href":"https:\/\/www.alausa.lt\/ru\/wp-json\/wp\/v2\/users\/1"}],"replies":[{"embeddable":true,"href":"https:\/\/www.alausa.lt\/ru\/wp-json\/wp\/v2\/comments?post=652"}],"version-history":[{"count":3,"href":"https:\/\/www.alausa.lt\/ru\/wp-json\/wp\/v2\/pages\/652\/revisions"}],"predecessor-version":[{"id":996,"href":"https:\/\/www.alausa.lt\/ru\/wp-json\/wp\/v2\/pages\/652\/revisions\/996"}],"up":[{"embeddable":true,"href":"https:\/\/www.alausa.lt\/ru\/wp-json\/wp\/v2\/pages\/651"}],"wp:attachment":[{"href":"https:\/\/www.alausa.lt\/ru\/wp-json\/wp\/v2\/media?parent=652"}],"curies":[{"name":"wp","href":"https:\/\/api.w.org\/{rel}","templated":true}]}}