{"id":969,"date":"2020-02-21T13:44:45","date_gmt":"2020-02-21T10:44:45","guid":{"rendered":"http:\/\/alausa.lt\/gaukite-musu-pasiulyma\/"},"modified":"2020-02-24T17:56:50","modified_gmt":"2020-02-24T14:56:50","slug":"receive-our-offer","status":"publish","type":"page","link":"https:\/\/www.alausa.lt\/en\/receive-our-offer\/","title":{"rendered":"Receive our offer"},"content":{"rendered":"<div class=\"wpb-content-wrapper\"><p>[vc_row][vc_column width=&#8221;1\/4&#8243;][\/vc_column][vc_column width=&#8221;1\/2&#8243;]\n<div class=\"wpcf7 no-js\" id=\"wpcf7-f974-o1\" lang=\"en-US\" dir=\"ltr\" data-wpcf7-id=\"974\">\n<div class=\"screen-reader-response\"><p role=\"status\" aria-live=\"polite\" aria-atomic=\"true\"><\/p> <ul><\/ul><\/div>\n<form action=\"\/en\/wp-json\/wp\/v2\/pages\/969#wpcf7-f974-o1\" method=\"post\" class=\"wpcf7-form init\" aria-label=\"Contact form\" novalidate=\"novalidate\" data-status=\"init\">\n<fieldset class=\"hidden-fields-container\"><input type=\"hidden\" name=\"_wpcf7\" value=\"974\" \/><input type=\"hidden\" name=\"_wpcf7_version\" value=\"6.1.5\" \/><input type=\"hidden\" name=\"_wpcf7_locale\" value=\"en_US\" \/><input type=\"hidden\" name=\"_wpcf7_unit_tag\" value=\"wpcf7-f974-o1\" \/><input type=\"hidden\" name=\"_wpcf7_container_post\" value=\"0\" \/><input type=\"hidden\" name=\"_wpcf7_posted_data_hash\" value=\"\" \/>\n<\/fieldset>\n<p><label> NAME, LAST NAME, COMPANY NAME *<br \/>\n<span class=\"wpcf7-form-control-wrap\" data-name=\"company\"><input size=\"40\" maxlength=\"400\" class=\"wpcf7-form-control wpcf7-text wpcf7-validates-as-required\" aria-required=\"true\" aria-invalid=\"false\" value=\"\" type=\"text\" name=\"company\" \/><\/span> <\/label>\n<\/p>\n<p><label> TELEPHONE NUMBER *<br \/>\n<span class=\"wpcf7-form-control-wrap\" data-name=\"phone\"><input size=\"40\" maxlength=\"400\" class=\"wpcf7-form-control wpcf7-tel wpcf7-validates-as-required wpcf7-text wpcf7-validates-as-tel\" aria-required=\"true\" aria-invalid=\"false\" value=\"\" type=\"tel\" name=\"phone\" \/><\/span> <\/label>\n<\/p>\n<p><label> E-MAIL ADDRESS *<br \/>\n<span class=\"wpcf7-form-control-wrap\" data-name=\"your-email\"><input size=\"40\" maxlength=\"400\" class=\"wpcf7-form-control wpcf7-email wpcf7-validates-as-required wpcf7-text wpcf7-validates-as-email\" aria-required=\"true\" aria-invalid=\"false\" value=\"\" type=\"email\" name=\"your-email\" \/><\/span> <\/label>\n<\/p>\n<p><label> COMMENT<br \/>\n<span class=\"wpcf7-form-control-wrap\" data-name=\"comment\"><input size=\"40\" maxlength=\"400\" class=\"wpcf7-form-control wpcf7-text\" aria-invalid=\"false\" placeholder=\"I would like to receive and offer and become a client of ALAU\u0160A!\" value=\"\" type=\"text\" name=\"comment\" \/><\/span> <\/label>\n<\/p>\n<p><label><span class=\"wpcf7-form-control-wrap\" data-name=\"acceptance-277\"><span class=\"wpcf7-form-control wpcf7-acceptance\"><span class=\"wpcf7-list-item\"><label><input type=\"checkbox\" name=\"acceptance-277\" value=\"1\" aria-invalid=\"false\" \/><span class=\"wpcf7-list-item-label\">I agree that UAB Alau\u0161a will manage my personal data. <a href=\"http:\/\/alausa.lt\/en\/privacy-policy\/\" target=\"_blank\">Privacy policy<\/a><\/span><\/label><\/span><\/span><\/span><\/label>\n<\/p>\n<div class=\"vc_empty_space\" style=\"height: 30px\">\n\t<p><span class=\"vc_empty_space_inner\"><\/span>\n\t<\/p>\n<\/div>\n<p><input class=\"wpcf7-form-control wpcf7-submit has-spinner\" type=\"submit\" value=\"Send\" \/>\n<\/p><div class=\"wpcf7-response-output\" aria-hidden=\"true\"><\/div>\n<\/form>\n<\/div>\n[\/vc_column][vc_column width=&#8221;1\/4&#8243;][\/vc_column][\/vc_row]<\/p>\n<\/div>","protected":false},"excerpt":{"rendered":"<p>[vc_row][vc_column width=&#8221;1\/4&#8243;][\/vc_column][vc_column width=&#8221;1\/2&#8243;][\/vc_column][vc_column width=&#8221;1\/4&#8243;][\/vc_column][\/vc_row]<\/p>\n","protected":false},"author":1,"featured_media":0,"parent":0,"menu_order":2,"comment_status":"closed","ping_status":"closed","template":"","meta":{"footnotes":""},"class_list":["post-969","page","type-page","status-publish","hentry","description-off"],"yoast_head":"<!-- This site is optimized with the Yoast SEO plugin v27.4 - https:\/\/yoast.com\/product\/yoast-seo-wordpress\/ -->\n<title>Receive our offer - Alau\u0161a<\/title>\n<meta name=\"robots\" content=\"index, follow, max-snippet:-1, max-image-preview:large, max-video-preview:-1\" \/>\n<link rel=\"canonical\" href=\"https:\/\/www.alausa.lt\/en\/receive-our-offer\/\" \/>\n<meta property=\"og:locale\" content=\"en_US\" \/>\n<meta property=\"og:type\" content=\"article\" \/>\n<meta property=\"og:title\" content=\"Receive our offer - Alau\u0161a\" \/>\n<meta property=\"og:description\" content=\"[vc_row][vc_column width=&#8221;1\/4&#8243;][\/vc_column][vc_column width=&#8221;1\/2&#8243;][\/vc_column][vc_column width=&#8221;1\/4&#8243;][\/vc_column][\/vc_row]\" \/>\n<meta property=\"og:url\" content=\"https:\/\/www.alausa.lt\/en\/receive-our-offer\/\" \/>\n<meta property=\"og:site_name\" content=\"Alau\u0161a\" \/>\n<meta property=\"article:modified_time\" content=\"2020-02-24T14:56:50+00:00\" \/>\n<meta name=\"twitter:card\" content=\"summary_large_image\" \/>\n<script type=\"application\/ld+json\" class=\"yoast-schema-graph\">{\"@context\":\"https:\\\/\\\/schema.org\",\"@graph\":[{\"@type\":\"WebPage\",\"@id\":\"https:\\\/\\\/www.alausa.lt\\\/en\\\/receive-our-offer\\\/\",\"url\":\"https:\\\/\\\/www.alausa.lt\\\/en\\\/receive-our-offer\\\/\",\"name\":\"Receive our offer - Alau\u0161a\",\"isPartOf\":{\"@id\":\"https:\\\/\\\/www.alausa.lt\\\/#website\"},\"datePublished\":\"2020-02-21T10:44:45+00:00\",\"dateModified\":\"2020-02-24T14:56:50+00:00\",\"inLanguage\":\"en-US\",\"potentialAction\":[{\"@type\":\"ReadAction\",\"target\":[\"https:\\\/\\\/www.alausa.lt\\\/en\\\/receive-our-offer\\\/\"]}]},{\"@type\":\"WebSite\",\"@id\":\"https:\\\/\\\/www.alausa.lt\\\/#website\",\"url\":\"https:\\\/\\\/www.alausa.lt\\\/\",\"name\":\"Alau\u0161a\",\"description\":\"Lietuvi\u0161kas degalini\u0173 tinklas\",\"potentialAction\":[{\"@type\":\"SearchAction\",\"target\":{\"@type\":\"EntryPoint\",\"urlTemplate\":\"https:\\\/\\\/www.alausa.lt\\\/?s={search_term_string}\"},\"query-input\":{\"@type\":\"PropertyValueSpecification\",\"valueRequired\":true,\"valueName\":\"search_term_string\"}}],\"inLanguage\":\"en-US\"}]}<\/script>\n<!-- \/ Yoast SEO plugin. -->","yoast_head_json":{"title":"Receive our offer - Alau\u0161a","robots":{"index":"index","follow":"follow","max-snippet":"max-snippet:-1","max-image-preview":"max-image-preview:large","max-video-preview":"max-video-preview:-1"},"canonical":"https:\/\/www.alausa.lt\/en\/receive-our-offer\/","og_locale":"en_US","og_type":"article","og_title":"Receive our offer - Alau\u0161a","og_description":"[vc_row][vc_column width=&#8221;1\/4&#8243;][\/vc_column][vc_column width=&#8221;1\/2&#8243;][\/vc_column][vc_column width=&#8221;1\/4&#8243;][\/vc_column][\/vc_row]","og_url":"https:\/\/www.alausa.lt\/en\/receive-our-offer\/","og_site_name":"Alau\u0161a","article_modified_time":"2020-02-24T14:56:50+00:00","twitter_card":"summary_large_image","schema":{"@context":"https:\/\/schema.org","@graph":[{"@type":"WebPage","@id":"https:\/\/www.alausa.lt\/en\/receive-our-offer\/","url":"https:\/\/www.alausa.lt\/en\/receive-our-offer\/","name":"Receive our offer - Alau\u0161a","isPartOf":{"@id":"https:\/\/www.alausa.lt\/#website"},"datePublished":"2020-02-21T10:44:45+00:00","dateModified":"2020-02-24T14:56:50+00:00","inLanguage":"en-US","potentialAction":[{"@type":"ReadAction","target":["https:\/\/www.alausa.lt\/en\/receive-our-offer\/"]}]},{"@type":"WebSite","@id":"https:\/\/www.alausa.lt\/#website","url":"https:\/\/www.alausa.lt\/","name":"Alau\u0161a","description":"Lietuvi\u0161kas degalini\u0173 tinklas","potentialAction":[{"@type":"SearchAction","target":{"@type":"EntryPoint","urlTemplate":"https:\/\/www.alausa.lt\/?s={search_term_string}"},"query-input":{"@type":"PropertyValueSpecification","valueRequired":true,"valueName":"search_term_string"}}],"inLanguage":"en-US"}]}},"_links":{"self":[{"href":"https:\/\/www.alausa.lt\/en\/wp-json\/wp\/v2\/pages\/969","targetHints":{"allow":["GET"]}}],"collection":[{"href":"https:\/\/www.alausa.lt\/en\/wp-json\/wp\/v2\/pages"}],"about":[{"href":"https:\/\/www.alausa.lt\/en\/wp-json\/wp\/v2\/types\/page"}],"author":[{"embeddable":true,"href":"https:\/\/www.alausa.lt\/en\/wp-json\/wp\/v2\/users\/1"}],"replies":[{"embeddable":true,"href":"https:\/\/www.alausa.lt\/en\/wp-json\/wp\/v2\/comments?post=969"}],"version-history":[{"count":2,"href":"https:\/\/www.alausa.lt\/en\/wp-json\/wp\/v2\/pages\/969\/revisions"}],"predecessor-version":[{"id":977,"href":"https:\/\/www.alausa.lt\/en\/wp-json\/wp\/v2\/pages\/969\/revisions\/977"}],"wp:attachment":[{"href":"https:\/\/www.alausa.lt\/en\/wp-json\/wp\/v2\/media?parent=969"}],"curies":[{"name":"wp","href":"https:\/\/api.w.org\/{rel}","templated":true}]}}