{"id":615,"date":"2019-10-07T22:18:17","date_gmt":"2019-10-07T19:18:17","guid":{"rendered":"http:\/\/alausa.lt\/korteles\/anketa-juridiniams-asmenims\/"},"modified":"2020-02-25T12:53:00","modified_gmt":"2020-02-25T09:53:00","slug":"questionnaire-for-legal-entities","status":"publish","type":"page","link":"https:\/\/www.alausa.lt\/en\/cards\/questionnaire-for-legal-entities\/","title":{"rendered":"Questionnaire for legal entities"},"content":{"rendered":"<div class=\"wpb-content-wrapper\"><p>[vc_row][vc_column]\n<div class=\"wpcf7 no-js\" id=\"wpcf7-f992-o1\" lang=\"en-US\" dir=\"ltr\" data-wpcf7-id=\"992\">\n<div class=\"screen-reader-response\"><p role=\"status\" aria-live=\"polite\" aria-atomic=\"true\"><\/p> <ul><\/ul><\/div>\n<form action=\"\/en\/wp-json\/wp\/v2\/pages\/615#wpcf7-f992-o1\" method=\"post\" class=\"wpcf7-form init\" aria-label=\"Contact form\" novalidate=\"novalidate\" data-status=\"init\">\n<fieldset class=\"hidden-fields-container\"><input type=\"hidden\" name=\"_wpcf7\" value=\"992\" \/><input type=\"hidden\" name=\"_wpcf7_version\" value=\"6.1.5\" \/><input type=\"hidden\" name=\"_wpcf7_locale\" value=\"en_US\" \/><input type=\"hidden\" name=\"_wpcf7_unit_tag\" value=\"wpcf7-f992-o1\" \/><input type=\"hidden\" name=\"_wpcf7_container_post\" value=\"0\" \/><input type=\"hidden\" name=\"_wpcf7_posted_data_hash\" value=\"\" \/>\n<\/fieldset>\n<div class=\"vc_row wpb_row vc_row-fluid\">\n\t<div class=\"vc_col-sm-4\">\n\t\t<p><label> Company name * <span class=\"wpcf7-form-control-wrap\" data-name=\"imone\"><input size=\"40\" maxlength=\"400\" class=\"wpcf7-form-control wpcf7-text wpcf7-validates-as-required\" aria-required=\"true\" aria-invalid=\"false\" value=\"\" type=\"text\" name=\"imone\" \/><\/span> <\/label>\n\t\t<\/p>\n\t<\/div>\n\t<div class=\"vc_col-sm-4\">\n\t\t<p><label> Company code * <span class=\"wpcf7-form-control-wrap\" data-name=\"imones-kodas\"><input size=\"40\" maxlength=\"400\" class=\"wpcf7-form-control wpcf7-text wpcf7-validates-as-required\" aria-required=\"true\" aria-invalid=\"false\" value=\"\" type=\"text\" name=\"imones-kodas\" \/><\/span> <\/label>\n\t\t<\/p>\n\t<\/div>\n\t<div class=\"vc_col-sm-4\">\n\t\t<p><label> VAT payer\u2019s code <span class=\"wpcf7-form-control-wrap\" data-name=\"pvm-kodas\"><input size=\"40\" maxlength=\"400\" class=\"wpcf7-form-control wpcf7-text\" aria-invalid=\"false\" value=\"\" type=\"text\" name=\"pvm-kodas\" \/><\/span> <\/label>\n\t\t<\/p>\n\t<\/div>\n<\/div>\n<div class=\"vc_row wpb_row vc_row-fluid\">\n\t<div class=\"vc_col-sm-4\">\n\t\t<p><label> Registration address * <span class=\"wpcf7-form-control-wrap\" data-name=\"reg-adresas\"><input size=\"40\" maxlength=\"400\" class=\"wpcf7-form-control wpcf7-text wpcf7-validates-as-required\" aria-required=\"true\" aria-invalid=\"false\" value=\"\" type=\"text\" name=\"reg-adresas\" \/><\/span> <\/label>\n\t\t<\/p>\n\t<\/div>\n\t<div class=\"vc_col-sm-4\">\n\t\t<p><label> Postal code <span class=\"wpcf7-form-control-wrap\" data-name=\"pasto-kodas\"><input size=\"40\" maxlength=\"400\" class=\"wpcf7-form-control wpcf7-text\" aria-invalid=\"false\" value=\"\" type=\"text\" name=\"pasto-kodas\" \/><\/span> <\/label>\n\t\t<\/p>\n\t<\/div>\n\t<div class=\"vc_col-sm-4\">\n\t\t<p><label>Correspondence address (If different) <span class=\"wpcf7-form-control-wrap\" data-name=\"kor-adresas\"><input size=\"40\" maxlength=\"400\" class=\"wpcf7-form-control wpcf7-text\" aria-invalid=\"false\" value=\"\" type=\"text\" name=\"kor-adresas\" \/><\/span> <\/label>\n\t\t<\/p>\n\t<\/div>\n<\/div>\n<div class=\"vc_empty_space\" style=\"height: 30px\">\n\t<p><span class=\"vc_empty_space_inner\"><\/span>\n\t<\/p>\n<\/div>\n<h2 style=\"text-align: center\" class=\"vc_custom_heading vc_custom_1570476530380\">Contact person\n<\/h2>\n<div class=\"vc_empty_space\" style=\"height: 30px\">\n\t<p><span class=\"vc_empty_space_inner\"><\/span>\n\t<\/p>\n<\/div>\n<div class=\"vc_row wpb_row vc_row-fluid\">\n\t<div class=\"vc_col-sm-4\">\n\t\t<p><label> Name * <span class=\"wpcf7-form-control-wrap\" data-name=\"your-name\"><input size=\"40\" maxlength=\"400\" class=\"wpcf7-form-control wpcf7-text wpcf7-validates-as-required\" aria-required=\"true\" aria-invalid=\"false\" value=\"\" type=\"text\" name=\"your-name\" \/><\/span> <\/label>\n\t\t<\/p>\n\t<\/div>\n\t<div class=\"vc_col-sm-4\">\n\t\t<p><label> Last name * <span class=\"wpcf7-form-control-wrap\" data-name=\"pavarde\"><input size=\"40\" maxlength=\"400\" class=\"wpcf7-form-control wpcf7-text wpcf7-validates-as-required\" aria-required=\"true\" aria-invalid=\"false\" value=\"\" type=\"text\" name=\"pavarde\" \/><\/span> <\/label>\n\t\t<\/p>\n\t<\/div>\n\t<div class=\"vc_col-sm-4\">\n\t\t<p><label> Position <span class=\"wpcf7-form-control-wrap\" data-name=\"pareigos\"><input size=\"40\" maxlength=\"400\" class=\"wpcf7-form-control wpcf7-text\" aria-invalid=\"false\" value=\"\" type=\"text\" name=\"pareigos\" \/><\/span> <\/label>\n\t\t<\/p>\n\t<\/div>\n<\/div>\n<div class=\"vc_row wpb_row vc_row-fluid\">\n\t<div class=\"vc_col-sm-4\">\n\t\t<p><label> Tel. No. * <span class=\"wpcf7-form-control-wrap\" data-name=\"telefonas\"><input size=\"40\" maxlength=\"400\" class=\"wpcf7-form-control wpcf7-tel wpcf7-validates-as-required wpcf7-text wpcf7-validates-as-tel\" aria-required=\"true\" aria-invalid=\"false\" value=\"\" type=\"tel\" name=\"telefonas\" \/><\/span> <\/label>\n\t\t<\/p>\n\t<\/div>\n\t<div class=\"vc_col-sm-4\">\n\t\t<p><label> Fax <span class=\"wpcf7-form-control-wrap\" data-name=\"fax\"><input size=\"40\" maxlength=\"400\" class=\"wpcf7-form-control wpcf7-text\" aria-invalid=\"false\" value=\"\" type=\"text\" name=\"fax\" \/><\/span> <\/label>\n\t\t<\/p>\n\t<\/div>\n\t<div class=\"vc_col-sm-4\">\n\t\t<p><label> E-mail * <span class=\"wpcf7-form-control-wrap\" data-name=\"el-pastas\"><input size=\"40\" maxlength=\"400\" class=\"wpcf7-form-control wpcf7-email wpcf7-validates-as-required wpcf7-text wpcf7-validates-as-email\" aria-required=\"true\" aria-invalid=\"false\" value=\"\" type=\"email\" name=\"el-pastas\" \/><\/span> <\/label>\n\t\t<\/p>\n\t<\/div>\n<\/div>\n<div class=\"vc_empty_space\" style=\"height: 30px\">\n\t<p><span class=\"vc_empty_space_inner\"><\/span>\n\t<\/p>\n<\/div>\n<h2 style=\"text-align: center\" class=\"vc_custom_heading vc_custom_1570476530380\">Additional info\n<\/h2>\n<div class=\"vc_empty_space\" style=\"height: 30px\">\n\t<p><span class=\"vc_empty_space_inner\"><\/span>\n\t<\/p>\n<\/div>\n<div class=\"vc_row wpb_row vc_row-fluid\">\n\t<div class=\"vc_col-sm-12\" style=\"text-align: center;\">\n\t\t<p><label>Average planned monthly fuel purchase amount in liters or euros<\/label>\n\t\t<\/p>\n\t\t<div class=\"vc_empty_space\" style=\"height: 10px\">\n\t\t\t<p><span class=\"vc_empty_space_inner\"><\/span>\n\t\t\t<\/p>\n\t\t<\/div>\n\t<\/div>\n<\/div>\n<div class=\"vc_row wpb_row vc_row-fluid\">\n\t<div class=\"vc_col-sm-6\">\n\t\t<p><label> Eur <span class=\"wpcf7-form-control-wrap\" data-name=\"eur\"><input size=\"40\" maxlength=\"400\" class=\"wpcf7-form-control wpcf7-text\" aria-invalid=\"false\" value=\"\" type=\"text\" name=\"eur\" \/><\/span> <\/label>\n\t\t<\/p>\n\t<\/div>\n\t<div class=\"vc_col-sm-6\">\n\t\t<p><label> Ltr. <span class=\"wpcf7-form-control-wrap\" data-name=\"litrai\"><input size=\"40\" maxlength=\"400\" class=\"wpcf7-form-control wpcf7-text\" aria-invalid=\"false\" value=\"\" type=\"text\" name=\"litrai\" \/><\/span> <\/label>\n\t\t<\/p>\n\t<\/div>\n<\/div>\n<div class=\"vc_empty_space\" style=\"height: 15px\">\n\t<p><span class=\"vc_empty_space_inner\"><\/span>\n\t<\/p>\n<\/div>\n<div class=\"vc_row wpb_row vc_row-fluid\">\n\t<div class=\"vc_col-sm-4\">\n\t\t<p><label> Activate cards for: <\/label><br \/>\n<span class=\"wpcf7-form-control-wrap\" data-name=\"checkbox-1\"><span class=\"wpcf7-form-control wpcf7-checkbox\"><span class=\"wpcf7-list-item first\"><input type=\"checkbox\" name=\"checkbox-1[]\" value=\"Car wash services\" \/><span class=\"wpcf7-list-item-label\">Car wash services<\/span><\/span><span class=\"wpcf7-list-item last\"><input type=\"checkbox\" name=\"checkbox-1[]\" value=\"Car goods purchases\" \/><span class=\"wpcf7-list-item-label\">Car goods purchases<\/span><\/span><\/span><\/span>\n\t\t<\/p>\n\t<\/div>\n\t<div class=\"vc_col-sm-4\">\n\t\t<p><label> Card Type: <\/label><br \/>\n<span class=\"wpcf7-form-control-wrap\" data-name=\"checkbox-2\"><span class=\"wpcf7-form-control wpcf7-checkbox\"><span class=\"wpcf7-list-item first\"><input type=\"checkbox\" name=\"checkbox-2[]\" value=\"Debit\" \/><span class=\"wpcf7-list-item-label\">Debit<\/span><\/span><span class=\"wpcf7-list-item\"><input type=\"checkbox\" name=\"checkbox-2[]\" value=\"Credit\" \/><span class=\"wpcf7-list-item-label\">Credit<\/span><\/span><span class=\"wpcf7-list-item last\"><input type=\"checkbox\" name=\"checkbox-2[]\" value=\"Discounts\" \/><span class=\"wpcf7-list-item-label\">Discounts<\/span><\/span><\/span><\/span>\n\t\t<\/p>\n\t<\/div>\n\t<div class=\"vc_col-sm-4\">\n\t\t<p><label> Get our offer by: <\/label><br \/>\n<span class=\"wpcf7-form-control-wrap\" data-name=\"checkbox-3\"><span class=\"wpcf7-form-control wpcf7-checkbox\"><span class=\"wpcf7-list-item first\"><input type=\"checkbox\" name=\"checkbox-3[]\" value=\"Phone\" \/><span class=\"wpcf7-list-item-label\">Phone<\/span><\/span><span class=\"wpcf7-list-item last\"><input type=\"checkbox\" name=\"checkbox-3[]\" value=\"E-mail\" \/><span class=\"wpcf7-list-item-label\">E-mail<\/span><\/span><\/span><\/span>\n\t\t<\/p>\n\t<\/div>\n<\/div>\n<div class=\"vc_empty_space\" style=\"height: 30px\">\n\t<p><span class=\"vc_empty_space_inner\"><\/span>\n\t<\/p>\n<\/div>\n<div class=\"vc_separator wpb_content_element vc_separator_align_center vc_sep_width_100 vc_sep_pos_align_center vc_separator_no_text vc_sep_color_grey\">\n\t<p><span class=\"vc_sep_holder vc_sep_holder_l\"><span class=\"vc_sep_line\"><\/span><\/span><span class=\"vc_sep_holder vc_sep_holder_r\"><span class=\"vc_sep_line\"><\/span><\/span>\n\t<\/p>\n<\/div>\n<div class=\"vc_row wpb_row vc_row-fluid\" style=\"text-align: center;\">\n\t<div class=\"vc_col-sm-12\">\n\t\t<p><span class=\"wpcf7-form-control-wrap\" data-name=\"acceptance-264\"><span class=\"wpcf7-form-control wpcf7-acceptance\"><span class=\"wpcf7-list-item\"><label><input type=\"checkbox\" name=\"acceptance-264\" value=\"1\" aria-invalid=\"false\" \/><span class=\"wpcf7-list-item-label\">I agree that UAB Alau\u0161a will manage my personal data. <a href=\"http:\/\/alausa.lt\/en\/privacy-policy\/\" target=\"_blank\">Privacy policy<\/a><\/span><\/label><\/span><\/span><\/span>\n\t\t<\/p>\n\t\t<div class=\"vc_empty_space\" style=\"height: 15px\">\n\t\t\t<p><span class=\"vc_empty_space_inner\"><\/span>\n\t\t\t<\/p>\n\t\t<\/div>\n\t\t<p><input class=\"wpcf7-form-control wpcf7-submit has-spinner\" type=\"submit\" value=\"Send\" \/>\n\t\t<\/p>\n\t<\/div>\n<\/div><div class=\"wpcf7-response-output\" aria-hidden=\"true\"><\/div>\n<\/form>\n<\/div>\n[\/vc_column][\/vc_row]<\/p>\n<\/div>","protected":false},"excerpt":{"rendered":"<p>[vc_row][vc_column][\/vc_column][\/vc_row]<\/p>\n","protected":false},"author":1,"featured_media":0,"parent":614,"menu_order":11,"comment_status":"closed","ping_status":"closed","template":"","meta":{"footnotes":""},"class_list":["post-615","page","type-page","status-publish","hentry","description-off"],"yoast_head":"<!-- This site is optimized with the Yoast SEO plugin v27.4 - https:\/\/yoast.com\/product\/yoast-seo-wordpress\/ -->\n<title>Questionnaire for legal entities - Alau\u0161a<\/title>\n<meta name=\"robots\" content=\"index, follow, max-snippet:-1, max-image-preview:large, max-video-preview:-1\" \/>\n<link rel=\"canonical\" href=\"https:\/\/www.alausa.lt\/en\/cards\/questionnaire-for-legal-entities\/\" \/>\n<meta property=\"og:locale\" content=\"en_US\" \/>\n<meta property=\"og:type\" content=\"article\" \/>\n<meta property=\"og:title\" content=\"Questionnaire for legal entities - Alau\u0161a\" \/>\n<meta property=\"og:description\" content=\"[vc_row][vc_column][\/vc_column][\/vc_row]\" \/>\n<meta property=\"og:url\" content=\"https:\/\/www.alausa.lt\/en\/cards\/questionnaire-for-legal-entities\/\" \/>\n<meta property=\"og:site_name\" content=\"Alau\u0161a\" \/>\n<meta property=\"article:modified_time\" content=\"2020-02-25T09:53:00+00:00\" \/>\n<meta name=\"twitter:card\" content=\"summary_large_image\" \/>\n<script type=\"application\/ld+json\" class=\"yoast-schema-graph\">{\"@context\":\"https:\\\/\\\/schema.org\",\"@graph\":[{\"@type\":\"WebPage\",\"@id\":\"https:\\\/\\\/www.alausa.lt\\\/en\\\/cards\\\/questionnaire-for-legal-entities\\\/\",\"url\":\"https:\\\/\\\/www.alausa.lt\\\/en\\\/cards\\\/questionnaire-for-legal-entities\\\/\",\"name\":\"Questionnaire for legal entities - Alau\u0161a\",\"isPartOf\":{\"@id\":\"https:\\\/\\\/www.alausa.lt\\\/#website\"},\"datePublished\":\"2019-10-07T19:18:17+00:00\",\"dateModified\":\"2020-02-25T09:53:00+00:00\",\"breadcrumb\":{\"@id\":\"https:\\\/\\\/www.alausa.lt\\\/en\\\/cards\\\/questionnaire-for-legal-entities\\\/#breadcrumb\"},\"inLanguage\":\"en-US\",\"potentialAction\":[{\"@type\":\"ReadAction\",\"target\":[\"https:\\\/\\\/www.alausa.lt\\\/en\\\/cards\\\/questionnaire-for-legal-entities\\\/\"]}]},{\"@type\":\"BreadcrumbList\",\"@id\":\"https:\\\/\\\/www.alausa.lt\\\/en\\\/cards\\\/questionnaire-for-legal-entities\\\/#breadcrumb\",\"itemListElement\":[{\"@type\":\"ListItem\",\"position\":1,\"name\":\"Cards\",\"item\":\"https:\\\/\\\/www.alausa.lt\\\/en\\\/cards\\\/\"},{\"@type\":\"ListItem\",\"position\":2,\"name\":\"Questionnaire for legal entities\"}]},{\"@type\":\"WebSite\",\"@id\":\"https:\\\/\\\/www.alausa.lt\\\/#website\",\"url\":\"https:\\\/\\\/www.alausa.lt\\\/\",\"name\":\"Alau\u0161a\",\"description\":\"Lietuvi\u0161kas degalini\u0173 tinklas\",\"potentialAction\":[{\"@type\":\"SearchAction\",\"target\":{\"@type\":\"EntryPoint\",\"urlTemplate\":\"https:\\\/\\\/www.alausa.lt\\\/?s={search_term_string}\"},\"query-input\":{\"@type\":\"PropertyValueSpecification\",\"valueRequired\":true,\"valueName\":\"search_term_string\"}}],\"inLanguage\":\"en-US\"}]}<\/script>\n<!-- \/ Yoast SEO plugin. -->","yoast_head_json":{"title":"Questionnaire for legal entities - Alau\u0161a","robots":{"index":"index","follow":"follow","max-snippet":"max-snippet:-1","max-image-preview":"max-image-preview:large","max-video-preview":"max-video-preview:-1"},"canonical":"https:\/\/www.alausa.lt\/en\/cards\/questionnaire-for-legal-entities\/","og_locale":"en_US","og_type":"article","og_title":"Questionnaire for legal entities - Alau\u0161a","og_description":"[vc_row][vc_column][\/vc_column][\/vc_row]","og_url":"https:\/\/www.alausa.lt\/en\/cards\/questionnaire-for-legal-entities\/","og_site_name":"Alau\u0161a","article_modified_time":"2020-02-25T09:53:00+00:00","twitter_card":"summary_large_image","schema":{"@context":"https:\/\/schema.org","@graph":[{"@type":"WebPage","@id":"https:\/\/www.alausa.lt\/en\/cards\/questionnaire-for-legal-entities\/","url":"https:\/\/www.alausa.lt\/en\/cards\/questionnaire-for-legal-entities\/","name":"Questionnaire for legal entities - Alau\u0161a","isPartOf":{"@id":"https:\/\/www.alausa.lt\/#website"},"datePublished":"2019-10-07T19:18:17+00:00","dateModified":"2020-02-25T09:53:00+00:00","breadcrumb":{"@id":"https:\/\/www.alausa.lt\/en\/cards\/questionnaire-for-legal-entities\/#breadcrumb"},"inLanguage":"en-US","potentialAction":[{"@type":"ReadAction","target":["https:\/\/www.alausa.lt\/en\/cards\/questionnaire-for-legal-entities\/"]}]},{"@type":"BreadcrumbList","@id":"https:\/\/www.alausa.lt\/en\/cards\/questionnaire-for-legal-entities\/#breadcrumb","itemListElement":[{"@type":"ListItem","position":1,"name":"Cards","item":"https:\/\/www.alausa.lt\/en\/cards\/"},{"@type":"ListItem","position":2,"name":"Questionnaire for legal entities"}]},{"@type":"WebSite","@id":"https:\/\/www.alausa.lt\/#website","url":"https:\/\/www.alausa.lt\/","name":"Alau\u0161a","description":"Lietuvi\u0161kas degalini\u0173 tinklas","potentialAction":[{"@type":"SearchAction","target":{"@type":"EntryPoint","urlTemplate":"https:\/\/www.alausa.lt\/?s={search_term_string}"},"query-input":{"@type":"PropertyValueSpecification","valueRequired":true,"valueName":"search_term_string"}}],"inLanguage":"en-US"}]}},"_links":{"self":[{"href":"https:\/\/www.alausa.lt\/en\/wp-json\/wp\/v2\/pages\/615","targetHints":{"allow":["GET"]}}],"collection":[{"href":"https:\/\/www.alausa.lt\/en\/wp-json\/wp\/v2\/pages"}],"about":[{"href":"https:\/\/www.alausa.lt\/en\/wp-json\/wp\/v2\/types\/page"}],"author":[{"embeddable":true,"href":"https:\/\/www.alausa.lt\/en\/wp-json\/wp\/v2\/users\/1"}],"replies":[{"embeddable":true,"href":"https:\/\/www.alausa.lt\/en\/wp-json\/wp\/v2\/comments?post=615"}],"version-history":[{"count":4,"href":"https:\/\/www.alausa.lt\/en\/wp-json\/wp\/v2\/pages\/615\/revisions"}],"predecessor-version":[{"id":994,"href":"https:\/\/www.alausa.lt\/en\/wp-json\/wp\/v2\/pages\/615\/revisions\/994"}],"up":[{"embeddable":true,"href":"https:\/\/www.alausa.lt\/en\/wp-json\/wp\/v2\/pages\/614"}],"wp:attachment":[{"href":"https:\/\/www.alausa.lt\/en\/wp-json\/wp\/v2\/media?parent=615"}],"curies":[{"name":"wp","href":"https:\/\/api.w.org\/{rel}","templated":true}]}}