{"id":614,"date":"2019-10-01T21:39:35","date_gmt":"2019-10-01T18:39:35","guid":{"rendered":"http:\/\/alausa.lt\/korteles\/"},"modified":"2020-02-28T12:56:59","modified_gmt":"2020-02-28T09:56:59","slug":"cards","status":"publish","type":"page","link":"https:\/\/www.alausa.lt\/en\/cards\/","title":{"rendered":"Cards"},"content":{"rendered":"<div class=\"wpb-content-wrapper\"><p>[vc_row][vc_column][vc_single_image image=&#8221;686&#8243; img_size=&#8221;full&#8221; alignment=&#8221;center&#8221;][\/vc_column][\/vc_row][vc_row][vc_column width=&#8221;1\/2&#8243;]<div class=\"standard-arrow bullet-top\"><ul>\n<li>Credit\/debit card may be obtained by companies, institutions and organizations who have submitted a copy of the company&#8217;s registration certificate<\/li>\n<li>The cards are issued free of charge for the duration of the contract<\/li>\n<li>Using credit\/debit cards is very convenient and easy<\/li>\n<li>Credit\/debit cards can be made with the combination of different services &#8211; the choice of several fuels or services<\/li>\n<li>You will receive the reports on the use of the cards together with your bill<\/li>\n<\/ul>\n<\/div>[\/vc_column][vc_column width=&#8221;1\/2&#8243;]<div class=\"standard-arrow bullet-top\"><ul>\n<li>If the card is lost, the buyer must immediately notify cancellation of the lost card by Tel. No.: +370\u00a0611 26907<\/li>\n<li>We commit to block the card on weekdays and weekends within 24 hours. The company is not responsible for all purchases made within 24 hours from the moment we receive the request to block the card. In addition, customers can block the cards themselves in the self-service system<\/li>\n<li>The card can be blocked not only if it is lost, but also if the buyer requests<\/li>\n<li>Cards are issued at any convenient UAB &#8220;Alau\u0161a&#8221; gas station<\/li>\n<\/ul>\n<\/div>[\/vc_column][\/vc_row][vc_row gap=&#8221;20&#8243;][vc_column][vc_separator]<div class=\" ubtn-ctn-center \"><a class=\"ubtn-link ult-adjust-bottom-margin ubtn-center ubtn-normal \" href=\"http:\/\/www.alausa.lt\/en\/cards\/questionnaire-for-legal-entities\/\" title=\"Questionnaire for legal entities\" ><button type=\"button\" id=\"ubtn-3303\"  class=\"ubtn ult-adjust-bottom-margin ult-responsive ubtn-normal ubtn-fade-bg  none  ubtn-center   tooltip-69e44faaa4bae\"  data-hover=\"#ffffff\" data-border-color=\"\" data-bg=\"#84dade\" data-hover-bg=\"#1d1934\" data-border-hover=\"\" data-shadow-hover=\"\" data-shadow-click=\"none\" data-shadow=\"\" data-shd-shadow=\"\"  data-ultimate-target='#ubtn-3303'  data-responsive-json-new='{\"font-size\":\"desktop:16px;\",\"line-height\":\"\"}'  style=\"font-weight:bold;border:none;background: #84dade;color: #ffffff;\"><span class=\"ubtn-hover\" style=\"background-color:#1d1934\"><\/span><span class=\"ubtn-data ubtn-text \" >Questionnaire for legal entities<\/span><\/button><\/a><\/div>[\/vc_column][\/vc_row]<\/p>\n<\/div>","protected":false},"excerpt":{"rendered":"<p>[vc_row][vc_column][vc_single_image image=&#8221;686&#8243; img_size=&#8221;full&#8221; alignment=&#8221;center&#8221;][\/vc_column][\/vc_row][vc_row][vc_column width=&#8221;1\/2&#8243;][\/vc_column][vc_column width=&#8221;1\/2&#8243;][\/vc_column][\/vc_row][vc_row gap=&#8221;20&#8243;][vc_column][vc_separator][\/vc_column][\/vc_row]<\/p>\n","protected":false},"author":1,"featured_media":0,"parent":0,"menu_order":26,"comment_status":"closed","ping_status":"closed","template":"","meta":{"footnotes":""},"class_list":["post-614","page","type-page","status-publish","hentry","description-off"],"yoast_head":"<!-- This site is optimized with the Yoast SEO plugin v27.3 - https:\/\/yoast.com\/product\/yoast-seo-wordpress\/ -->\n<title>Cards - Alau\u0161a<\/title>\n<meta name=\"robots\" content=\"index, follow, max-snippet:-1, max-image-preview:large, max-video-preview:-1\" \/>\n<link rel=\"canonical\" href=\"https:\/\/www.alausa.lt\/en\/cards\/\" \/>\n<meta property=\"og:locale\" content=\"en_US\" \/>\n<meta property=\"og:type\" content=\"article\" \/>\n<meta property=\"og:title\" content=\"Cards - Alau\u0161a\" \/>\n<meta property=\"og:description\" content=\"[vc_row][vc_column][vc_single_image image=&#8221;686&#8243; img_size=&#8221;full&#8221; alignment=&#8221;center&#8221;][\/vc_column][\/vc_row][vc_row][vc_column width=&#8221;1\/2&#8243;][\/vc_column][vc_column width=&#8221;1\/2&#8243;][\/vc_column][\/vc_row][vc_row gap=&#8221;20&#8243;][vc_column][vc_separator][\/vc_column][\/vc_row]\" \/>\n<meta property=\"og:url\" content=\"https:\/\/www.alausa.lt\/en\/cards\/\" \/>\n<meta property=\"og:site_name\" content=\"Alau\u0161a\" \/>\n<meta property=\"article:modified_time\" content=\"2020-02-28T09:56:59+00:00\" \/>\n<meta name=\"twitter:card\" content=\"summary_large_image\" \/>\n<meta name=\"twitter:label1\" content=\"Est. reading time\" \/>\n\t<meta name=\"twitter:data1\" content=\"1 minute\" \/>\n<script type=\"application\/ld+json\" class=\"yoast-schema-graph\">{\"@context\":\"https:\\\/\\\/schema.org\",\"@graph\":[{\"@type\":\"WebPage\",\"@id\":\"https:\\\/\\\/www.alausa.lt\\\/en\\\/cards\\\/\",\"url\":\"https:\\\/\\\/www.alausa.lt\\\/en\\\/cards\\\/\",\"name\":\"Cards - Alau\u0161a\",\"isPartOf\":{\"@id\":\"https:\\\/\\\/www.alausa.lt\\\/#website\"},\"datePublished\":\"2019-10-01T18:39:35+00:00\",\"dateModified\":\"2020-02-28T09:56:59+00:00\",\"inLanguage\":\"en-US\",\"potentialAction\":[{\"@type\":\"ReadAction\",\"target\":[\"https:\\\/\\\/www.alausa.lt\\\/en\\\/cards\\\/\"]}]},{\"@type\":\"WebSite\",\"@id\":\"https:\\\/\\\/www.alausa.lt\\\/#website\",\"url\":\"https:\\\/\\\/www.alausa.lt\\\/\",\"name\":\"Alau\u0161a\",\"description\":\"Lietuvi\u0161kas degalini\u0173 tinklas\",\"potentialAction\":[{\"@type\":\"SearchAction\",\"target\":{\"@type\":\"EntryPoint\",\"urlTemplate\":\"https:\\\/\\\/www.alausa.lt\\\/?s={search_term_string}\"},\"query-input\":{\"@type\":\"PropertyValueSpecification\",\"valueRequired\":true,\"valueName\":\"search_term_string\"}}],\"inLanguage\":\"en-US\"}]}<\/script>\n<!-- \/ Yoast SEO plugin. -->","yoast_head_json":{"title":"Cards - Alau\u0161a","robots":{"index":"index","follow":"follow","max-snippet":"max-snippet:-1","max-image-preview":"max-image-preview:large","max-video-preview":"max-video-preview:-1"},"canonical":"https:\/\/www.alausa.lt\/en\/cards\/","og_locale":"en_US","og_type":"article","og_title":"Cards - Alau\u0161a","og_description":"[vc_row][vc_column][vc_single_image image=&#8221;686&#8243; img_size=&#8221;full&#8221; alignment=&#8221;center&#8221;][\/vc_column][\/vc_row][vc_row][vc_column width=&#8221;1\/2&#8243;][\/vc_column][vc_column width=&#8221;1\/2&#8243;][\/vc_column][\/vc_row][vc_row gap=&#8221;20&#8243;][vc_column][vc_separator][\/vc_column][\/vc_row]","og_url":"https:\/\/www.alausa.lt\/en\/cards\/","og_site_name":"Alau\u0161a","article_modified_time":"2020-02-28T09:56:59+00:00","twitter_card":"summary_large_image","twitter_misc":{"Est. reading time":"1 minute"},"schema":{"@context":"https:\/\/schema.org","@graph":[{"@type":"WebPage","@id":"https:\/\/www.alausa.lt\/en\/cards\/","url":"https:\/\/www.alausa.lt\/en\/cards\/","name":"Cards - Alau\u0161a","isPartOf":{"@id":"https:\/\/www.alausa.lt\/#website"},"datePublished":"2019-10-01T18:39:35+00:00","dateModified":"2020-02-28T09:56:59+00:00","inLanguage":"en-US","potentialAction":[{"@type":"ReadAction","target":["https:\/\/www.alausa.lt\/en\/cards\/"]}]},{"@type":"WebSite","@id":"https:\/\/www.alausa.lt\/#website","url":"https:\/\/www.alausa.lt\/","name":"Alau\u0161a","description":"Lietuvi\u0161kas degalini\u0173 tinklas","potentialAction":[{"@type":"SearchAction","target":{"@type":"EntryPoint","urlTemplate":"https:\/\/www.alausa.lt\/?s={search_term_string}"},"query-input":{"@type":"PropertyValueSpecification","valueRequired":true,"valueName":"search_term_string"}}],"inLanguage":"en-US"}]}},"_links":{"self":[{"href":"https:\/\/www.alausa.lt\/en\/wp-json\/wp\/v2\/pages\/614","targetHints":{"allow":["GET"]}}],"collection":[{"href":"https:\/\/www.alausa.lt\/en\/wp-json\/wp\/v2\/pages"}],"about":[{"href":"https:\/\/www.alausa.lt\/en\/wp-json\/wp\/v2\/types\/page"}],"author":[{"embeddable":true,"href":"https:\/\/www.alausa.lt\/en\/wp-json\/wp\/v2\/users\/1"}],"replies":[{"embeddable":true,"href":"https:\/\/www.alausa.lt\/en\/wp-json\/wp\/v2\/comments?post=614"}],"version-history":[{"count":7,"href":"https:\/\/www.alausa.lt\/en\/wp-json\/wp\/v2\/pages\/614\/revisions"}],"predecessor-version":[{"id":1010,"href":"https:\/\/www.alausa.lt\/en\/wp-json\/wp\/v2\/pages\/614\/revisions\/1010"}],"wp:attachment":[{"href":"https:\/\/www.alausa.lt\/en\/wp-json\/wp\/v2\/media?parent=614"}],"curies":[{"name":"wp","href":"https:\/\/api.w.org\/{rel}","templated":true}]}}