{"id":613,"date":"2019-10-01T21:38:35","date_gmt":"2019-10-01T18:38:35","guid":{"rendered":"http:\/\/alausa.lt\/kontaktai\/"},"modified":"2026-01-15T16:18:21","modified_gmt":"2026-01-15T13:18:21","slug":"contacts","status":"publish","type":"page","link":"https:\/\/www.alausa.lt\/en\/contacts\/","title":{"rendered":"Contacts"},"content":{"rendered":"<div class=\"wpb-content-wrapper\"><p>[vc_row full_width=&#8221;stretch_row&#8221;][vc_column width=&#8221;1\/3&#8243;][vc_custom_heading text=&#8221;UAB \u201eAlau\u0161a\u201c&#8221; use_theme_fonts=&#8221;yes&#8221;][vc_column_text css=&#8221;&#8221;]Tel.: <a href=\"tel:+37038962146\">+370 389 62146<\/a><\/p>\n<p>E-mail: <a href=\"mailto:info@alausa.lt\">info@alausa.lt<\/a><\/p>\n<p>Address: Utenio a. 9, 28248 Utena<\/p>\n<p>Company code: 183615620<\/p>\n<p>VAT code: LT836156219[\/vc_column_text][\/vc_column][vc_column width=&#8221;1\/3&#8243;][vc_column_text]<iframe loading=\"lazy\" style=\"border: 0;\" src=\"https:\/\/www.google.com\/maps\/embed?pb=!1m18!1m12!1m3!1d2260.116440904382!2d25.59867511615451!3d55.495496180485354!2m3!1f0!2f0!3f0!3m2!1i1024!2i768!4f13.1!3m3!1m2!1s0x46dd57fa1468a137%3A0xcc2c0f53592618c3!2zQWxhdcWhYQ!5e0!3m2!1slt!2slt!4v1570114310937!5m2!1slt!2slt\" width=\"100%\" height=\"258\" frameborder=\"0\" allowfullscreen=\"allowfullscreen\"><\/iframe>[\/vc_column_text][\/vc_column][vc_column width=&#8221;1\/3&#8243;][vc_single_image image=&#8221;120&#8243; img_size=&#8221;full&#8221;][\/vc_column][\/vc_row][vc_row][vc_column][vc_separator][\/vc_column][\/vc_row][vc_row][vc_column]<style type=\"text\/css\" data-type=\"the7_shortcodes-inline-css\">.dt-team-shortcode.team-masonry-shortcode-id-b3ee0975c324df851a0b60707e5166d0.content-bg-on .team-container {\n  background: #fafafa;\n  -webkit-box-shadow: none;\n  box-shadow: none;\n}\n.dt-team-shortcode.team-masonry-shortcode-id-b3ee0975c324df851a0b60707e5166d0 .team-desc {\n  padding: 20px 20px 15px 20px;\n}\n.dt-team-shortcode.team-masonry-shortcode-id-b3ee0975c324df851a0b60707e5166d0 .team-author-name,\n.dt-team-shortcode.team-masonry-shortcode-id-b3ee0975c324df851a0b60707e5166d0 .team-author-name a {\n  color: #121936;\n  background: none;\n  margin-bottom: 0px;\n  font-size: 18px;\n  font-weight: bold;\n}\n.dt-team-shortcode.team-masonry-shortcode-id-b3ee0975c324df851a0b60707e5166d0 .post-details.details-type-link,\n.dt-team-shortcode.team-masonry-shortcode-id-b3ee0975c324df851a0b60707e5166d0 .post-details.details-type-link * {\n  color: #121936;\n  background: none;\n}\n.dt-team-shortcode.team-masonry-shortcode-id-b3ee0975c324df851a0b60707e5166d0 .team-author p {\n  margin-bottom: 10px;\n  font-size: 14px;\n  font-weight: bold;\n}\n.dt-team-shortcode.team-masonry-shortcode-id-b3ee0975c324df851a0b60707e5166d0  .team-media {\n  padding: 0px 0px 0px 0px;\n}\n.dt-team-shortcode.team-masonry-shortcode-id-b3ee0975c324df851a0b60707e5166d0 .dt-css-grid .team-media img {\n  max-width: 100%;\n}\n.dt-team-shortcode.team-masonry-shortcode-id-b3ee0975c324df851a0b60707e5166d0 .team-content {\n  margin-bottom: 5px;\n}\n.dt-team-shortcode.team-masonry-shortcode-id-b3ee0975c324df851a0b60707e5166d0  .team-media,\n.dt-team-shortcode.team-masonry-shortcode-id-b3ee0975c324df851a0b60707e5166d0  .team-media a.rollover,\n.dt-team-shortcode.team-masonry-shortcode-id-b3ee0975c324df851a0b60707e5166d0  .team-media a.rollover *,\n.dt-team-shortcode.team-masonry-shortcode-id-b3ee0975c324df851a0b60707e5166d0  .team-media img {\n  border-radius: 0px;\n}\n.dt-team-shortcode.team-masonry-shortcode-id-b3ee0975c324df851a0b60707e5166d0 .soc-ico {\n  margin-bottom: 15px;\n}\n.dt-team-shortcode.team-masonry-shortcode-id-b3ee0975c324df851a0b60707e5166d0 .soc-ico a {\n  min-width: 26px;\n  min-height: 26px;\n  font-size: 16px;\n  border-radius: 100px;\n}\n.dt-team-shortcode.team-masonry-shortcode-id-b3ee0975c324df851a0b60707e5166d0 .soc-ico a:not(:last-child) {\n  margin-right: 4px;\n}\n.dt-team-shortcode.team-masonry-shortcode-id-b3ee0975c324df851a0b60707e5166d0 .soc-ico a:before,\n.dt-team-shortcode.team-masonry-shortcode-id-b3ee0975c324df851a0b60707e5166d0 .soc-ico a:after {\n  min-width: 26px;\n  min-height: 26px;\n  padding: inherit;\n}\n.dt-icon-border-on.dt-team-shortcode.team-masonry-shortcode-id-b3ee0975c324df851a0b60707e5166d0 .soc-ico a:before {\n  border: 0px solid transparent;\n}\n.dt-team-shortcode.team-masonry-shortcode-id-b3ee0975c324df851a0b60707e5166d0 .soc-ico a:hover {\n  font-size: 16px;\n}\n#page .dt-team-shortcode.team-masonry-shortcode-id-b3ee0975c324df851a0b60707e5166d0 .soc-ico a:hover .soc-font-icon {\n  color: rgba(255,255,255,0.75);\n  background: none;\n}\n.dt-icon-border-hover-on.dt-team-shortcode.team-masonry-shortcode-id-b3ee0975c324df851a0b60707e5166d0 .soc-ico a:after {\n  border: 0px solid transparent;\n}\n#page .dt-team-shortcode.team-masonry-shortcode-id-b3ee0975c324df851a0b60707e5166d0 .soc-ico a:not(:hover) .soc-font-icon {\n  color: #ffffff;\n  background: none;\n}\n.dt-team-shortcode.team-masonry-shortcode-id-b3ee0975c324df851a0b60707e5166d0 .soc-ico a .soc-font-icon {\n  font-size: 16px;\n}\n.dt-team-shortcode.team-masonry-shortcode-id-b3ee0975c324df851a0b60707e5166d0 .filter-bg-decoration .filter-categories a.act {\n  color: #fff;\n}\n.dt-team-shortcode.team-masonry-shortcode-id-b3ee0975c324df851a0b60707e5166d0:not(.resize-by-browser-width) .dt-css-grid {\n  grid-row-gap: 30px;\n  grid-column-gap: 30px;\n  grid-template-columns: repeat(auto-fill,minmax(,1fr));\n}\n.cssgridlegacy.no-cssgrid .dt-team-shortcode.team-masonry-shortcode-id-b3ee0975c324df851a0b60707e5166d0:not(.resize-by-browser-width) .dt-css-grid,\n.no-cssgridlegacy.no-cssgrid .dt-team-shortcode.team-masonry-shortcode-id-b3ee0975c324df851a0b60707e5166d0:not(.resize-by-browser-width) .dt-css-grid {\n  display: flex;\n  flex-flow: row wrap;\n  margin: -15px;\n}\n.cssgridlegacy.no-cssgrid .dt-team-shortcode.team-masonry-shortcode-id-b3ee0975c324df851a0b60707e5166d0:not(.resize-by-browser-width) .dt-css-grid .wf-cell,\n.no-cssgridlegacy.no-cssgrid .dt-team-shortcode.team-masonry-shortcode-id-b3ee0975c324df851a0b60707e5166d0:not(.resize-by-browser-width) .dt-css-grid .wf-cell {\n  flex: 1 0 ;\n  max-width: 100%;\n  padding: 15px;\n  box-sizing: border-box;\n}\n.dt-team-shortcode.team-masonry-shortcode-id-b3ee0975c324df851a0b60707e5166d0.resize-by-browser-width .dt-css-grid {\n  grid-template-columns: repeat(3,1fr);\n  grid-template-rows: auto;\n  grid-column-gap: 30px;\n  grid-row-gap: 30px;\n}\n.cssgridlegacy.no-cssgrid .dt-team-shortcode.team-masonry-shortcode-id-b3ee0975c324df851a0b60707e5166d0.resize-by-browser-width .dt-css-grid,\n.no-cssgridlegacy.no-cssgrid .dt-team-shortcode.team-masonry-shortcode-id-b3ee0975c324df851a0b60707e5166d0.resize-by-browser-width .dt-css-grid {\n  margin: -15px;\n}\n.cssgridlegacy.no-cssgrid .dt-team-shortcode.team-masonry-shortcode-id-b3ee0975c324df851a0b60707e5166d0.resize-by-browser-width .dt-css-grid .wf-cell,\n.no-cssgridlegacy.no-cssgrid .dt-team-shortcode.team-masonry-shortcode-id-b3ee0975c324df851a0b60707e5166d0.resize-by-browser-width .dt-css-grid .wf-cell {\n  width: 33.333333333333%;\n  padding: 15px;\n}\n@media screen and (max-width: 1199px) {\n  .dt-team-shortcode.team-masonry-shortcode-id-b3ee0975c324df851a0b60707e5166d0.resize-by-browser-width .dt-css-grid {\n    grid-template-columns: repeat(3,1fr);\n  }\n  .cssgridlegacy.no-cssgrid .dt-team-shortcode.team-masonry-shortcode-id-b3ee0975c324df851a0b60707e5166d0.resize-by-browser-width .dt-css-grid .wf-cell,\n  .no-cssgridlegacy.no-cssgrid .dt-team-shortcode.team-masonry-shortcode-id-b3ee0975c324df851a0b60707e5166d0.resize-by-browser-width .dt-css-grid .wf-cell {\n    width: 33.333333333333%;\n  }\n}\n@media screen and (max-width: 991px) {\n  .dt-team-shortcode.team-masonry-shortcode-id-b3ee0975c324df851a0b60707e5166d0.resize-by-browser-width .dt-css-grid {\n    grid-template-columns: repeat(2,1fr);\n  }\n  .cssgridlegacy.no-cssgrid .dt-team-shortcode.team-masonry-shortcode-id-b3ee0975c324df851a0b60707e5166d0.resize-by-browser-width .dt-css-grid .wf-cell,\n  .no-cssgridlegacy.no-cssgrid .dt-team-shortcode.team-masonry-shortcode-id-b3ee0975c324df851a0b60707e5166d0.resize-by-browser-width .dt-css-grid .wf-cell {\n    width: 50%;\n  }\n}\n@media screen and (max-width: 767px) {\n  .dt-team-shortcode.team-masonry-shortcode-id-b3ee0975c324df851a0b60707e5166d0.resize-by-browser-width .dt-css-grid {\n    grid-template-columns: repeat(1,1fr);\n  }\n  .cssgridlegacy.no-cssgrid .dt-team-shortcode.team-masonry-shortcode-id-b3ee0975c324df851a0b60707e5166d0.resize-by-browser-width .dt-css-grid .wf-cell,\n  .no-cssgridlegacy.no-cssgrid .dt-team-shortcode.team-masonry-shortcode-id-b3ee0975c324df851a0b60707e5166d0.resize-by-browser-width .dt-css-grid .wf-cell {\n    width: 100%;\n  }\n}<\/style><div class=\"dt-team-masonry-shortcode dt-team-shortcode team-masonry-shortcode-id-b3ee0975c324df851a0b60707e5166d0 loading-effect-none mode-grid jquery-filter content-align-center content-bg-on dt-css-grid-wrap scale-img dt-css-grid-wrap dt-icon-bg-on dt-icon-border-on dt-icon-hover-bg-on dt-icon-border-hover-on move-icons-under-position resize-by-browser-width  \" data-padding=\"15px\" data-cur-page=\"1\" data-post-limit=\"-1\" data-pagination-mode=\"none\" data-desktop-columns-num=\"3\" data-v-tablet-columns-num=\"2\" data-h-tablet-columns-num=\"3\" data-phone-columns-num=\"1\" data-width=\"0px\" data-columns=\"0\"><div class=\"dt-css-grid\" ><div class=\"visible wf-cell\" data-post-id=\"795\" data-date=\"2019-10-02T16:24:07+03:00\" data-name=\"Algimantas \u010caplinskas\"><div class=\"team-container visible post post-795 dt_team type-dt_team status-publish hentry no-img\"><div class=\"team-desc\"><div class=\"team-author\"><div class=\"team-author-name\">Algimantas \u010caplinskas<\/div><p>General Director<\/p><\/div><div class=\"team-content\">\n<p><a href=\"mailto:info@alausa.lt\">info@alausa.lt<\/a><\/p>\n\n\n\n<p><a href=\"tel:+37038962146\">+370 389 62146<\/a><\/p>\n<\/div><\/div><\/div><\/div><div class=\"visible wf-cell\" data-post-id=\"794\" data-date=\"2019-10-03T17:38:45+03:00\" data-name=\"Lendrina Budreikait\u0117\"><div class=\"team-container visible post post-794 dt_team type-dt_team status-publish hentry no-img\"><div class=\"team-desc\"><div class=\"team-author\"><div class=\"team-author-name\">Lendrina Budreikait\u0117<\/div><p>First Deputy General Director<\/p><\/div><div class=\"team-content\">\n<p>&nbsp;<a href=\"mailto:lendrina@alausa.lt\">lendrina@alausa.lt<\/a><\/p>\n\n\n\n<p><a href=\"tel:+37068734693\">+370 687 34693<\/a><\/p>\n<\/div><\/div><\/div><\/div><div class=\"visible wf-cell\" data-post-id=\"793\" data-date=\"2019-10-03T17:39:16+03:00\" data-name=\"Kristina \u017demait\u0117\"><div class=\"team-container visible post post-793 dt_team type-dt_team status-publish hentry no-img\"><div class=\"team-desc\"><div class=\"team-author\"><div class=\"team-author-name\">Kristina \u017demait\u0117<\/div><p>Office Administrator<\/p><\/div><div class=\"team-content\">\n<p>&nbsp;<a href=\"mailto:info@alausa.lt\">info@alausa.lt<\/a><\/p>\n\n\n\n<p>\u00a0<a href=\"tel:+37038962146\">+370 389 62146<\/a><\/p>\n\n\n\n<p><a href=\"tel:+37061540135\">+370 615 40135<\/a><\/p>\n<\/div><\/div><\/div><\/div><div class=\"visible wf-cell\" data-post-id=\"792\" data-date=\"2019-10-03T17:39:35+03:00\" data-name=\"Jurgita \u0160apokait\u0117-Purvin\u0117\"><div class=\"team-container visible post post-792 dt_team type-dt_team status-publish hentry no-img\"><div class=\"team-desc\"><div class=\"team-author\"><div class=\"team-author-name\">Jurgita \u0160apokait\u0117-Purvin\u0117<\/div><p>Commercial Director<\/p><\/div><div class=\"team-content\">\n<p>\u00a0<a href=\"mailto:jurgita@alausa.lt\">jurgita@alausa.lt<\/a><\/p>\n\n\n\n<p><a href=\"tel:+37061126907\">+370 611 26907<\/a><\/p>\n<\/div><\/div><\/div><\/div><div class=\"visible wf-cell\" data-post-id=\"1191\" data-date=\"2022-01-25T13:16:36+03:00\" data-name=\"Jurgita Petu\u0161kinien\u0117\"><div class=\"team-container visible post post-1191 dt_team type-dt_team status-publish hentry no-img\"><div class=\"team-desc\"><div class=\"team-author\"><div class=\"team-author-name\">Jurgita Petu\u0161kinien\u0117<\/div><p>Manager<\/p><\/div><div class=\"team-content\">\n<p><a href=\"mailto:vadyba2@alausa.lt\">vadyba2@alausa.lt<\/a><\/p>\n\n\n\n<p><a href=\"Tel:+37061032786\">+370\u00a0610 32786 <\/a><\/p>\n<\/div><\/div><\/div><\/div><div class=\"visible wf-cell\" data-post-id=\"787\" data-date=\"2019-10-03T17:41:24+03:00\" data-name=\"Auks\u0117 Morozien\u0117\"><div class=\"team-container visible post post-787 dt_team type-dt_team status-publish hentry no-img\"><div class=\"team-desc\"><div class=\"team-author\"><div class=\"team-author-name\">Auks\u0117 Morozien\u0117<\/div><p>Manager<\/p><\/div><div class=\"team-content\">\n<p><a href=\"mailto:vadyba@alausa.lt\" rel=\"nofollow\">vadyba@alausa.lt<\/a><\/p>\n\n\n\n<p>\u00a0<a href=\"tel:+37061130468\">+370 611 30468<\/a><\/p>\n<\/div><\/div><\/div><\/div><div class=\"visible wf-cell\" data-post-id=\"1291\" data-date=\"2022-06-01T16:37:31+03:00\" data-name=\"Sandra Ramo\u0161kien\u0117\"><div class=\"team-container visible post post-1291 dt_team type-dt_team status-publish hentry no-img\"><div class=\"team-desc\"><div class=\"team-author\"><div class=\"team-author-name\"><a href=\"https:\/\/www.alausa.lt\/en\/dt_team\/aukse-moroziene\/\">Sandra Ramo\u0161kien\u0117<\/a><\/div><p>Manager<\/p><\/div><div class=\"team-content\">\n<p><a href=\"mailto:vadyba@alausa.lt\">vadyba@alausa.lt<\/a><\/p>\n\n\n\n<p><a href=\"http:\/\/+370 68221012\">+370 68221012<\/a><\/p>\n<\/div><\/div><\/div><\/div><div class=\"visible wf-cell\" data-post-id=\"1178\" data-date=\"2021-08-24T16:14:51+03:00\" data-name=\"Migl\u0117 Ju\u0161kait\u0117\"><div class=\"team-container visible post post-1178 dt_team type-dt_team status-publish hentry no-img\"><div class=\"team-desc\"><div class=\"team-author\"><div class=\"team-author-name\">Migl\u0117 Ju\u0161kait\u0117<\/div><p>Manager<\/p><\/div><div class=\"team-content\">\n<p><a href=\"mailto:komercija2@alausa.lt\"><\/a><a href=\"mailto:komercija2@alausa.lt\">komercija2@alausa.lt<\/a><\/p>\n\n\n\n<p><a href=\"tel:+37061032786\">+370 610 32786<\/a><\/p>\n\n\n\n<p><\/p>\n<\/div><\/div><\/div><\/div><div class=\"visible wf-cell\" data-post-id=\"789\" data-date=\"2019-10-03T17:40:47+03:00\" data-name=\"Odeta Nartkut\u0117\"><div class=\"team-container visible post post-789 dt_team type-dt_team status-publish hentry no-img\"><div class=\"team-desc\"><div class=\"team-author\"><div class=\"team-author-name\">Odeta Nartkut\u0117<\/div><p>Chief accountant<\/p><\/div><div class=\"team-content\">\n<p><a href=\"mailto:vyrbuhaltere@alausa.lt\">vyrbuhaltere@alausa.lt<\/a><\/p>\n\n\n\n<p><a href=\"tel:+37068634756\">+370 686 34756<\/a><\/p>\n\n\n\n<p><\/p>\n<\/div><\/div><\/div><\/div><div class=\"visible wf-cell\" data-post-id=\"790\" data-date=\"2019-10-03T17:40:30+03:00\" data-name=\"&nbsp; &nbsp;\"><div class=\"team-container visible post post-790 dt_team type-dt_team status-publish hentry no-img\"><div class=\"team-desc\"><div class=\"team-author\"><div class=\"team-author-name\">&nbsp; &nbsp;<\/div><p>Bookkeeping<\/p><\/div><div class=\"team-content\">\n<p>&nbsp;<a href=\"mailto:info@alausa.lt\">info@alausa.lt<\/a><\/p>\n\n\n\n<p><a href=\"tel:+37068632250\">\u00a0+370 686 32250<\/a><\/p>\n<\/div><\/div><\/div><\/div><div class=\"visible wf-cell\" data-post-id=\"788\" data-date=\"2019-10-03T17:41:04+03:00\" data-name=\"Linas Slap\u0161ys\"><div class=\"team-container visible post post-788 dt_team type-dt_team status-publish hentry no-img\"><div class=\"team-desc\"><div class=\"team-author\"><div class=\"team-author-name\">Linas Slap\u0161ys<\/div><p>Manager (wholesale department)<\/p><\/div><div class=\"team-content\">\n<p><a href=\"mailto:linas@alausa.lt\">linas@alausa.lt<\/a><\/p>\n\n\n\n<p>\u00a0<a href=\"tel:+37061177497\">+370 611 77497<\/a><\/p>\n<\/div><\/div><\/div><\/div><div class=\"visible wf-cell\" data-post-id=\"1296\" data-date=\"2022-06-23T15:12:32+03:00\" data-name=\"Martyna Bili\u016bnait\u0117\"><div class=\"team-container visible post post-1296 dt_team type-dt_team status-publish hentry no-img\"><div class=\"team-desc\"><div class=\"team-author\"><div class=\"team-author-name\"><a href=\"https:\/\/www.alausa.lt\/en\/dt_team\/martyna-biliunaite\/\">Martyna Bili\u016bnait\u0117<\/a><\/div><p>Logistics specialist<\/p><\/div><div class=\"team-content\">\n<p id=\"block-6d5ed828-d02b-485c-b175-6bdc53e95b2d\"><a href=\"mailto:egidijus@alausa.lt\"><br><\/a><a href=\"mailto:martyna@alausa.lt\">martyna@alausa.lt<\/a><\/p>\n\n\n\n<p id=\"block-91276b89-f385-4417-bd52-42a8b75e80ff\"><a href=\"tel:+37061247508\">+370\u00a0612 47508<\/a><\/p>\n<\/div><\/div><\/div><\/div><div class=\"visible wf-cell\" data-post-id=\"777\" data-date=\"2019-10-03T17:41:43+03:00\" data-name=\"Donata Putnien\u0117\"><div class=\"team-container visible post post-777 dt_team type-dt_team status-publish hentry no-img\"><div class=\"team-desc\"><div class=\"team-author\"><div class=\"team-author-name\">Donata Putnien\u0117<\/div><p>Manager<\/p><\/div><div class=\"team-content\">\n<p><a href=\"mailto:donata.putniene@alausa.lt\" rel=\"nofollow\"><\/a><a href=\"mailto:%20donata.putniene@alausa.lt\">donata.putniene@alausa.lt<\/a><\/p>\n\n\n\n<p><a href=\"tel:+37068734691\"><\/a><a href=\"tel:+37066220609\">+370\u00a0662 20609<\/a><\/p>\n<\/div><\/div><\/div><\/div><\/div><!-- iso-container|iso-grid --><\/div>[\/vc_column][\/vc_row]<\/p>\n<\/div>","protected":false},"excerpt":{"rendered":"<p>[vc_row full_width=&#8221;stretch_row&#8221;][vc_column width=&#8221;1\/3&#8243;][vc_custom_heading text=&#8221;UAB \u201eAlau\u0161a\u201c&#8221; use_theme_fonts=&#8221;yes&#8221;][vc_column_text css=&#8221;&#8221;]Tel.: +370 389 62146 E-mail: info@alausa.lt Address: Utenio a. 9, 28248 Utena Company code: 183615620 VAT code: LT836156219[\/vc_column_text][\/vc_column][vc_column width=&#8221;1\/3&#8243;][vc_column_text][\/vc_column_text][\/vc_column][vc_column width=&#8221;1\/3&#8243;][vc_single_image image=&#8221;120&#8243; img_size=&#8221;full&#8221;][\/vc_column][\/vc_row][vc_row][vc_column][vc_separator][\/vc_column][\/vc_row][vc_row][vc_column][\/vc_column][\/vc_row]<\/p>\n","protected":false},"author":1,"featured_media":0,"parent":0,"menu_order":30,"comment_status":"closed","ping_status":"closed","template":"","meta":{"footnotes":""},"class_list":["post-613","page","type-page","status-publish","hentry","description-off"],"yoast_head":"<!-- This site is optimized with the Yoast SEO plugin v27.3 - https:\/\/yoast.com\/product\/yoast-seo-wordpress\/ -->\n<title>Contacts - Alau\u0161a<\/title>\n<meta name=\"robots\" content=\"index, follow, max-snippet:-1, max-image-preview:large, max-video-preview:-1\" \/>\n<link rel=\"canonical\" href=\"https:\/\/www.alausa.lt\/en\/contacts\/\" \/>\n<meta property=\"og:locale\" content=\"en_US\" \/>\n<meta property=\"og:type\" content=\"article\" \/>\n<meta property=\"og:title\" content=\"Contacts - Alau\u0161a\" \/>\n<meta property=\"og:description\" content=\"[vc_row full_width=&#8221;stretch_row&#8221;][vc_column width=&#8221;1\/3&#8243;][vc_custom_heading text=&#8221;UAB \u201eAlau\u0161a\u201c&#8221; use_theme_fonts=&#8221;yes&#8221;][vc_column_text css=&#8221;&#8221;]Tel.: +370 389 62146 E-mail: info@alausa.lt Address: Utenio a. 9, 28248 Utena Company code: 183615620 VAT code: LT836156219[\/vc_column_text][\/vc_column][vc_column width=&#8221;1\/3&#8243;][vc_column_text][\/vc_column_text][\/vc_column][vc_column width=&#8221;1\/3&#8243;][vc_single_image image=&#8221;120&#8243; img_size=&#8221;full&#8221;][\/vc_column][\/vc_row][vc_row][vc_column][vc_separator][\/vc_column][\/vc_row][vc_row][vc_column][\/vc_column][\/vc_row]\" \/>\n<meta property=\"og:url\" content=\"https:\/\/www.alausa.lt\/en\/contacts\/\" \/>\n<meta property=\"og:site_name\" content=\"Alau\u0161a\" \/>\n<meta property=\"article:modified_time\" content=\"2026-01-15T13:18:21+00:00\" \/>\n<meta name=\"twitter:card\" content=\"summary_large_image\" \/>\n<meta name=\"twitter:label1\" content=\"Est. reading time\" \/>\n\t<meta name=\"twitter:data1\" content=\"1 minute\" \/>\n<script type=\"application\/ld+json\" class=\"yoast-schema-graph\">{\"@context\":\"https:\\\/\\\/schema.org\",\"@graph\":[{\"@type\":\"WebPage\",\"@id\":\"https:\\\/\\\/www.alausa.lt\\\/en\\\/contacts\\\/\",\"url\":\"https:\\\/\\\/www.alausa.lt\\\/en\\\/contacts\\\/\",\"name\":\"Contacts - Alau\u0161a\",\"isPartOf\":{\"@id\":\"https:\\\/\\\/www.alausa.lt\\\/#website\"},\"datePublished\":\"2019-10-01T18:38:35+00:00\",\"dateModified\":\"2026-01-15T13:18:21+00:00\",\"inLanguage\":\"en-US\",\"potentialAction\":[{\"@type\":\"ReadAction\",\"target\":[\"https:\\\/\\\/www.alausa.lt\\\/en\\\/contacts\\\/\"]}]},{\"@type\":\"WebSite\",\"@id\":\"https:\\\/\\\/www.alausa.lt\\\/#website\",\"url\":\"https:\\\/\\\/www.alausa.lt\\\/\",\"name\":\"Alau\u0161a\",\"description\":\"Lietuvi\u0161kas degalini\u0173 tinklas\",\"potentialAction\":[{\"@type\":\"SearchAction\",\"target\":{\"@type\":\"EntryPoint\",\"urlTemplate\":\"https:\\\/\\\/www.alausa.lt\\\/?s={search_term_string}\"},\"query-input\":{\"@type\":\"PropertyValueSpecification\",\"valueRequired\":true,\"valueName\":\"search_term_string\"}}],\"inLanguage\":\"en-US\"}]}<\/script>\n<!-- \/ Yoast SEO plugin. -->","yoast_head_json":{"title":"Contacts - Alau\u0161a","robots":{"index":"index","follow":"follow","max-snippet":"max-snippet:-1","max-image-preview":"max-image-preview:large","max-video-preview":"max-video-preview:-1"},"canonical":"https:\/\/www.alausa.lt\/en\/contacts\/","og_locale":"en_US","og_type":"article","og_title":"Contacts - Alau\u0161a","og_description":"[vc_row full_width=&#8221;stretch_row&#8221;][vc_column width=&#8221;1\/3&#8243;][vc_custom_heading text=&#8221;UAB \u201eAlau\u0161a\u201c&#8221; use_theme_fonts=&#8221;yes&#8221;][vc_column_text css=&#8221;&#8221;]Tel.: +370 389 62146 E-mail: info@alausa.lt Address: Utenio a. 9, 28248 Utena Company code: 183615620 VAT code: LT836156219[\/vc_column_text][\/vc_column][vc_column width=&#8221;1\/3&#8243;][vc_column_text][\/vc_column_text][\/vc_column][vc_column width=&#8221;1\/3&#8243;][vc_single_image image=&#8221;120&#8243; img_size=&#8221;full&#8221;][\/vc_column][\/vc_row][vc_row][vc_column][vc_separator][\/vc_column][\/vc_row][vc_row][vc_column][\/vc_column][\/vc_row]","og_url":"https:\/\/www.alausa.lt\/en\/contacts\/","og_site_name":"Alau\u0161a","article_modified_time":"2026-01-15T13:18:21+00:00","twitter_card":"summary_large_image","twitter_misc":{"Est. reading time":"1 minute"},"schema":{"@context":"https:\/\/schema.org","@graph":[{"@type":"WebPage","@id":"https:\/\/www.alausa.lt\/en\/contacts\/","url":"https:\/\/www.alausa.lt\/en\/contacts\/","name":"Contacts - Alau\u0161a","isPartOf":{"@id":"https:\/\/www.alausa.lt\/#website"},"datePublished":"2019-10-01T18:38:35+00:00","dateModified":"2026-01-15T13:18:21+00:00","inLanguage":"en-US","potentialAction":[{"@type":"ReadAction","target":["https:\/\/www.alausa.lt\/en\/contacts\/"]}]},{"@type":"WebSite","@id":"https:\/\/www.alausa.lt\/#website","url":"https:\/\/www.alausa.lt\/","name":"Alau\u0161a","description":"Lietuvi\u0161kas degalini\u0173 tinklas","potentialAction":[{"@type":"SearchAction","target":{"@type":"EntryPoint","urlTemplate":"https:\/\/www.alausa.lt\/?s={search_term_string}"},"query-input":{"@type":"PropertyValueSpecification","valueRequired":true,"valueName":"search_term_string"}}],"inLanguage":"en-US"}]}},"_links":{"self":[{"href":"https:\/\/www.alausa.lt\/en\/wp-json\/wp\/v2\/pages\/613","targetHints":{"allow":["GET"]}}],"collection":[{"href":"https:\/\/www.alausa.lt\/en\/wp-json\/wp\/v2\/pages"}],"about":[{"href":"https:\/\/www.alausa.lt\/en\/wp-json\/wp\/v2\/types\/page"}],"author":[{"embeddable":true,"href":"https:\/\/www.alausa.lt\/en\/wp-json\/wp\/v2\/users\/1"}],"replies":[{"embeddable":true,"href":"https:\/\/www.alausa.lt\/en\/wp-json\/wp\/v2\/comments?post=613"}],"version-history":[{"count":6,"href":"https:\/\/www.alausa.lt\/en\/wp-json\/wp\/v2\/pages\/613\/revisions"}],"predecessor-version":[{"id":2016,"href":"https:\/\/www.alausa.lt\/en\/wp-json\/wp\/v2\/pages\/613\/revisions\/2016"}],"wp:attachment":[{"href":"https:\/\/www.alausa.lt\/en\/wp-json\/wp\/v2\/media?parent=613"}],"curies":[{"name":"wp","href":"https:\/\/api.w.org\/{rel}","templated":true}]}}