{"id":611,"date":"2019-10-01T21:23:26","date_gmt":"2019-10-01T18:23:26","guid":{"rendered":"http:\/\/alausa.lt\/degalines\/"},"modified":"2020-07-31T14:26:40","modified_gmt":"2020-07-31T11:26:40","slug":"gas-stations","status":"publish","type":"page","link":"https:\/\/www.alausa.lt\/en\/gas-stations\/","title":{"rendered":"Gas stations"},"content":{"rendered":"<div class=\"wpb-content-wrapper\"><p>[vc_row][vc_column][vc_column_text]<link rel='stylesheet' id='asl-plugin-css' href='https:\/\/www.alausa.lt\/wp-content\/plugins\/codecanyon-7ZsOT8yN-agile-store-locator-google-maps-for-wordpress\/public\/css\/asl.css?version=4.5.8' type='text\/css' media='all' \/>\n<style type=\"text\/css\">\n  #asl-storelocator.asl-p-cont .Status_filter .onoffswitch-inner::before {content: \"OPEN\" !important}\n  #asl-storelocator.asl-p-cont .Status_filter .onoffswitch-inner::after {content: \"CLOSE\" !important}\n  #asl-storelocator.asl-p-cont .btn-red {background: #CC3333 !important;color: #fff !important;}\n<\/style>\n<div id=\"asl-storelocator\" class=\"container no-pad storelocator-main asl-p-cont asl-template-0 asl-layout-0 asl-bg-0 full-width  asl-text-1\">\n    \n<div class=\"row Filter_section\">\n    \n    <div class=\"col-xs-12 col-sm-8\">\n      <div class=\" asl-advance-filters hide\">\n                <div class=\"col-sm-9 col-md-8\">\n            <div class=\"col-sm-5 col-xs-5 drop_box_filter\">\n                <p><span>Our and partners gas stations<\/span><\/p>\n\t\t\t\t<!-- <p><span>M\u016bs\u0173 ir partneri\u0173 degalin\u0117s<\/span><\/p> !-->\n                <div class=\"categories_filter\">\n                <\/div>\n            <\/div>\n            <div class=\"col-sm-7 col-xs-7 range_filter hide\">\n                <p class=\"rangeFilter\">\n                  <span>Distance Range<\/span>\n                  <input id=\"asl-radius-slide\" type=\"text\" class=\"span2\" \/>\n                  <span class=\"rad-unit\">Radius: <span id=\"asl-radius-input\"><\/span> <span id=\"asl-dist-unit\">KM<\/span><\/span>\n                <\/p>\n            <\/div>\n        <\/div>\n        <div class=\"col-sm-3 col-xs-4 col-md-3 col-md-push-1 col-sm-push-0 Status_filter\">\n            <p><span>Status<\/span><\/p>\n            <div class=\"onoffswitch\">\n              <input type=\"checkbox\" name=\"onoffswitch\" class=\"onoffswitch-checkbox\" id=\"asl-open-close\" checked>\n              <label class=\"onoffswitch-label\" for=\"asl-open-close\">\n                  <span class=\"onoffswitch-inner\"><\/span>\n                  <span class=\"onoffswitch-switch\"><\/span>\n              <\/label>\n            <\/div>\n        <\/div>\n      <\/div>\n    <\/div>\n\n<div class=\"col-xs-12 col-sm-4 search_filter\">\n        <p>Search Location<\/p>\n        <p>\n          <input type=\"text\" data-submit=\"disable\" data-provide=\"typeahead\" tabindex=\"2\" id=\"auto-complete-search\" placeholder=\"Enter a Location\"  class=\"asl-search-address form-control typeahead isp_ignore\">\n          <span><i class=\"asl-geo icon-direction-outline\" title=\"Current Location\"><\/i><\/span>\n        <\/p>\n    <\/div>\n    \n<\/div>\n  <div class=\"row asl-loc-sec\">\n    <div class=\"col-sm-8 col-xs-12 asl-map\">\n      <div class=\"store-locator\">\n        <div id=\"asl-map-canv\"><\/div>\n        <!-- agile-modal -->\n        <div id=\"agile-modal-direction\" class=\"agile-modal fade\">\n          <div class=\"agile-modal-backdrop-in\"><\/div>\n          <div class=\"agile-modal-dialog in\">\n            <div class=\"agile-modal-content\">\n              <div class=\"agile-modal-header\">\n                <button type=\"button\" class=\"close-directions close\" data-dismiss=\"agile-modal\" aria-label=\"Close\"><span aria-hidden=\"true\">&times;<\/span><\/button>\n                <h4>Get Your Directions<\/h4>\n              <\/div>\n              <div class=\"form-group\">\n                <label for=\"frm-lbl\">From:<\/label>\n                <input type=\"text\" class=\"form-control frm-place\" id=\"frm-lbl\" placeholder=\"Enter a Location\">\n              <\/div>\n              <div class=\"form-group\">\n                <label for=\"frm-lbl\">To:<\/label>\n                <input readonly=\"true\" type=\"text\"  class=\"directions-to form-control\" id=\"to-lbl\" placeholder=\"Prepopulated Destination Address\">\n              <\/div>\n              <div class=\"form-group\">\n                <span for=\"frm-lbl\">Show Distance In<\/span>\n                <label class=\"checkbox-inline\">\n                  <input type=\"radio\" name=\"dist-type\"  id=\"rbtn-km\" value=\"0\"> KM                <\/label>\n                <label class=\"checkbox-inline\">\n                  <input type=\"radio\" name=\"dist-type\" checked id=\"rbtn-mile\" value=\"1\"> Mile                <\/label>\n              <\/div>\n              <div class=\"form-group\">\n                <button type=\"submit\" class=\"btn btn-default btn-submit\">GET DIRECTIONS<\/button>\n              <\/div>\n            <\/div>\n          <\/div>\n        <\/div>\n\n        <div id=\"asl-geolocation-agile-modal\" class=\"agile-modal fade\">\n          <div class=\"agile-modal-backdrop-in\"><\/div>\n          <div class=\"agile-modal-dialog in\">\n            <div class=\"agile-modal-content\">\n              <button type=\"button\" class=\"close-directions close\" data-dismiss=\"agile-modal\" aria-label=\"Close\"><span aria-hidden=\"true\">&times;<\/span><\/button>\n                            <div class=\"form-group\">\n                <h4>Use my location to find the closest Service Provider near me<\/h4>\n              <\/div>\n              <div class=\"form-group\">\n                <button type=\"button\" id=\"asl-btn-geolocation\" class=\"btn btn-default\">USE LOCATION<\/button>\n              <\/div>\n                          <\/div>\n          <\/div>\n        <\/div>\n        <!-- agile-modal end -->\n      <\/div>\n    <\/div>\n    <div class=\"col-sm-4 col-xs-12 asl-panel\">\n            <div class=\"Num_of_store\">\n        <span>Number of gas stations: <span class=\"count-result\">0<\/span><\/span>\n      <\/div> \n            <!--  Panel Listing -->\n      <div id=\"panel\" class=\"storelocator-panel\">\n        <div class=\"asl-overlay\" id=\"map-loading\">\n          <div class=\"white\"><\/div>\n          <div class=\"loading\"><img decoding=\"async\" style=\"margin-right: 10px;\" class=\"loader\" src=\"https:\/\/www.alausa.lt\/wp-content\/plugins\/codecanyon-7ZsOT8yN-agile-store-locator-google-maps-for-wordpress\/public\/Logo\/loading.gif\">Loading...<\/div>\n        <\/div>\n        <div class=\"panel-cont\">\n            <div class=\"panel-inner\">\n              <div class=\"col-md-12\">\n                  <ul id=\"p-statelist\"  role=\"tablist\" aria-multiselectable=\"true\">\n                  <\/ul>\n              <\/div>\n            <\/div>\n        <\/div>\n        <div class=\"directions-cont hide\">\n          <div class=\"agile-modal-header\">\n            <button type=\"button\" class=\"close\"><span aria-hidden=\"true\">&times;<\/span><\/button>\n            <h4>Directions<\/h4>\n          <\/div>\n          <div class=\"rendered-directions\"><\/div>\n        <\/div>\n      <\/div>\n    <\/div> \n  <\/div>\n<\/div>\n<!-- This plugin is developed by \"Agile Store Locator by WordPress\" https:\/\/agilestorelocator.com -->\n<script id=\"tmpl_list_item\" type=\"text\/x-jsrender\">\n  <div class=\"item\" data-id=\"{{:id}}\">\n    <div class=\"addr-sec\">\n    <p class=\"p-title\">{{:title}}<\/p>\n    <\/div>\n    <div class=\"clear\"><\/div>\n    <div class=\"col-md-9 col-xs-9 addr-sec\">\n      <p class=\"p-area\"><span class=\"glyphicon icon-location\"><\/span>{{:address}}<\/p>\n      {{if phone}}\n            <p class=\"p-area\"><span class=\"glyphicon icon-phone-outline\"><\/span>Phone: <a href=\"tel:{{:phone}}\">{{:phone}}<\/a><\/p>\n      {{\/if}}\n      {{if email}}\n      <p class=\"p-area\"><span class=\"glyphicon icon-at\"><\/span><a href=\"mailto:{{:email}}\" style=\"text-transform: lowercase\">{{:email}}<\/a><\/p>\n      {{\/if}}\n      {{if fax}}\n        <p class=\"p-area\"><span class=\"glyphicon icon-fax\"><\/span> Fax:{{:fax}}<\/p>\n      {{\/if}}\n      {{if c_names}}\n      <p class=\"p-area\"><span class=\"glyphicon icon-tag\"><\/span> {{:c_names}}<\/p>\n      {{\/if}}\n      {{if open_hours}}\n      <p class=\"p-area\"><span class=\"glyphicon icon-clock-1\"><\/span> {{:open_hours}}<\/p>\n      {{\/if}}\n      {{if days_str}}\n      <p class=\"p-area\"><span class=\"glyphicon icon-calendar\"><\/span> {{:days_str}}<\/p>\n      {{\/if}}\n      {{if description}}\n      <p class=\"p-description\">{{:description}}<\/p>\n      {{\/if}}\n    <\/div>\n    <div class=\"col-md-3 col-xs-3\">\n      <div class=\"col-xs-5 col-md-12 item-thumb\">\n          <a class=\"thumb-a\">\n            {{if path}}\n              <img decoding=\"async\" src=\"https:\/\/www.alausa.lt\/wp-content\/plugins\/codecanyon-7ZsOT8yN-agile-store-locator-google-maps-for-wordpress\/public\/Logo\/{{:path}}\" alt=\"logo\">\n            {{\/if}}\n          <\/a>\n      <\/div>\n    <\/div>\n    <div class=\"col-xs-12 distance\">\n        <div class=\"col-xs-6\">\n          <p class=\"p-direction\"><span class=\"s-direction\">Directions<\/span><\/p>\n        <\/div>\n        {{if distance}}\n        <div class=\"col-xs-6\">\n            <a class=\"s-distance\">Distance: {{:dist_str}}<\/a>\n        <\/div>\n        {{\/if}}\n    <\/div>\n    {{if description_2}}\n    <div class=\"col-xs-12\">\n      <a onclick=\"javascript:jQuery(this).next().next().slideToggle(100);jQuery(this).next().show();jQuery(this).hide()\" class=\"asl_Readmore_button\">Read more<\/a>\n      <a onclick=\"javascript:jQuery(this).next().slideToggle(100);jQuery(this).prev().show();jQuery(this).hide()\" style=\"display:none\" class=\"asl_Readmore_button\">Hide Details<\/a>\n    <p class=\"more_info\" style=\"display:none\">{{:description_2}}<\/p>\n    <\/div>\n    {{\/if}}\n    <div class=\"clear\"\/>\n  <\/div>\n<\/script>\n<script id=\"asl_too_tip\" type=\"text\/x-jsrender\">\n{{if path}}\n<div class=\"image_map_popup\" style=\"display:none\"><img decoding=\"async\" src=\"{{:URL}}public\/Logo\/{{:path}}\" \/><\/div>\n{{\/if}}\n  <h3>{{:title}}<\/h3>\n  <div class=\"infowindowContent\">\n    <div class=\"info-addr\">\n      <div class=\"address\"><span class=\"glyphicon icon-location\"><\/span>{{:address}}<\/div>\n      {{if phone}}\n      <div class=\"phone\"><span class=\"glyphicon icon-phone-outline\"><\/span><b>Phone: <\/b><a href=\"tel:{{:phone}}\">{{:phone}}<\/a><\/div>\n      {{\/if}}\n      {{if open_hours}}\n      <div class=\"p-time\"><span class=\"glyphicon icon-clock-1\"><\/span> {{:open_hours}}<\/div>\n      {{\/if}}\n      {{if days_str}}\n      <div class=\"p-time\"><span class=\"glyphicon icon-calendar-outlilne\"><\/span> {{:days_str}}<\/div>\n      {{\/if}}\n      {{if email}}\n      <div class=\"p-time\"><span class=\"glyphicon icon-at\"><\/span><a href=\"mailto:{{:email}}\" style=\"text-transform: lowercase\">{{:email}}<\/a><\/div>\n      {{\/if}}\n      {{if show_categories && c_names}}\n      <div class=\"categories\"><span class=\"glyphicon icon-tag\"><\/span>{{:c_names}}<\/div>\n      {{\/if}}\n      {{if description}}\n      <div class=\"p-time\">{{:description}}<\/div>\n      {{\/if}}\n      {{if distance}}\n      <div class=\"distance\">Distance: {{:dist_str}}<\/div>\n      {{\/if}}\n    <\/div>\n    <div class=\"img_box\" style=\"display:none\">\n    <img decoding=\"async\" src=\"{{:URL}}public\/Logo\/{{:path}}\" alt=\"logo\">\n  <\/div>\n  <div class=\"asl-buttons\"><\/div>\n<\/div><div class=\"arrow-down\"><\/div>\n<\/script>\n<\/p>\r\n<p>[\/vc_column_text][\/vc_column][\/vc_row][vc_row][vc_column][vc_column_text]<\/p>\r\n<p style=\"text-align: center;\"><b>NOTE:\u00a0<\/b>At partner gas stations, the cards are activated according to a separate agreement.<\/p>\r\n<p>[\/vc_column_text][\/vc_column][\/vc_row][vc_row gap=&#8221;20&#8243;][vc_column]<div class=\" ubtn-ctn-center \"><a class=\"ubtn-link ult-adjust-bottom-margin ubtn-center ubtn-normal \" href=\"http:\/\/www.alausa.lt\/wp-content\/uploads\/pdf\/degaliniu-sarasas.pdf\" ><button type=\"button\" id=\"ubtn-3461\"  class=\"ubtn ult-adjust-bottom-margin ult-responsive ubtn-normal ubtn-fade-bg  none  ubtn-center   tooltip-69d2524d2c9be\"  data-hover=\"#ffffff\" data-border-color=\"\" data-bg=\"#84dade\" data-hover-bg=\"#1d1934\" data-border-hover=\"\" data-shadow-hover=\"\" data-shadow-click=\"none\" data-shadow=\"\" data-shd-shadow=\"\"  data-ultimate-target='#ubtn-3461'  data-responsive-json-new='{\"font-size\":\"\",\"line-height\":\"\"}'  style=\"font-weight:bold;border:none;background: #84dade;color: #ffffff;\"><span class=\"ubtn-hover\" style=\"background-color:#1d1934\"><\/span><span class=\"ubtn-data ubtn-text \" >Gas station list (PDF)<\/span><\/button><\/a><\/div>[\/vc_column][\/vc_row]<\/p><\/div>","protected":false},"excerpt":{"rendered":"<p>[vc_row][vc_column][vc_column_text] [\/vc_column_text][\/vc_column][\/vc_row][vc_row][vc_column][vc_column_text] NOTE:\u00a0At partner gas stations, the cards are activated according to a separate agreement. [\/vc_column_text][\/vc_column][\/vc_row][vc_row gap=&#8221;20&#8243;][vc_column][\/vc_column][\/vc_row]<\/p>\n","protected":false},"author":1,"featured_media":0,"parent":0,"menu_order":34,"comment_status":"closed","ping_status":"closed","template":"","meta":{"footnotes":""},"class_list":["post-611","page","type-page","status-publish","hentry","description-off"],"yoast_head":"<!-- This site is optimized with the Yoast SEO plugin v27.3 - https:\/\/yoast.com\/product\/yoast-seo-wordpress\/ -->\n<title>Gas stations - Alau\u0161a<\/title>\n<meta name=\"robots\" content=\"index, follow, max-snippet:-1, max-image-preview:large, max-video-preview:-1\" \/>\n<link rel=\"canonical\" href=\"https:\/\/www.alausa.lt\/en\/gas-stations\/\" \/>\n<meta property=\"og:locale\" content=\"en_US\" \/>\n<meta property=\"og:type\" content=\"article\" \/>\n<meta property=\"og:title\" content=\"Gas stations - Alau\u0161a\" \/>\n<meta property=\"og:description\" content=\"[vc_row][vc_column][vc_column_text] [\/vc_column_text][\/vc_column][\/vc_row][vc_row][vc_column][vc_column_text] NOTE:\u00a0At partner gas stations, the cards are activated according to a separate agreement. [\/vc_column_text][\/vc_column][\/vc_row][vc_row gap=&#8221;20&#8243;][vc_column][\/vc_column][\/vc_row]\" \/>\n<meta property=\"og:url\" content=\"https:\/\/www.alausa.lt\/en\/gas-stations\/\" \/>\n<meta property=\"og:site_name\" content=\"Alau\u0161a\" \/>\n<meta property=\"article:modified_time\" content=\"2020-07-31T11:26:40+00:00\" \/>\n<meta name=\"twitter:card\" content=\"summary_large_image\" \/>\n<meta name=\"twitter:label1\" content=\"Est. reading time\" \/>\n\t<meta name=\"twitter:data1\" content=\"1 minute\" \/>\n<script type=\"application\/ld+json\" class=\"yoast-schema-graph\">{\"@context\":\"https:\\\/\\\/schema.org\",\"@graph\":[{\"@type\":\"WebPage\",\"@id\":\"https:\\\/\\\/www.alausa.lt\\\/en\\\/gas-stations\\\/\",\"url\":\"https:\\\/\\\/www.alausa.lt\\\/en\\\/gas-stations\\\/\",\"name\":\"Gas stations - Alau\u0161a\",\"isPartOf\":{\"@id\":\"https:\\\/\\\/www.alausa.lt\\\/#website\"},\"datePublished\":\"2019-10-01T18:23:26+00:00\",\"dateModified\":\"2020-07-31T11:26:40+00:00\",\"inLanguage\":\"en-US\",\"potentialAction\":[{\"@type\":\"ReadAction\",\"target\":[\"https:\\\/\\\/www.alausa.lt\\\/en\\\/gas-stations\\\/\"]}]},{\"@type\":\"WebSite\",\"@id\":\"https:\\\/\\\/www.alausa.lt\\\/#website\",\"url\":\"https:\\\/\\\/www.alausa.lt\\\/\",\"name\":\"Alau\u0161a\",\"description\":\"Lietuvi\u0161kas degalini\u0173 tinklas\",\"potentialAction\":[{\"@type\":\"SearchAction\",\"target\":{\"@type\":\"EntryPoint\",\"urlTemplate\":\"https:\\\/\\\/www.alausa.lt\\\/?s={search_term_string}\"},\"query-input\":{\"@type\":\"PropertyValueSpecification\",\"valueRequired\":true,\"valueName\":\"search_term_string\"}}],\"inLanguage\":\"en-US\"}]}<\/script>\n<!-- \/ Yoast SEO plugin. -->","yoast_head_json":{"title":"Gas stations - Alau\u0161a","robots":{"index":"index","follow":"follow","max-snippet":"max-snippet:-1","max-image-preview":"max-image-preview:large","max-video-preview":"max-video-preview:-1"},"canonical":"https:\/\/www.alausa.lt\/en\/gas-stations\/","og_locale":"en_US","og_type":"article","og_title":"Gas stations - Alau\u0161a","og_description":"[vc_row][vc_column][vc_column_text] [\/vc_column_text][\/vc_column][\/vc_row][vc_row][vc_column][vc_column_text] NOTE:\u00a0At partner gas stations, the cards are activated according to a separate agreement. [\/vc_column_text][\/vc_column][\/vc_row][vc_row gap=&#8221;20&#8243;][vc_column][\/vc_column][\/vc_row]","og_url":"https:\/\/www.alausa.lt\/en\/gas-stations\/","og_site_name":"Alau\u0161a","article_modified_time":"2020-07-31T11:26:40+00:00","twitter_card":"summary_large_image","twitter_misc":{"Est. reading time":"1 minute"},"schema":{"@context":"https:\/\/schema.org","@graph":[{"@type":"WebPage","@id":"https:\/\/www.alausa.lt\/en\/gas-stations\/","url":"https:\/\/www.alausa.lt\/en\/gas-stations\/","name":"Gas stations - Alau\u0161a","isPartOf":{"@id":"https:\/\/www.alausa.lt\/#website"},"datePublished":"2019-10-01T18:23:26+00:00","dateModified":"2020-07-31T11:26:40+00:00","inLanguage":"en-US","potentialAction":[{"@type":"ReadAction","target":["https:\/\/www.alausa.lt\/en\/gas-stations\/"]}]},{"@type":"WebSite","@id":"https:\/\/www.alausa.lt\/#website","url":"https:\/\/www.alausa.lt\/","name":"Alau\u0161a","description":"Lietuvi\u0161kas degalini\u0173 tinklas","potentialAction":[{"@type":"SearchAction","target":{"@type":"EntryPoint","urlTemplate":"https:\/\/www.alausa.lt\/?s={search_term_string}"},"query-input":{"@type":"PropertyValueSpecification","valueRequired":true,"valueName":"search_term_string"}}],"inLanguage":"en-US"}]}},"_links":{"self":[{"href":"https:\/\/www.alausa.lt\/en\/wp-json\/wp\/v2\/pages\/611","targetHints":{"allow":["GET"]}}],"collection":[{"href":"https:\/\/www.alausa.lt\/en\/wp-json\/wp\/v2\/pages"}],"about":[{"href":"https:\/\/www.alausa.lt\/en\/wp-json\/wp\/v2\/types\/page"}],"author":[{"embeddable":true,"href":"https:\/\/www.alausa.lt\/en\/wp-json\/wp\/v2\/users\/1"}],"replies":[{"embeddable":true,"href":"https:\/\/www.alausa.lt\/en\/wp-json\/wp\/v2\/comments?post=611"}],"version-history":[{"count":6,"href":"https:\/\/www.alausa.lt\/en\/wp-json\/wp\/v2\/pages\/611\/revisions"}],"predecessor-version":[{"id":1083,"href":"https:\/\/www.alausa.lt\/en\/wp-json\/wp\/v2\/pages\/611\/revisions\/1083"}],"wp:attachment":[{"href":"https:\/\/www.alausa.lt\/en\/wp-json\/wp\/v2\/media?parent=611"}],"curies":[{"name":"wp","href":"https:\/\/api.w.org\/{rel}","templated":true}]}}