{"id":585,"date":"2019-10-01T20:40:39","date_gmt":"2019-10-01T17:40:39","guid":{"rendered":"http:\/\/alausa.lt\/pradzia\/"},"modified":"2026-01-15T14:36:59","modified_gmt":"2026-01-15T11:36:59","slug":"pradzia","status":"publish","type":"page","link":"https:\/\/www.alausa.lt\/en\/","title":{"rendered":"Prad\u017eia"},"content":{"rendered":"<div class=\"wpb-content-wrapper\"><p>[vc_row full_width=&#8221;stretch_row_content_no_spaces&#8221; css=&#8221;.vc_custom_1583146858130{margin-top: -70px !important;margin-bottom: 50px !important;}&#8221;][vc_column][\/vc_column][\/vc_row][vc_row full_width=&#8221;stretch_row&#8221; css=&#8221;.vc_custom_1575723583451{margin-top: -50px !important;margin-bottom: 0px !important;border-bottom-width: 50px !important;padding-top: 20px !important;background-color: #f7f7f7 !important;}&#8221;][vc_column][vc_custom_heading text=&#8221;About us&#8221; font_container=&#8221;tag:h2|text_align:center|color:%23121936&#8243; use_theme_fonts=&#8221;yes&#8221;][vc_row_inner css=&#8221;.vc_custom_1575722732663{margin-top: 50px !important;margin-bottom: 20px !important;}&#8221;][vc_column_inner width=&#8221;1\/3&#8243;][vc_single_image image=&#8221;554&#8243; img_size=&#8221;full&#8221; alignment=&#8221;center&#8221; onclick=&#8221;custom_link&#8221; image_hovers=&#8221;false&#8221; link=&#8221;https:\/\/www.alausa.lt\/en\/gas-stations\/&#8221;][vc_custom_heading text=&#8221;Gas station network&#8221; font_container=&#8221;tag:h3|text_align:center|color:%23121936&#8243; use_theme_fonts=&#8221;yes&#8221; link=&#8221;url:http%3A%2F%2Fwww.alausa.lt%2Fen%2Fgas-stations%2F|title:Degalin%C4%97s||&#8221;][vc_column_text css=&#8221;&#8221;]<\/p>\n<p style=\"text-align: center;\">100+ gas stations in various places of Lithuania<\/p>\n<p>[\/vc_column_text][\/vc_column_inner][vc_column_inner width=&#8221;1\/3&#8243;][vc_single_image image=&#8221;566&#8243; img_size=&#8221;full&#8221; alignment=&#8221;center&#8221; onclick=&#8221;custom_link&#8221; image_hovers=&#8221;false&#8221; link=&#8221;https:\/\/www.alausa.lt\/en\/wholesale-trade\/&#8221;][vc_custom_heading text=&#8221;Wholesale trade&#8221; font_container=&#8221;tag:h3|text_align:center|color:%23121936&#8243; use_theme_fonts=&#8221;yes&#8221; link=&#8221;url:http%3A%2F%2Fwww.alausa.lt%2Fen%2Fwholesale-trade%2F|title:Degalin%C4%97s||&#8221;][vc_column_text]<\/p>\n<p style=\"text-align: center;\">We carry out wholesale trade in petroleum products<\/p>\n<p>[\/vc_column_text][\/vc_column_inner][vc_column_inner width=&#8221;1\/3&#8243;][vc_single_image image=&#8221;580&#8243; img_size=&#8221;full&#8221; alignment=&#8221;center&#8221; onclick=&#8221;custom_link&#8221; image_hovers=&#8221;false&#8221; link=&#8221;https:\/\/www.alausa.lt\/en\/wholesale-trade\/&#8221;][vc_custom_heading text=&#8221;Transportation of petroleum products&#8221; font_container=&#8221;tag:h3|text_align:center|color:%23121936&#8243; use_theme_fonts=&#8221;yes&#8221; link=&#8221;url:http%3A%2F%2Fwww.alausa.lt%2Fen%2Fwholesale-trade%2F|title:Degalin%C4%97s||&#8221;][vc_column_text]<\/p>\n<p style=\"text-align: center;\">Transportation is carried out by special transport<\/p>\n<p>[\/vc_column_text][\/vc_column_inner][\/vc_row_inner][\/vc_column][\/vc_row][vc_row full_width=&#8221;stretch_row&#8221; content_placement=&#8221;middle&#8221; bg_type=&#8221;image&#8221; parallax_style=&#8221;vcpb-default&#8221; bg_image_new=&#8221;id^57|url^http:\/\/alausa.lt\/wp-content\/uploads\/2019\/10\/hero-new.jpg|caption^null|alt^null|title^hero-new|description^null&#8221; bg_image_repeat=&#8221;no-repeat&#8221; parallax_content=&#8221;parallax_content_value&#8221; enable_overlay=&#8221;enable_overlay_value&#8221; overlay_color=&#8221;rgba(18,25,54,0.82)&#8221; css=&#8221;.vc_custom_1575722692584{margin-top: 0px !important;padding-top: 140px !important;padding-bottom: 100px !important;}&#8221;][vc_column][vc_custom_heading text=&#8221;&#8220;Alau\u0161a&#8220; &#8211; experience since 1990!&#8221; font_container=&#8221;tag:h2|text_align:center|color:%23ffffff&#8221; use_theme_fonts=&#8221;yes&#8221;][vc_row_inner css=&#8221;.vc_custom_1571052028603{margin-top: 100px !important;}&#8221;][vc_column_inner width=&#8221;1\/3&#8243;][vc_custom_heading text=&#8221;35+&#8221; font_container=&#8221;tag:h2|font_size:52|text_align:center|color:%2384dade&#8221; use_theme_fonts=&#8221;yes&#8221; css=&#8221;&#8221;][vc_column_text el_class=&#8221;white&#8221;]<\/p>\n<p style=\"text-align: center;\">years of experience<\/p>\n<p>[\/vc_column_text][\/vc_column_inner][vc_column_inner width=&#8221;1\/3&#8243;][vc_custom_heading text=&#8221;160+&#8221; font_container=&#8221;tag:h2|font_size:52|text_align:center|color:%2384dade&#8221; use_theme_fonts=&#8221;yes&#8221;][vc_column_text el_class=&#8221;white&#8221;]<\/p>\n<p style=\"text-align: center;\">employees<\/p>\n<p>[\/vc_column_text][\/vc_column_inner][vc_column_inner width=&#8221;1\/3&#8243;][vc_custom_heading text=&#8221;100+&#8221; font_container=&#8221;tag:h2|font_size:52|text_align:center|color:%2384dade&#8221; use_theme_fonts=&#8221;yes&#8221; css=&#8221;&#8221;][vc_column_text el_class=&#8221;white&#8221;]<\/p>\n<p style=\"text-align: center;\">Lithuanian gas station network<\/p>\n<p>[\/vc_column_text][\/vc_column_inner][\/vc_row_inner][\/vc_column][\/vc_row][vc_row][vc_column][vc_custom_heading text=&#8221;In our gas stations you will find&#8221; font_container=&#8221;tag:h2|text_align:center|color:%23121936&#8243; use_theme_fonts=&#8221;yes&#8221;][vc_row_inner css=&#8221;.vc_custom_1571052897262{margin-top: 60px !important;}&#8221;][vc_column_inner width=&#8221;1\/3&#8243;][vc_single_image image=&#8221;508&#8243; img_size=&#8221;full&#8221; alignment=&#8221;center&#8221;][vc_custom_heading text=&#8221;Coffee&#8221; font_container=&#8221;tag:p|font_size:24|text_align:center|color:%23121936&#8243; use_theme_fonts=&#8221;yes&#8221;][\/vc_column_inner][vc_column_inner width=&#8221;1\/3&#8243;][vc_single_image image=&#8221;515&#8243; img_size=&#8221;full&#8221; alignment=&#8221;center&#8221;][vc_custom_heading text=&#8221;Hot snacks&#8221; font_container=&#8221;tag:p|font_size:24|text_align:center|color:%23121936&#8243; use_theme_fonts=&#8221;yes&#8221;][\/vc_column_inner][vc_column_inner width=&#8221;1\/3&#8243;][vc_single_image image=&#8221;518&#8243; img_size=&#8221;full&#8221; alignment=&#8221;center&#8221;][vc_custom_heading text=&#8221;A shop&#8221; font_container=&#8221;tag:p|font_size:24|text_align:center|color:%23121936&#8243; use_theme_fonts=&#8221;yes&#8221;][\/vc_column_inner][\/vc_row_inner][vc_row_inner css=&#8221;.vc_custom_1571052028603{margin-top: 100px !important;}&#8221;][vc_column_inner width=&#8221;1\/3&#8243;][vc_single_image image=&#8221;524&#8243; img_size=&#8221;full&#8221; alignment=&#8221;center&#8221;][vc_custom_heading text=&#8221;Wi-fi access&#8221; font_container=&#8221;tag:p|font_size:24|text_align:center|color:%23121936&#8243; use_theme_fonts=&#8221;yes&#8221;][\/vc_column_inner][vc_column_inner width=&#8221;1\/3&#8243;][vc_single_image image=&#8221;512&#8243; img_size=&#8221;full&#8221; alignment=&#8221;center&#8221;][vc_custom_heading text=&#8221;Car wash&#8221; font_container=&#8221;tag:p|font_size:24|text_align:center|color:%23121936&#8243; use_theme_fonts=&#8221;yes&#8221;][\/vc_column_inner][vc_column_inner width=&#8221;1\/3&#8243;][vc_single_image image=&#8221;528&#8243; img_size=&#8221;full&#8221; alignment=&#8221;center&#8221;][vc_custom_heading text=&#8221;WC&#8221; font_container=&#8221;tag:p|font_size:24|text_align:center|color:%23121936&#8243; use_theme_fonts=&#8221;yes&#8221;][\/vc_column_inner][\/vc_row_inner][\/vc_column][\/vc_row]<\/p>\n<\/div>","protected":false},"excerpt":{"rendered":"<p>[vc_row full_width=&#8221;stretch_row_content_no_spaces&#8221; css=&#8221;.vc_custom_1583146858130{margin-top: -70px !important;margin-bottom: 50px !important;}&#8221;][vc_column][\/vc_column][\/vc_row][vc_row full_width=&#8221;stretch_row&#8221; css=&#8221;.vc_custom_1575723583451{margin-top: -50px !important;margin-bottom: 0px !important;border-bottom-width: 50px !important;padding-top: 20px !important;background-color: #f7f7f7 !important;}&#8221;][vc_column][vc_custom_heading text=&#8221;About us&#8221; font_container=&#8221;tag:h2|text_align:center|color:%23121936&#8243; use_theme_fonts=&#8221;yes&#8221;][vc_row_inner css=&#8221;.vc_custom_1575722732663{margin-top: 50px !important;margin-bottom: 20px !important;}&#8221;][vc_column_inner width=&#8221;1\/3&#8243;][vc_single_image image=&#8221;554&#8243; img_size=&#8221;full&#8221; alignment=&#8221;center&#8221; onclick=&#8221;custom_link&#8221; image_hovers=&#8221;false&#8221; link=&#8221;https:\/\/www.alausa.lt\/en\/gas-stations\/&#8221;][vc_custom_heading text=&#8221;Gas station network&#8221; font_container=&#8221;tag:h3|text_align:center|color:%23121936&#8243; use_theme_fonts=&#8221;yes&#8221; link=&#8221;url:http%3A%2F%2Fwww.alausa.lt%2Fen%2Fgas-stations%2F|title:Degalin%C4%97s||&#8221;][vc_column_text css=&#8221;&#8221;] 100+ gas stations in various places of Lithuania [\/vc_column_text][\/vc_column_inner][vc_column_inner width=&#8221;1\/3&#8243;][vc_single_image image=&#8221;566&#8243; img_size=&#8221;full&#8221; alignment=&#8221;center&#8221;&hellip;<\/p>\n","protected":false},"author":1,"featured_media":58,"parent":0,"menu_order":38,"comment_status":"closed","ping_status":"closed","template":"","meta":{"footnotes":""},"class_list":["post-585","page","type-page","status-publish","has-post-thumbnail","hentry","description-off"],"yoast_head":"<!-- This site is optimized with the Yoast SEO plugin v27.3 - https:\/\/yoast.com\/product\/yoast-seo-wordpress\/ -->\n<title>Lietuvi\u0161kas degalini\u0173 tinklas \u201eAlau\u0161a\u201c<\/title>\n<meta name=\"description\" content=\"Daugiau nei 80 degalini\u0173 tinklas \u012fvairiose Lietuvos vietov\u0117se. Taip pat vykdome didmenin\u0119 prekyb\u0105 naftos produktais bei j\u0173 perve\u017eimus.\" \/>\n<meta name=\"robots\" content=\"index, follow, max-snippet:-1, max-image-preview:large, max-video-preview:-1\" \/>\n<link rel=\"canonical\" href=\"https:\/\/www.alausa.lt\/en\/\" \/>\n<meta property=\"og:locale\" content=\"en_US\" \/>\n<meta property=\"og:type\" content=\"article\" \/>\n<meta property=\"og:title\" content=\"Lietuvi\u0161kas degalini\u0173 tinklas \u201eAlau\u0161a\u201c\" \/>\n<meta property=\"og:description\" content=\"Daugiau nei 80 degalini\u0173 tinklas \u012fvairiose Lietuvos vietov\u0117se. Taip pat vykdome didmenin\u0119 prekyb\u0105 naftos produktais bei j\u0173 perve\u017eimus.\" \/>\n<meta property=\"og:url\" content=\"https:\/\/www.alausa.lt\/en\/\" \/>\n<meta property=\"og:site_name\" content=\"Alau\u0161a\" \/>\n<meta property=\"article:modified_time\" content=\"2026-01-15T11:36:59+00:00\" \/>\n<meta property=\"og:image\" content=\"https:\/\/www.alausa.lt\/wp-content\/uploads\/2019\/10\/hero-new.jpg\" \/>\n\t<meta property=\"og:image:width\" content=\"1920\" \/>\n\t<meta property=\"og:image:height\" content=\"1080\" \/>\n\t<meta property=\"og:image:type\" content=\"image\/jpeg\" \/>\n<meta name=\"twitter:card\" content=\"summary_large_image\" \/>\n<meta name=\"twitter:label1\" content=\"Est. reading time\" \/>\n\t<meta name=\"twitter:data1\" content=\"3 minutes\" \/>\n<script type=\"application\/ld+json\" class=\"yoast-schema-graph\">{\"@context\":\"https:\\\/\\\/schema.org\",\"@graph\":[{\"@type\":\"WebPage\",\"@id\":\"https:\\\/\\\/www.alausa.lt\\\/en\\\/\",\"url\":\"https:\\\/\\\/www.alausa.lt\\\/en\\\/\",\"name\":\"Lietuvi\u0161kas degalini\u0173 tinklas \u201eAlau\u0161a\u201c\",\"isPartOf\":{\"@id\":\"https:\\\/\\\/www.alausa.lt\\\/#website\"},\"primaryImageOfPage\":{\"@id\":\"https:\\\/\\\/www.alausa.lt\\\/en\\\/#primaryimage\"},\"image\":{\"@id\":\"https:\\\/\\\/www.alausa.lt\\\/en\\\/#primaryimage\"},\"thumbnailUrl\":\"https:\\\/\\\/www.alausa.lt\\\/wp-content\\\/uploads\\\/2019\\\/10\\\/hero-new.jpg\",\"datePublished\":\"2019-10-01T17:40:39+00:00\",\"dateModified\":\"2026-01-15T11:36:59+00:00\",\"description\":\"Daugiau nei 80 degalini\u0173 tinklas \u012fvairiose Lietuvos vietov\u0117se. Taip pat vykdome didmenin\u0119 prekyb\u0105 naftos produktais bei j\u0173 perve\u017eimus.\",\"inLanguage\":\"en-US\",\"potentialAction\":[{\"@type\":\"ReadAction\",\"target\":[\"https:\\\/\\\/www.alausa.lt\\\/en\\\/\"]}]},{\"@type\":\"ImageObject\",\"inLanguage\":\"en-US\",\"@id\":\"https:\\\/\\\/www.alausa.lt\\\/en\\\/#primaryimage\",\"url\":\"https:\\\/\\\/www.alausa.lt\\\/wp-content\\\/uploads\\\/2019\\\/10\\\/hero-new.jpg\",\"contentUrl\":\"https:\\\/\\\/www.alausa.lt\\\/wp-content\\\/uploads\\\/2019\\\/10\\\/hero-new.jpg\",\"width\":1920,\"height\":1080},{\"@type\":\"WebSite\",\"@id\":\"https:\\\/\\\/www.alausa.lt\\\/#website\",\"url\":\"https:\\\/\\\/www.alausa.lt\\\/\",\"name\":\"Alau\u0161a\",\"description\":\"Lietuvi\u0161kas degalini\u0173 tinklas\",\"potentialAction\":[{\"@type\":\"SearchAction\",\"target\":{\"@type\":\"EntryPoint\",\"urlTemplate\":\"https:\\\/\\\/www.alausa.lt\\\/?s={search_term_string}\"},\"query-input\":{\"@type\":\"PropertyValueSpecification\",\"valueRequired\":true,\"valueName\":\"search_term_string\"}}],\"inLanguage\":\"en-US\"}]}<\/script>\n<!-- \/ Yoast SEO plugin. -->","yoast_head_json":{"title":"Lietuvi\u0161kas degalini\u0173 tinklas \u201eAlau\u0161a\u201c","description":"Daugiau nei 80 degalini\u0173 tinklas \u012fvairiose Lietuvos vietov\u0117se. Taip pat vykdome didmenin\u0119 prekyb\u0105 naftos produktais bei j\u0173 perve\u017eimus.","robots":{"index":"index","follow":"follow","max-snippet":"max-snippet:-1","max-image-preview":"max-image-preview:large","max-video-preview":"max-video-preview:-1"},"canonical":"https:\/\/www.alausa.lt\/en\/","og_locale":"en_US","og_type":"article","og_title":"Lietuvi\u0161kas degalini\u0173 tinklas \u201eAlau\u0161a\u201c","og_description":"Daugiau nei 80 degalini\u0173 tinklas \u012fvairiose Lietuvos vietov\u0117se. Taip pat vykdome didmenin\u0119 prekyb\u0105 naftos produktais bei j\u0173 perve\u017eimus.","og_url":"https:\/\/www.alausa.lt\/en\/","og_site_name":"Alau\u0161a","article_modified_time":"2026-01-15T11:36:59+00:00","og_image":[{"width":1920,"height":1080,"url":"https:\/\/www.alausa.lt\/wp-content\/uploads\/2019\/10\/hero-new.jpg","type":"image\/jpeg"}],"twitter_card":"summary_large_image","twitter_misc":{"Est. reading time":"3 minutes"},"schema":{"@context":"https:\/\/schema.org","@graph":[{"@type":"WebPage","@id":"https:\/\/www.alausa.lt\/en\/","url":"https:\/\/www.alausa.lt\/en\/","name":"Lietuvi\u0161kas degalini\u0173 tinklas \u201eAlau\u0161a\u201c","isPartOf":{"@id":"https:\/\/www.alausa.lt\/#website"},"primaryImageOfPage":{"@id":"https:\/\/www.alausa.lt\/en\/#primaryimage"},"image":{"@id":"https:\/\/www.alausa.lt\/en\/#primaryimage"},"thumbnailUrl":"https:\/\/www.alausa.lt\/wp-content\/uploads\/2019\/10\/hero-new.jpg","datePublished":"2019-10-01T17:40:39+00:00","dateModified":"2026-01-15T11:36:59+00:00","description":"Daugiau nei 80 degalini\u0173 tinklas \u012fvairiose Lietuvos vietov\u0117se. Taip pat vykdome didmenin\u0119 prekyb\u0105 naftos produktais bei j\u0173 perve\u017eimus.","inLanguage":"en-US","potentialAction":[{"@type":"ReadAction","target":["https:\/\/www.alausa.lt\/en\/"]}]},{"@type":"ImageObject","inLanguage":"en-US","@id":"https:\/\/www.alausa.lt\/en\/#primaryimage","url":"https:\/\/www.alausa.lt\/wp-content\/uploads\/2019\/10\/hero-new.jpg","contentUrl":"https:\/\/www.alausa.lt\/wp-content\/uploads\/2019\/10\/hero-new.jpg","width":1920,"height":1080},{"@type":"WebSite","@id":"https:\/\/www.alausa.lt\/#website","url":"https:\/\/www.alausa.lt\/","name":"Alau\u0161a","description":"Lietuvi\u0161kas degalini\u0173 tinklas","potentialAction":[{"@type":"SearchAction","target":{"@type":"EntryPoint","urlTemplate":"https:\/\/www.alausa.lt\/?s={search_term_string}"},"query-input":{"@type":"PropertyValueSpecification","valueRequired":true,"valueName":"search_term_string"}}],"inLanguage":"en-US"}]}},"_links":{"self":[{"href":"https:\/\/www.alausa.lt\/en\/wp-json\/wp\/v2\/pages\/585","targetHints":{"allow":["GET"]}}],"collection":[{"href":"https:\/\/www.alausa.lt\/en\/wp-json\/wp\/v2\/pages"}],"about":[{"href":"https:\/\/www.alausa.lt\/en\/wp-json\/wp\/v2\/types\/page"}],"author":[{"embeddable":true,"href":"https:\/\/www.alausa.lt\/en\/wp-json\/wp\/v2\/users\/1"}],"replies":[{"embeddable":true,"href":"https:\/\/www.alausa.lt\/en\/wp-json\/wp\/v2\/comments?post=585"}],"version-history":[{"count":27,"href":"https:\/\/www.alausa.lt\/en\/wp-json\/wp\/v2\/pages\/585\/revisions"}],"predecessor-version":[{"id":2013,"href":"https:\/\/www.alausa.lt\/en\/wp-json\/wp\/v2\/pages\/585\/revisions\/2013"}],"wp:featuredmedia":[{"embeddable":true,"href":"https:\/\/www.alausa.lt\/en\/wp-json\/wp\/v2\/media\/58"}],"wp:attachment":[{"href":"https:\/\/www.alausa.lt\/en\/wp-json\/wp\/v2\/media?parent=585"}],"curies":[{"name":"wp","href":"https:\/\/api.w.org\/{rel}","templated":true}]}}